{"id":9605,"date":"2020-04-08T16:43:28","date_gmt":"2020-04-09T07:32:53","guid":{"rendered":"https:\/\/weekendsnacks.fi\/?post_type=product&#038;p=9605"},"modified":"2021-04-16T09:48:17","modified_gmt":"2021-04-16T06:48:17","slug":"ws-urvalslada-45g-x-15-st-2","status":"publish","type":"product","link":"https:\/\/weekendsnacks.fi\/sv\/tuote\/ws-urvalslada-45g-x-15-st-2","title":{"rendered":"WEEKEND SNACKS TASTING BOX XL [15 pack]"},"content":{"rendered":"<h4>Ingredienser och n\u00e4ringsinneh\u00e5ll<\/h4>\n<ul>\n<li><a href=\"https:\/\/weekendsnacks.fi\/sv\/weekend-mix\"><strong>Mer om Weekend Mix h\u00e4r \u00bb<\/strong><\/a><\/li>\n<li><a href=\"https:\/\/weekendsnacks.fi\/sv\/crisp-mix\"><strong>Mer om Lue Crisp Mix h\u00e4r \u00bb<\/strong><\/a><\/li>\n<li><strong><a href=\"https:\/\/weekendsnacks.fi\/sv\/sour-cream-onion\">Mer om Sour Cream &amp; Onion h\u00e4r \u00bb<\/a><\/strong><\/li>\n<li><a href=\"https:\/\/weekendsnacks.fi\/sv\/bbq-mix\"><strong>Mer om BBQ Mix h\u00e4r \u00bb<\/strong><\/a><\/li>\n<li><a href=\"https:\/\/weekendsnacks.fi\/sv\/chili-garlic\"><strong>Mer om Chili &amp; Garlic h\u00e4r \u00bb<\/strong><\/a><\/li>\n<li><a href=\"https:\/\/weekendsnacks.fi\/sv\/tuote\/pepper-retro-200g-12kpl\"><strong>Mer om Pepper Retro h\u00e4r \u00bb<\/strong><\/a><\/li>\n<li><a href=\"https:\/\/weekendsnacks.fi\/sv\/tuote\/herbs-cream-retro-200g-12kpl\"><strong>Mer om Herbs &amp; Cream h\u00e4r \u00bb<\/strong><\/a><\/li>\n<li><a href=\"https:\/\/weekendsnacks.fi\/sv\/hummus-snacks\"><strong>Mer om WS Hummus h\u00e4r \u00bb<\/strong><\/a><\/li>\n<li><a href=\"https:\/\/weekendsnacks.fi\/sv\/quinoa-snacks\"><strong>Mer om<\/strong><strong> WS Quinoa <\/strong><strong>h\u00e4r<\/strong><strong> \u00bb<\/strong><\/a><\/li>\n<li><strong><a href=\"https:\/\/weekendsnacks.fi\/sv\/linssi-snacks\">Mer om WS Lins h\u00e4r \u00bb<\/a><\/strong><\/li>\n<\/ul>\n","protected":false},"excerpt":{"rendered":"<p><strong>Samling av alla Weekend Snacks och WS produkter<\/strong><\/p>\n<p>Nu finns det tid f\u00f6r hygge. Under de kommande veckorna kan vi mysa ordentligt i v\u00e5r egen krets. Njut av en filmkv\u00e4ll eller varf\u00f6r bjuda in v\u00e4nnerna till snackstasting p\u00e5 Facetime? Du kan dessutom \u00f6verraska v\u00e4nnerna genom att best\u00e4lla en egen l\u00e5da \u00e5t dem som present.<\/p>\n<p>L\u00e5dan inneh\u00e5ller 9 p\u00e5sar Weekend Snacks och 6 p\u00e5sar WS snacks<\/p>\n<p>2 x 180G WEEKEND MIX<br \/>\n2 x 180G SOURCREAM&amp;ONION SNACKS<br \/>\n1 x 180G BBQ MIX<br \/>\n1 x 180G CRISP MIX<br \/>\n1 x 180G CHILI&amp;GARLIC SNACKS<br \/>\n1 x 200G PEPPER RETRO<br \/>\n1 x 200G HERBS &amp; CREAM RETRO<br \/>\n2 x 45 g WS HUMMUS SNACKS ZATAR<br \/>\n2 x 45 g WS QUINOA SNACKS CREAMY JALOPENO<br \/>\n2 x 45 g WS LINS SNACKS INGEF\u00c4RA<\/p>\n","protected":false},"featured_media":11837,"template":"","meta":[],"product_brand":[],"product_cat":[82],"product_tag":[],"class_list":{"0":"post-9605","1":"product","2":"type-product","3":"status-publish","4":"has-post-thumbnail","6":"product_cat-ws-sv","8":"first","9":"instock","10":"taxable","11":"shipping-taxable","12":"purchasable","13":"product-type-simple"},"group_of_quantity":0,"min_quantity":0,"max_quantity":"","exclude_order_quantity_value_rules":"no","exclude_category_quantity_rules":"no","combine_variations":"no","yoast_head":"<!-- This site is optimized with the Yoast SEO plugin v27.4 - https:\/\/yoast.com\/product\/yoast-seo-wordpress\/ -->\n<title>WEEKEND SNACKS TASTING BOX XL [15 pack] - Weekend Snacks<\/title>\n<meta name=\"robots\" content=\"index, follow, max-snippet:-1, max-image-preview:large, max-video-preview:-1\" \/>\n<link rel=\"canonical\" href=\"https:\/\/weekendsnacks.fi\/sv\/tuote\/ws-urvalslada-45g-x-15-st-2\" \/>\n<meta property=\"og:locale\" content=\"sv_SE\" \/>\n<meta property=\"og:type\" content=\"article\" \/>\n<meta property=\"og:title\" content=\"WEEKEND SNACKS TASTING BOX XL [15 pack] - Weekend Snacks\" \/>\n<meta property=\"og:description\" content=\"Samling av alla Weekend Snacks och WS produkter  Nu finns det tid f\u00f6r hygge. Under de kommande veckorna kan vi mysa ordentligt i v\u00e5r egen krets. Njut av en filmkv\u00e4ll eller varf\u00f6r bjuda in v\u00e4nnerna till snackstasting p\u00e5 Facetime? Du kan dessutom \u00f6verraska v\u00e4nnerna genom att best\u00e4lla en egen l\u00e5da \u00e5t dem som present.  L\u00e5dan inneh\u00e5ller 9 p\u00e5sar Weekend Snacks och 6 p\u00e5sar WS snacks  2 x 180G WEEKEND MIX 2 x 180G SOURCREAM&amp;ONION SNACKS 1 x 180G BBQ MIX 1 x 180G CRISP MIX 1 x 180G CHILI&amp;GARLIC SNACKS 1 x 200G PEPPER RETRO 1 x 200G HERBS &amp; CREAM RETRO 2 x 45 g WS HUMMUS SNACKS ZATAR 2 x 45 g WS QUINOA SNACKS CREAMY JALOPENO 2 x 45 g WS LINS SNACKS INGEF\u00c4RA\" \/>\n<meta property=\"og:url\" content=\"https:\/\/weekendsnacks.fi\/sv\/tuote\/ws-urvalslada-45g-x-15-st-2\" \/>\n<meta property=\"og:site_name\" content=\"Weekend Snacks\" \/>\n<meta property=\"article:publisher\" content=\"https:\/\/www.facebook.com\/weekendsnacksfinland\/?fref=ts\" \/>\n<meta property=\"article:modified_time\" content=\"2021-04-16T06:48:17+00:00\" \/>\n<meta property=\"og:image\" content=\"https:\/\/weekendsnacks.fi\/wp-content\/uploads\/2020\/04\/15-pack-laatikolla-2024-2.jpg\" \/>\n\t<meta property=\"og:image:width\" content=\"1200\" \/>\n\t<meta property=\"og:image:height\" content=\"1200\" \/>\n\t<meta property=\"og:image:type\" content=\"image\/jpeg\" \/>\n<meta name=\"twitter:card\" content=\"summary_large_image\" \/>\n<script type=\"application\/ld+json\" class=\"yoast-schema-graph\">{\"@context\":\"https:\\\/\\\/schema.org\",\"@graph\":[{\"@type\":\"WebPage\",\"@id\":\"https:\\\/\\\/weekendsnacks.fi\\\/sv\\\/tuote\\\/ws-urvalslada-45g-x-15-st-2\",\"url\":\"https:\\\/\\\/weekendsnacks.fi\\\/sv\\\/tuote\\\/ws-urvalslada-45g-x-15-st-2\",\"name\":\"WEEKEND SNACKS TASTING BOX XL [15 pack] - Weekend Snacks\",\"isPartOf\":{\"@id\":\"https:\\\/\\\/weekendsnacks.fi\\\/#website\"},\"primaryImageOfPage\":{\"@id\":\"https:\\\/\\\/weekendsnacks.fi\\\/sv\\\/tuote\\\/ws-urvalslada-45g-x-15-st-2#primaryimage\"},\"image\":{\"@id\":\"https:\\\/\\\/weekendsnacks.fi\\\/sv\\\/tuote\\\/ws-urvalslada-45g-x-15-st-2#primaryimage\"},\"thumbnailUrl\":\"https:\\\/\\\/weekendsnacks.fi\\\/wp-content\\\/uploads\\\/2020\\\/04\\\/15-pack-laatikolla-2024-2.jpg\",\"datePublished\":\"2020-04-09T07:32:53+00:00\",\"dateModified\":\"2021-04-16T06:48:17+00:00\",\"breadcrumb\":{\"@id\":\"https:\\\/\\\/weekendsnacks.fi\\\/sv\\\/tuote\\\/ws-urvalslada-45g-x-15-st-2#breadcrumb\"},\"inLanguage\":\"sv-SE\",\"potentialAction\":[{\"@type\":\"ReadAction\",\"target\":[\"https:\\\/\\\/weekendsnacks.fi\\\/sv\\\/tuote\\\/ws-urvalslada-45g-x-15-st-2\"]}]},{\"@type\":\"ImageObject\",\"inLanguage\":\"sv-SE\",\"@id\":\"https:\\\/\\\/weekendsnacks.fi\\\/sv\\\/tuote\\\/ws-urvalslada-45g-x-15-st-2#primaryimage\",\"url\":\"https:\\\/\\\/weekendsnacks.fi\\\/wp-content\\\/uploads\\\/2020\\\/04\\\/15-pack-laatikolla-2024-2.jpg\",\"contentUrl\":\"https:\\\/\\\/weekendsnacks.fi\\\/wp-content\\\/uploads\\\/2020\\\/04\\\/15-pack-laatikolla-2024-2.jpg\",\"width\":1200,\"height\":1200},{\"@type\":\"BreadcrumbList\",\"@id\":\"https:\\\/\\\/weekendsnacks.fi\\\/sv\\\/tuote\\\/ws-urvalslada-45g-x-15-st-2#breadcrumb\",\"itemListElement\":[{\"@type\":\"ListItem\",\"position\":1,\"name\":\"Home\",\"item\":\"https:\\\/\\\/weekendsnacks.fi\\\/sv\"},{\"@type\":\"ListItem\",\"position\":2,\"name\":\"Webbutik\",\"item\":\"https:\\\/\\\/weekendsnacks.fi\\\/sv\\\/webbutik\"},{\"@type\":\"ListItem\",\"position\":3,\"name\":\"WEEKEND SNACKS TASTING BOX XL [15 pack]\"}]},{\"@type\":\"WebSite\",\"@id\":\"https:\\\/\\\/weekendsnacks.fi\\\/#website\",\"url\":\"https:\\\/\\\/weekendsnacks.fi\\\/\",\"name\":\"Weekend Snacks\",\"description\":\"Suomalaiset sipsit ja snacksit\",\"publisher\":{\"@id\":\"https:\\\/\\\/weekendsnacks.fi\\\/#organization\"},\"potentialAction\":[{\"@type\":\"SearchAction\",\"target\":{\"@type\":\"EntryPoint\",\"urlTemplate\":\"https:\\\/\\\/weekendsnacks.fi\\\/?s={search_term_string}\"},\"query-input\":{\"@type\":\"PropertyValueSpecification\",\"valueRequired\":true,\"valueName\":\"search_term_string\"}}],\"inLanguage\":\"sv-SE\"},{\"@type\":\"Organization\",\"@id\":\"https:\\\/\\\/weekendsnacks.fi\\\/#organization\",\"name\":\"Weekend Snacks\",\"url\":\"https:\\\/\\\/weekendsnacks.fi\\\/\",\"logo\":{\"@type\":\"ImageObject\",\"inLanguage\":\"sv-SE\",\"@id\":\"https:\\\/\\\/weekendsnacks.fi\\\/#\\\/schema\\\/logo\\\/image\\\/\",\"url\":\"https:\\\/\\\/weekendsnacks.fi\\\/wp-content\\\/uploads\\\/2025\\\/02\\\/weekendsnacks-logo-black-800-new.png\",\"contentUrl\":\"https:\\\/\\\/weekendsnacks.fi\\\/wp-content\\\/uploads\\\/2025\\\/02\\\/weekendsnacks-logo-black-800-new.png\",\"width\":800,\"height\":541,\"caption\":\"Weekend Snacks\"},\"image\":{\"@id\":\"https:\\\/\\\/weekendsnacks.fi\\\/#\\\/schema\\\/logo\\\/image\\\/\"},\"sameAs\":[\"https:\\\/\\\/www.facebook.com\\\/weekendsnacksfinland\\\/?fref=ts\",\"https:\\\/\\\/www.instagram.com\\\/weekendsnacks20\\\/\"]}]}<\/script>\n<!-- \/ Yoast SEO plugin. -->","yoast_head_json":{"title":"WEEKEND SNACKS TASTING BOX XL [15 pack] - Weekend Snacks","robots":{"index":"index","follow":"follow","max-snippet":"max-snippet:-1","max-image-preview":"max-image-preview:large","max-video-preview":"max-video-preview:-1"},"canonical":"https:\/\/weekendsnacks.fi\/sv\/tuote\/ws-urvalslada-45g-x-15-st-2","og_locale":"sv_SE","og_type":"article","og_title":"WEEKEND SNACKS TASTING BOX XL [15 pack] - Weekend Snacks","og_description":"Samling av alla Weekend Snacks och WS produkter  Nu finns det tid f\u00f6r hygge. Under de kommande veckorna kan vi mysa ordentligt i v\u00e5r egen krets. Njut av en filmkv\u00e4ll eller varf\u00f6r bjuda in v\u00e4nnerna till snackstasting p\u00e5 Facetime? Du kan dessutom \u00f6verraska v\u00e4nnerna genom att best\u00e4lla en egen l\u00e5da \u00e5t dem som present.  L\u00e5dan inneh\u00e5ller 9 p\u00e5sar Weekend Snacks och 6 p\u00e5sar WS snacks  2 x 180G WEEKEND MIX 2 x 180G SOURCREAM&amp;ONION SNACKS 1 x 180G BBQ MIX 1 x 180G CRISP MIX 1 x 180G CHILI&amp;GARLIC SNACKS 1 x 200G PEPPER RETRO 1 x 200G HERBS &amp; CREAM RETRO 2 x 45 g WS HUMMUS SNACKS ZATAR 2 x 45 g WS QUINOA SNACKS CREAMY JALOPENO 2 x 45 g WS LINS SNACKS INGEF\u00c4RA","og_url":"https:\/\/weekendsnacks.fi\/sv\/tuote\/ws-urvalslada-45g-x-15-st-2","og_site_name":"Weekend Snacks","article_publisher":"https:\/\/www.facebook.com\/weekendsnacksfinland\/?fref=ts","article_modified_time":"2021-04-16T06:48:17+00:00","og_image":[{"width":1200,"height":1200,"url":"https:\/\/weekendsnacks.fi\/wp-content\/uploads\/2020\/04\/15-pack-laatikolla-2024-2.jpg","type":"image\/jpeg"}],"twitter_card":"summary_large_image","schema":{"@context":"https:\/\/schema.org","@graph":[{"@type":"WebPage","@id":"https:\/\/weekendsnacks.fi\/sv\/tuote\/ws-urvalslada-45g-x-15-st-2","url":"https:\/\/weekendsnacks.fi\/sv\/tuote\/ws-urvalslada-45g-x-15-st-2","name":"WEEKEND SNACKS TASTING BOX XL [15 pack] - Weekend Snacks","isPartOf":{"@id":"https:\/\/weekendsnacks.fi\/#website"},"primaryImageOfPage":{"@id":"https:\/\/weekendsnacks.fi\/sv\/tuote\/ws-urvalslada-45g-x-15-st-2#primaryimage"},"image":{"@id":"https:\/\/weekendsnacks.fi\/sv\/tuote\/ws-urvalslada-45g-x-15-st-2#primaryimage"},"thumbnailUrl":"https:\/\/weekendsnacks.fi\/wp-content\/uploads\/2020\/04\/15-pack-laatikolla-2024-2.jpg","datePublished":"2020-04-09T07:32:53+00:00","dateModified":"2021-04-16T06:48:17+00:00","breadcrumb":{"@id":"https:\/\/weekendsnacks.fi\/sv\/tuote\/ws-urvalslada-45g-x-15-st-2#breadcrumb"},"inLanguage":"sv-SE","potentialAction":[{"@type":"ReadAction","target":["https:\/\/weekendsnacks.fi\/sv\/tuote\/ws-urvalslada-45g-x-15-st-2"]}]},{"@type":"ImageObject","inLanguage":"sv-SE","@id":"https:\/\/weekendsnacks.fi\/sv\/tuote\/ws-urvalslada-45g-x-15-st-2#primaryimage","url":"https:\/\/weekendsnacks.fi\/wp-content\/uploads\/2020\/04\/15-pack-laatikolla-2024-2.jpg","contentUrl":"https:\/\/weekendsnacks.fi\/wp-content\/uploads\/2020\/04\/15-pack-laatikolla-2024-2.jpg","width":1200,"height":1200},{"@type":"BreadcrumbList","@id":"https:\/\/weekendsnacks.fi\/sv\/tuote\/ws-urvalslada-45g-x-15-st-2#breadcrumb","itemListElement":[{"@type":"ListItem","position":1,"name":"Home","item":"https:\/\/weekendsnacks.fi\/sv"},{"@type":"ListItem","position":2,"name":"Webbutik","item":"https:\/\/weekendsnacks.fi\/sv\/webbutik"},{"@type":"ListItem","position":3,"name":"WEEKEND SNACKS TASTING BOX XL [15 pack]"}]},{"@type":"WebSite","@id":"https:\/\/weekendsnacks.fi\/#website","url":"https:\/\/weekendsnacks.fi\/","name":"Weekend Snacks","description":"Suomalaiset sipsit ja snacksit","publisher":{"@id":"https:\/\/weekendsnacks.fi\/#organization"},"potentialAction":[{"@type":"SearchAction","target":{"@type":"EntryPoint","urlTemplate":"https:\/\/weekendsnacks.fi\/?s={search_term_string}"},"query-input":{"@type":"PropertyValueSpecification","valueRequired":true,"valueName":"search_term_string"}}],"inLanguage":"sv-SE"},{"@type":"Organization","@id":"https:\/\/weekendsnacks.fi\/#organization","name":"Weekend Snacks","url":"https:\/\/weekendsnacks.fi\/","logo":{"@type":"ImageObject","inLanguage":"sv-SE","@id":"https:\/\/weekendsnacks.fi\/#\/schema\/logo\/image\/","url":"https:\/\/weekendsnacks.fi\/wp-content\/uploads\/2025\/02\/weekendsnacks-logo-black-800-new.png","contentUrl":"https:\/\/weekendsnacks.fi\/wp-content\/uploads\/2025\/02\/weekendsnacks-logo-black-800-new.png","width":800,"height":541,"caption":"Weekend Snacks"},"image":{"@id":"https:\/\/weekendsnacks.fi\/#\/schema\/logo\/image\/"},"sameAs":["https:\/\/www.facebook.com\/weekendsnacksfinland\/?fref=ts","https:\/\/www.instagram.com\/weekendsnacks20\/"]}]}},"_links":{"self":[{"href":"https:\/\/weekendsnacks.fi\/sv\/wp-json\/wp\/v2\/product\/9605","targetHints":{"allow":["GET"]}}],"collection":[{"href":"https:\/\/weekendsnacks.fi\/sv\/wp-json\/wp\/v2\/product"}],"about":[{"href":"https:\/\/weekendsnacks.fi\/sv\/wp-json\/wp\/v2\/types\/product"}],"wp:featuredmedia":[{"embeddable":true,"href":"https:\/\/weekendsnacks.fi\/sv\/wp-json\/wp\/v2\/media\/11837"}],"wp:attachment":[{"href":"https:\/\/weekendsnacks.fi\/sv\/wp-json\/wp\/v2\/media?parent=9605"}],"wp:term":[{"taxonomy":"product_brand","embeddable":true,"href":"https:\/\/weekendsnacks.fi\/sv\/wp-json\/wp\/v2\/product_brand?post=9605"},{"taxonomy":"product_cat","embeddable":true,"href":"https:\/\/weekendsnacks.fi\/sv\/wp-json\/wp\/v2\/product_cat?post=9605"},{"taxonomy":"product_tag","embeddable":true,"href":"https:\/\/weekendsnacks.fi\/sv\/wp-json\/wp\/v2\/product_tag?post=9605"}],"curies":[{"name":"wp","href":"https:\/\/api.w.org\/{rel}","templated":true}]}}