{"id":9510,"date":"2020-02-21T17:12:39","date_gmt":"2020-02-21T15:12:39","guid":{"rendered":"https:\/\/weekendsnacks.fi\/tuote\/sourcream-onion-180g-12kpl"},"modified":"2020-03-23T15:45:26","modified_gmt":"2020-03-23T13:45:26","slug":"sour-cream-onion-180g-x-12-st","status":"publish","type":"product","link":"https:\/\/weekendsnacks.fi\/sv\/tuote\/sour-cream-onion-180g-x-12-st","title":{"rendered":"SOUR CREAM &#038; ONION 180g x 12 st"},"content":{"rendered":"<p><a href=\"https:\/\/weekendsnacks.fi\/sv\/sour-cream-onion\"><strong>Granska produktinneh\u00e5ll och n\u00e4ringsinneh\u00e5ll h\u00e4r \u00bb<\/strong><\/a><\/p>\n","protected":false},"excerpt":{"rendered":"<p><strong>Potatissnacks med gr\u00e4ddfils- och l\u00f6ksmak<\/strong><\/p>\n<p>V\u00e5r klassiker sedan 20 \u00e5r. En f\u00f6rf\u00f6riskt god och krispig potatissnacks med en f\u00f6rtr\u00e4fflig smak av gr\u00e4ddfil och l\u00f6k. Den passar s\u00e5v\u00e4l till festbordet som till att f\u00f6rgylla din vardag!<\/p>\n<p>Potatissnacks med gr\u00e4ddfils- och l\u00f6ksmak<br \/>\nTillverkad i rapsolja med naturliga aromer och f\u00e4rg\u00e4mnen, utan tillsats av natriumglutamat<br \/>\nGlutenfri, laktosfattig<br \/>\nF\u00f6rpackningsstorlek 180 g<\/p>\n","protected":false},"featured_media":11648,"template":"","meta":[],"product_brand":[],"product_cat":[83],"product_tag":[],"class_list":{"0":"post-9510","1":"product","2":"type-product","3":"status-publish","4":"has-post-thumbnail","6":"product_cat-weekend-snacks-sv","8":"first","9":"instock","10":"taxable","11":"shipping-taxable","12":"purchasable","13":"product-type-simple"},"group_of_quantity":0,"min_quantity":0,"max_quantity":"","exclude_order_quantity_value_rules":"no","exclude_category_quantity_rules":"no","combine_variations":"no","yoast_head":"<!-- This site is optimized with the Yoast SEO plugin v27.5 - https:\/\/yoast.com\/product\/yoast-seo-wordpress\/ -->\n<title>SOUR CREAM &amp; ONION 180g x 12 st - Weekend Snacks<\/title>\n<meta name=\"robots\" content=\"index, follow, max-snippet:-1, max-image-preview:large, max-video-preview:-1\" \/>\n<link rel=\"canonical\" href=\"https:\/\/weekendsnacks.fi\/sv\/tuote\/sour-cream-onion-180g-x-12-st\" \/>\n<meta property=\"og:locale\" content=\"sv_SE\" \/>\n<meta property=\"og:type\" content=\"article\" \/>\n<meta property=\"og:title\" content=\"SOUR CREAM &amp; ONION 180g x 12 st - Weekend Snacks\" \/>\n<meta property=\"og:description\" content=\"Potatissnacks med gr\u00e4ddfils- och l\u00f6ksmak  V\u00e5r klassiker sedan 20 \u00e5r. En f\u00f6rf\u00f6riskt god och krispig potatissnacks med en f\u00f6rtr\u00e4fflig smak av gr\u00e4ddfil och l\u00f6k. Den passar s\u00e5v\u00e4l till festbordet som till att f\u00f6rgylla din vardag!  Potatissnacks med gr\u00e4ddfils- och l\u00f6ksmak Tillverkad i rapsolja med naturliga aromer och f\u00e4rg\u00e4mnen, utan tillsats av natriumglutamat Glutenfri, laktosfattig F\u00f6rpackningsstorlek 180 g\" \/>\n<meta property=\"og:url\" content=\"https:\/\/weekendsnacks.fi\/sv\/tuote\/sour-cream-onion-180g-x-12-st\" \/>\n<meta property=\"og:site_name\" content=\"Weekend Snacks\" \/>\n<meta property=\"article:publisher\" content=\"https:\/\/www.facebook.com\/weekendsnacksfinland\/?fref=ts\" \/>\n<meta property=\"article:modified_time\" content=\"2020-03-23T13:45:26+00:00\" \/>\n<meta property=\"og:image\" content=\"https:\/\/weekendsnacks.fi\/wp-content\/uploads\/2020\/02\/sour-onion-uusi-1500.jpg\" \/>\n\t<meta property=\"og:image:width\" content=\"1500\" \/>\n\t<meta property=\"og:image:height\" content=\"1500\" \/>\n\t<meta property=\"og:image:type\" content=\"image\/jpeg\" \/>\n<meta name=\"twitter:card\" content=\"summary_large_image\" \/>\n<script type=\"application\/ld+json\" class=\"yoast-schema-graph\">{\"@context\":\"https:\\\/\\\/schema.org\",\"@graph\":[{\"@type\":\"WebPage\",\"@id\":\"https:\\\/\\\/weekendsnacks.fi\\\/sv\\\/tuote\\\/sour-cream-onion-180g-x-12-st\",\"url\":\"https:\\\/\\\/weekendsnacks.fi\\\/sv\\\/tuote\\\/sour-cream-onion-180g-x-12-st\",\"name\":\"SOUR CREAM & ONION 180g x 12 st - Weekend Snacks\",\"isPartOf\":{\"@id\":\"https:\\\/\\\/weekendsnacks.fi\\\/#website\"},\"primaryImageOfPage\":{\"@id\":\"https:\\\/\\\/weekendsnacks.fi\\\/sv\\\/tuote\\\/sour-cream-onion-180g-x-12-st#primaryimage\"},\"image\":{\"@id\":\"https:\\\/\\\/weekendsnacks.fi\\\/sv\\\/tuote\\\/sour-cream-onion-180g-x-12-st#primaryimage\"},\"thumbnailUrl\":\"https:\\\/\\\/weekendsnacks.fi\\\/wp-content\\\/uploads\\\/2020\\\/02\\\/sour-onion-uusi-1500.jpg\",\"datePublished\":\"2020-02-21T15:12:39+00:00\",\"dateModified\":\"2020-03-23T13:45:26+00:00\",\"breadcrumb\":{\"@id\":\"https:\\\/\\\/weekendsnacks.fi\\\/sv\\\/tuote\\\/sour-cream-onion-180g-x-12-st#breadcrumb\"},\"inLanguage\":\"sv-SE\",\"potentialAction\":[{\"@type\":\"ReadAction\",\"target\":[\"https:\\\/\\\/weekendsnacks.fi\\\/sv\\\/tuote\\\/sour-cream-onion-180g-x-12-st\"]}]},{\"@type\":\"ImageObject\",\"inLanguage\":\"sv-SE\",\"@id\":\"https:\\\/\\\/weekendsnacks.fi\\\/sv\\\/tuote\\\/sour-cream-onion-180g-x-12-st#primaryimage\",\"url\":\"https:\\\/\\\/weekendsnacks.fi\\\/wp-content\\\/uploads\\\/2020\\\/02\\\/sour-onion-uusi-1500.jpg\",\"contentUrl\":\"https:\\\/\\\/weekendsnacks.fi\\\/wp-content\\\/uploads\\\/2020\\\/02\\\/sour-onion-uusi-1500.jpg\",\"width\":1500,\"height\":1500},{\"@type\":\"BreadcrumbList\",\"@id\":\"https:\\\/\\\/weekendsnacks.fi\\\/sv\\\/tuote\\\/sour-cream-onion-180g-x-12-st#breadcrumb\",\"itemListElement\":[{\"@type\":\"ListItem\",\"position\":1,\"name\":\"Home\",\"item\":\"https:\\\/\\\/weekendsnacks.fi\\\/sv\"},{\"@type\":\"ListItem\",\"position\":2,\"name\":\"Webbutik\",\"item\":\"https:\\\/\\\/weekendsnacks.fi\\\/sv\\\/webbutik\"},{\"@type\":\"ListItem\",\"position\":3,\"name\":\"SOUR CREAM &#038; ONION 180g x 12 st\"}]},{\"@type\":\"WebSite\",\"@id\":\"https:\\\/\\\/weekendsnacks.fi\\\/#website\",\"url\":\"https:\\\/\\\/weekendsnacks.fi\\\/\",\"name\":\"Weekend Snacks\",\"description\":\"Suomalaiset sipsit ja snacksit\",\"publisher\":{\"@id\":\"https:\\\/\\\/weekendsnacks.fi\\\/#organization\"},\"potentialAction\":[{\"@type\":\"SearchAction\",\"target\":{\"@type\":\"EntryPoint\",\"urlTemplate\":\"https:\\\/\\\/weekendsnacks.fi\\\/?s={search_term_string}\"},\"query-input\":{\"@type\":\"PropertyValueSpecification\",\"valueRequired\":true,\"valueName\":\"search_term_string\"}}],\"inLanguage\":\"sv-SE\"},{\"@type\":\"Organization\",\"@id\":\"https:\\\/\\\/weekendsnacks.fi\\\/#organization\",\"name\":\"Weekend Snacks\",\"url\":\"https:\\\/\\\/weekendsnacks.fi\\\/\",\"logo\":{\"@type\":\"ImageObject\",\"inLanguage\":\"sv-SE\",\"@id\":\"https:\\\/\\\/weekendsnacks.fi\\\/#\\\/schema\\\/logo\\\/image\\\/\",\"url\":\"https:\\\/\\\/weekendsnacks.fi\\\/wp-content\\\/uploads\\\/2025\\\/02\\\/weekendsnacks-logo-black-800-new.png\",\"contentUrl\":\"https:\\\/\\\/weekendsnacks.fi\\\/wp-content\\\/uploads\\\/2025\\\/02\\\/weekendsnacks-logo-black-800-new.png\",\"width\":800,\"height\":541,\"caption\":\"Weekend Snacks\"},\"image\":{\"@id\":\"https:\\\/\\\/weekendsnacks.fi\\\/#\\\/schema\\\/logo\\\/image\\\/\"},\"sameAs\":[\"https:\\\/\\\/www.facebook.com\\\/weekendsnacksfinland\\\/?fref=ts\",\"https:\\\/\\\/www.instagram.com\\\/weekendsnacks20\\\/\"]}]}<\/script>\n<!-- \/ Yoast SEO plugin. -->","yoast_head_json":{"title":"SOUR CREAM & ONION 180g x 12 st - Weekend Snacks","robots":{"index":"index","follow":"follow","max-snippet":"max-snippet:-1","max-image-preview":"max-image-preview:large","max-video-preview":"max-video-preview:-1"},"canonical":"https:\/\/weekendsnacks.fi\/sv\/tuote\/sour-cream-onion-180g-x-12-st","og_locale":"sv_SE","og_type":"article","og_title":"SOUR CREAM & ONION 180g x 12 st - Weekend Snacks","og_description":"Potatissnacks med gr\u00e4ddfils- och l\u00f6ksmak  V\u00e5r klassiker sedan 20 \u00e5r. En f\u00f6rf\u00f6riskt god och krispig potatissnacks med en f\u00f6rtr\u00e4fflig smak av gr\u00e4ddfil och l\u00f6k. Den passar s\u00e5v\u00e4l till festbordet som till att f\u00f6rgylla din vardag!  Potatissnacks med gr\u00e4ddfils- och l\u00f6ksmak Tillverkad i rapsolja med naturliga aromer och f\u00e4rg\u00e4mnen, utan tillsats av natriumglutamat Glutenfri, laktosfattig F\u00f6rpackningsstorlek 180 g","og_url":"https:\/\/weekendsnacks.fi\/sv\/tuote\/sour-cream-onion-180g-x-12-st","og_site_name":"Weekend Snacks","article_publisher":"https:\/\/www.facebook.com\/weekendsnacksfinland\/?fref=ts","article_modified_time":"2020-03-23T13:45:26+00:00","og_image":[{"width":1500,"height":1500,"url":"https:\/\/weekendsnacks.fi\/wp-content\/uploads\/2020\/02\/sour-onion-uusi-1500.jpg","type":"image\/jpeg"}],"twitter_card":"summary_large_image","schema":{"@context":"https:\/\/schema.org","@graph":[{"@type":"WebPage","@id":"https:\/\/weekendsnacks.fi\/sv\/tuote\/sour-cream-onion-180g-x-12-st","url":"https:\/\/weekendsnacks.fi\/sv\/tuote\/sour-cream-onion-180g-x-12-st","name":"SOUR CREAM & ONION 180g x 12 st - Weekend Snacks","isPartOf":{"@id":"https:\/\/weekendsnacks.fi\/#website"},"primaryImageOfPage":{"@id":"https:\/\/weekendsnacks.fi\/sv\/tuote\/sour-cream-onion-180g-x-12-st#primaryimage"},"image":{"@id":"https:\/\/weekendsnacks.fi\/sv\/tuote\/sour-cream-onion-180g-x-12-st#primaryimage"},"thumbnailUrl":"https:\/\/weekendsnacks.fi\/wp-content\/uploads\/2020\/02\/sour-onion-uusi-1500.jpg","datePublished":"2020-02-21T15:12:39+00:00","dateModified":"2020-03-23T13:45:26+00:00","breadcrumb":{"@id":"https:\/\/weekendsnacks.fi\/sv\/tuote\/sour-cream-onion-180g-x-12-st#breadcrumb"},"inLanguage":"sv-SE","potentialAction":[{"@type":"ReadAction","target":["https:\/\/weekendsnacks.fi\/sv\/tuote\/sour-cream-onion-180g-x-12-st"]}]},{"@type":"ImageObject","inLanguage":"sv-SE","@id":"https:\/\/weekendsnacks.fi\/sv\/tuote\/sour-cream-onion-180g-x-12-st#primaryimage","url":"https:\/\/weekendsnacks.fi\/wp-content\/uploads\/2020\/02\/sour-onion-uusi-1500.jpg","contentUrl":"https:\/\/weekendsnacks.fi\/wp-content\/uploads\/2020\/02\/sour-onion-uusi-1500.jpg","width":1500,"height":1500},{"@type":"BreadcrumbList","@id":"https:\/\/weekendsnacks.fi\/sv\/tuote\/sour-cream-onion-180g-x-12-st#breadcrumb","itemListElement":[{"@type":"ListItem","position":1,"name":"Home","item":"https:\/\/weekendsnacks.fi\/sv"},{"@type":"ListItem","position":2,"name":"Webbutik","item":"https:\/\/weekendsnacks.fi\/sv\/webbutik"},{"@type":"ListItem","position":3,"name":"SOUR CREAM &#038; ONION 180g x 12 st"}]},{"@type":"WebSite","@id":"https:\/\/weekendsnacks.fi\/#website","url":"https:\/\/weekendsnacks.fi\/","name":"Weekend Snacks","description":"Suomalaiset sipsit ja snacksit","publisher":{"@id":"https:\/\/weekendsnacks.fi\/#organization"},"potentialAction":[{"@type":"SearchAction","target":{"@type":"EntryPoint","urlTemplate":"https:\/\/weekendsnacks.fi\/?s={search_term_string}"},"query-input":{"@type":"PropertyValueSpecification","valueRequired":true,"valueName":"search_term_string"}}],"inLanguage":"sv-SE"},{"@type":"Organization","@id":"https:\/\/weekendsnacks.fi\/#organization","name":"Weekend Snacks","url":"https:\/\/weekendsnacks.fi\/","logo":{"@type":"ImageObject","inLanguage":"sv-SE","@id":"https:\/\/weekendsnacks.fi\/#\/schema\/logo\/image\/","url":"https:\/\/weekendsnacks.fi\/wp-content\/uploads\/2025\/02\/weekendsnacks-logo-black-800-new.png","contentUrl":"https:\/\/weekendsnacks.fi\/wp-content\/uploads\/2025\/02\/weekendsnacks-logo-black-800-new.png","width":800,"height":541,"caption":"Weekend Snacks"},"image":{"@id":"https:\/\/weekendsnacks.fi\/#\/schema\/logo\/image\/"},"sameAs":["https:\/\/www.facebook.com\/weekendsnacksfinland\/?fref=ts","https:\/\/www.instagram.com\/weekendsnacks20\/"]}]}},"_links":{"self":[{"href":"https:\/\/weekendsnacks.fi\/sv\/wp-json\/wp\/v2\/product\/9510","targetHints":{"allow":["GET"]}}],"collection":[{"href":"https:\/\/weekendsnacks.fi\/sv\/wp-json\/wp\/v2\/product"}],"about":[{"href":"https:\/\/weekendsnacks.fi\/sv\/wp-json\/wp\/v2\/types\/product"}],"wp:featuredmedia":[{"embeddable":true,"href":"https:\/\/weekendsnacks.fi\/sv\/wp-json\/wp\/v2\/media\/11648"}],"wp:attachment":[{"href":"https:\/\/weekendsnacks.fi\/sv\/wp-json\/wp\/v2\/media?parent=9510"}],"wp:term":[{"taxonomy":"product_brand","embeddable":true,"href":"https:\/\/weekendsnacks.fi\/sv\/wp-json\/wp\/v2\/product_brand?post=9510"},{"taxonomy":"product_cat","embeddable":true,"href":"https:\/\/weekendsnacks.fi\/sv\/wp-json\/wp\/v2\/product_cat?post=9510"},{"taxonomy":"product_tag","embeddable":true,"href":"https:\/\/weekendsnacks.fi\/sv\/wp-json\/wp\/v2\/product_tag?post=9510"}],"curies":[{"name":"wp","href":"https:\/\/api.w.org\/{rel}","templated":true}]}}