{"id":9508,"date":"2020-02-24T16:30:59","date_gmt":"2020-02-24T14:30:59","guid":{"rendered":"https:\/\/weekendsnacks.fi\/tuote\/ws-quinoa-snacks-creamy-jalopeno-45g-15kpl"},"modified":"2020-10-20T12:57:33","modified_gmt":"2020-10-20T09:57:33","slug":"ws-quinoa-snacks-creamy-jalopeno-45g-x-15-st","status":"publish","type":"product","link":"https:\/\/weekendsnacks.fi\/sv\/tuote\/ws-quinoa-snacks-creamy-jalopeno-45g-x-15-st","title":{"rendered":"WS QUINOA SNACKS CREAMY JALOPENO 45g x 15 st"},"content":{"rendered":"<p><a href=\"https:\/\/weekendsnacks.fi\/sv\/quinoa-snacks\"><strong>Granska produktinneh\u00e5ll och n\u00e4ringsinneh\u00e5ll h\u00e4r \u00bb<\/strong><\/a><\/p>\n","protected":false},"excerpt":{"rendered":"<p><strong>H\u00e4rligt goda Quinoasnacks!<\/strong><\/p>\n<p>V\u00e5ra v\u00e4lsmakande och krispiga WS Quinoasnacks tillverkas av v\u00e5rt familjef\u00f6retag i Kask\u00f6. De \u00e4r veganska och glutenfria, och inneh\u00e5ller betydligt mindre fett \u00e4n traditionella chips. Njut av dem till fest eller som ett stadigt mellanm\u00e5l.<\/p>\n<p>Quinoasnacks med smak av jalapeno och gr\u00e4dde<br \/>\nGlutenfri<br \/>\nLaktosfri<br \/>\nVegansk<br \/>\nF\u00f6rpackningsstorlek 15 x 45 g<\/p>\n","protected":false},"featured_media":11983,"template":"","meta":[],"product_brand":[],"product_cat":[82],"product_tag":[],"class_list":{"0":"post-9508","1":"product","2":"type-product","3":"status-publish","4":"has-post-thumbnail","6":"product_cat-ws-sv","8":"first","9":"instock","10":"taxable","11":"shipping-taxable","12":"purchasable","13":"product-type-simple"},"group_of_quantity":0,"min_quantity":0,"max_quantity":"","exclude_order_quantity_value_rules":"no","exclude_category_quantity_rules":"no","combine_variations":"no","yoast_head":"<!-- This site is optimized with the Yoast SEO plugin v27.4 - https:\/\/yoast.com\/product\/yoast-seo-wordpress\/ -->\n<title>WS QUINOA SNACKS CREAMY JALOPENO 45g x 15 st - Weekend Snacks<\/title>\n<meta name=\"robots\" content=\"index, follow, max-snippet:-1, max-image-preview:large, max-video-preview:-1\" \/>\n<link rel=\"canonical\" href=\"https:\/\/weekendsnacks.fi\/sv\/tuote\/ws-quinoa-snacks-creamy-jalopeno-45g-x-15-st\" \/>\n<meta property=\"og:locale\" content=\"sv_SE\" \/>\n<meta property=\"og:type\" content=\"article\" \/>\n<meta property=\"og:title\" content=\"WS QUINOA SNACKS CREAMY JALOPENO 45g x 15 st - Weekend Snacks\" \/>\n<meta property=\"og:description\" content=\"H\u00e4rligt goda Quinoasnacks!  V\u00e5ra v\u00e4lsmakande och krispiga WS Quinoasnacks tillverkas av v\u00e5rt familjef\u00f6retag i Kask\u00f6. De \u00e4r veganska och glutenfria, och inneh\u00e5ller betydligt mindre fett \u00e4n traditionella chips. Njut av dem till fest eller som ett stadigt mellanm\u00e5l.  Quinoasnacks med smak av jalapeno och gr\u00e4dde Glutenfri Laktosfri Vegansk F\u00f6rpackningsstorlek 15 x 45 g\" \/>\n<meta property=\"og:url\" content=\"https:\/\/weekendsnacks.fi\/sv\/tuote\/ws-quinoa-snacks-creamy-jalopeno-45g-x-15-st\" \/>\n<meta property=\"og:site_name\" content=\"Weekend Snacks\" \/>\n<meta property=\"article:publisher\" content=\"https:\/\/www.facebook.com\/weekendsnacksfinland\/?fref=ts\" \/>\n<meta property=\"article:modified_time\" content=\"2020-10-20T09:57:33+00:00\" \/>\n<meta property=\"og:image\" content=\"https:\/\/weekendsnacks.fi\/wp-content\/uploads\/2020\/02\/vk-quinoa-45g-15-pack.png\" \/>\n\t<meta property=\"og:image:width\" content=\"1500\" \/>\n\t<meta property=\"og:image:height\" content=\"1500\" \/>\n\t<meta property=\"og:image:type\" content=\"image\/png\" \/>\n<meta name=\"twitter:card\" content=\"summary_large_image\" \/>\n<script type=\"application\/ld+json\" class=\"yoast-schema-graph\">{\"@context\":\"https:\\\/\\\/schema.org\",\"@graph\":[{\"@type\":\"WebPage\",\"@id\":\"https:\\\/\\\/weekendsnacks.fi\\\/sv\\\/tuote\\\/ws-quinoa-snacks-creamy-jalopeno-45g-x-15-st\",\"url\":\"https:\\\/\\\/weekendsnacks.fi\\\/sv\\\/tuote\\\/ws-quinoa-snacks-creamy-jalopeno-45g-x-15-st\",\"name\":\"WS QUINOA SNACKS CREAMY JALOPENO 45g x 15 st - Weekend Snacks\",\"isPartOf\":{\"@id\":\"https:\\\/\\\/weekendsnacks.fi\\\/#website\"},\"primaryImageOfPage\":{\"@id\":\"https:\\\/\\\/weekendsnacks.fi\\\/sv\\\/tuote\\\/ws-quinoa-snacks-creamy-jalopeno-45g-x-15-st#primaryimage\"},\"image\":{\"@id\":\"https:\\\/\\\/weekendsnacks.fi\\\/sv\\\/tuote\\\/ws-quinoa-snacks-creamy-jalopeno-45g-x-15-st#primaryimage\"},\"thumbnailUrl\":\"https:\\\/\\\/weekendsnacks.fi\\\/wp-content\\\/uploads\\\/2020\\\/02\\\/vk-quinoa-45g-15-pack.png\",\"datePublished\":\"2020-02-24T14:30:59+00:00\",\"dateModified\":\"2020-10-20T09:57:33+00:00\",\"breadcrumb\":{\"@id\":\"https:\\\/\\\/weekendsnacks.fi\\\/sv\\\/tuote\\\/ws-quinoa-snacks-creamy-jalopeno-45g-x-15-st#breadcrumb\"},\"inLanguage\":\"sv-SE\",\"potentialAction\":[{\"@type\":\"ReadAction\",\"target\":[\"https:\\\/\\\/weekendsnacks.fi\\\/sv\\\/tuote\\\/ws-quinoa-snacks-creamy-jalopeno-45g-x-15-st\"]}]},{\"@type\":\"ImageObject\",\"inLanguage\":\"sv-SE\",\"@id\":\"https:\\\/\\\/weekendsnacks.fi\\\/sv\\\/tuote\\\/ws-quinoa-snacks-creamy-jalopeno-45g-x-15-st#primaryimage\",\"url\":\"https:\\\/\\\/weekendsnacks.fi\\\/wp-content\\\/uploads\\\/2020\\\/02\\\/vk-quinoa-45g-15-pack.png\",\"contentUrl\":\"https:\\\/\\\/weekendsnacks.fi\\\/wp-content\\\/uploads\\\/2020\\\/02\\\/vk-quinoa-45g-15-pack.png\",\"width\":1500,\"height\":1500},{\"@type\":\"BreadcrumbList\",\"@id\":\"https:\\\/\\\/weekendsnacks.fi\\\/sv\\\/tuote\\\/ws-quinoa-snacks-creamy-jalopeno-45g-x-15-st#breadcrumb\",\"itemListElement\":[{\"@type\":\"ListItem\",\"position\":1,\"name\":\"Home\",\"item\":\"https:\\\/\\\/weekendsnacks.fi\\\/sv\"},{\"@type\":\"ListItem\",\"position\":2,\"name\":\"Webbutik\",\"item\":\"https:\\\/\\\/weekendsnacks.fi\\\/sv\\\/webbutik\"},{\"@type\":\"ListItem\",\"position\":3,\"name\":\"WS QUINOA SNACKS CREAMY JALOPENO 45g x 15 st\"}]},{\"@type\":\"WebSite\",\"@id\":\"https:\\\/\\\/weekendsnacks.fi\\\/#website\",\"url\":\"https:\\\/\\\/weekendsnacks.fi\\\/\",\"name\":\"Weekend Snacks\",\"description\":\"Suomalaiset sipsit ja snacksit\",\"publisher\":{\"@id\":\"https:\\\/\\\/weekendsnacks.fi\\\/#organization\"},\"potentialAction\":[{\"@type\":\"SearchAction\",\"target\":{\"@type\":\"EntryPoint\",\"urlTemplate\":\"https:\\\/\\\/weekendsnacks.fi\\\/?s={search_term_string}\"},\"query-input\":{\"@type\":\"PropertyValueSpecification\",\"valueRequired\":true,\"valueName\":\"search_term_string\"}}],\"inLanguage\":\"sv-SE\"},{\"@type\":\"Organization\",\"@id\":\"https:\\\/\\\/weekendsnacks.fi\\\/#organization\",\"name\":\"Weekend Snacks\",\"url\":\"https:\\\/\\\/weekendsnacks.fi\\\/\",\"logo\":{\"@type\":\"ImageObject\",\"inLanguage\":\"sv-SE\",\"@id\":\"https:\\\/\\\/weekendsnacks.fi\\\/#\\\/schema\\\/logo\\\/image\\\/\",\"url\":\"https:\\\/\\\/weekendsnacks.fi\\\/wp-content\\\/uploads\\\/2025\\\/02\\\/weekendsnacks-logo-black-800-new.png\",\"contentUrl\":\"https:\\\/\\\/weekendsnacks.fi\\\/wp-content\\\/uploads\\\/2025\\\/02\\\/weekendsnacks-logo-black-800-new.png\",\"width\":800,\"height\":541,\"caption\":\"Weekend Snacks\"},\"image\":{\"@id\":\"https:\\\/\\\/weekendsnacks.fi\\\/#\\\/schema\\\/logo\\\/image\\\/\"},\"sameAs\":[\"https:\\\/\\\/www.facebook.com\\\/weekendsnacksfinland\\\/?fref=ts\",\"https:\\\/\\\/www.instagram.com\\\/weekendsnacks20\\\/\"]}]}<\/script>\n<!-- \/ Yoast SEO plugin. -->","yoast_head_json":{"title":"WS QUINOA SNACKS CREAMY JALOPENO 45g x 15 st - Weekend Snacks","robots":{"index":"index","follow":"follow","max-snippet":"max-snippet:-1","max-image-preview":"max-image-preview:large","max-video-preview":"max-video-preview:-1"},"canonical":"https:\/\/weekendsnacks.fi\/sv\/tuote\/ws-quinoa-snacks-creamy-jalopeno-45g-x-15-st","og_locale":"sv_SE","og_type":"article","og_title":"WS QUINOA SNACKS CREAMY JALOPENO 45g x 15 st - Weekend Snacks","og_description":"H\u00e4rligt goda Quinoasnacks!  V\u00e5ra v\u00e4lsmakande och krispiga WS Quinoasnacks tillverkas av v\u00e5rt familjef\u00f6retag i Kask\u00f6. De \u00e4r veganska och glutenfria, och inneh\u00e5ller betydligt mindre fett \u00e4n traditionella chips. Njut av dem till fest eller som ett stadigt mellanm\u00e5l.  Quinoasnacks med smak av jalapeno och gr\u00e4dde Glutenfri Laktosfri Vegansk F\u00f6rpackningsstorlek 15 x 45 g","og_url":"https:\/\/weekendsnacks.fi\/sv\/tuote\/ws-quinoa-snacks-creamy-jalopeno-45g-x-15-st","og_site_name":"Weekend Snacks","article_publisher":"https:\/\/www.facebook.com\/weekendsnacksfinland\/?fref=ts","article_modified_time":"2020-10-20T09:57:33+00:00","og_image":[{"width":1500,"height":1500,"url":"https:\/\/weekendsnacks.fi\/wp-content\/uploads\/2020\/02\/vk-quinoa-45g-15-pack.png","type":"image\/png"}],"twitter_card":"summary_large_image","schema":{"@context":"https:\/\/schema.org","@graph":[{"@type":"WebPage","@id":"https:\/\/weekendsnacks.fi\/sv\/tuote\/ws-quinoa-snacks-creamy-jalopeno-45g-x-15-st","url":"https:\/\/weekendsnacks.fi\/sv\/tuote\/ws-quinoa-snacks-creamy-jalopeno-45g-x-15-st","name":"WS QUINOA SNACKS CREAMY JALOPENO 45g x 15 st - Weekend Snacks","isPartOf":{"@id":"https:\/\/weekendsnacks.fi\/#website"},"primaryImageOfPage":{"@id":"https:\/\/weekendsnacks.fi\/sv\/tuote\/ws-quinoa-snacks-creamy-jalopeno-45g-x-15-st#primaryimage"},"image":{"@id":"https:\/\/weekendsnacks.fi\/sv\/tuote\/ws-quinoa-snacks-creamy-jalopeno-45g-x-15-st#primaryimage"},"thumbnailUrl":"https:\/\/weekendsnacks.fi\/wp-content\/uploads\/2020\/02\/vk-quinoa-45g-15-pack.png","datePublished":"2020-02-24T14:30:59+00:00","dateModified":"2020-10-20T09:57:33+00:00","breadcrumb":{"@id":"https:\/\/weekendsnacks.fi\/sv\/tuote\/ws-quinoa-snacks-creamy-jalopeno-45g-x-15-st#breadcrumb"},"inLanguage":"sv-SE","potentialAction":[{"@type":"ReadAction","target":["https:\/\/weekendsnacks.fi\/sv\/tuote\/ws-quinoa-snacks-creamy-jalopeno-45g-x-15-st"]}]},{"@type":"ImageObject","inLanguage":"sv-SE","@id":"https:\/\/weekendsnacks.fi\/sv\/tuote\/ws-quinoa-snacks-creamy-jalopeno-45g-x-15-st#primaryimage","url":"https:\/\/weekendsnacks.fi\/wp-content\/uploads\/2020\/02\/vk-quinoa-45g-15-pack.png","contentUrl":"https:\/\/weekendsnacks.fi\/wp-content\/uploads\/2020\/02\/vk-quinoa-45g-15-pack.png","width":1500,"height":1500},{"@type":"BreadcrumbList","@id":"https:\/\/weekendsnacks.fi\/sv\/tuote\/ws-quinoa-snacks-creamy-jalopeno-45g-x-15-st#breadcrumb","itemListElement":[{"@type":"ListItem","position":1,"name":"Home","item":"https:\/\/weekendsnacks.fi\/sv"},{"@type":"ListItem","position":2,"name":"Webbutik","item":"https:\/\/weekendsnacks.fi\/sv\/webbutik"},{"@type":"ListItem","position":3,"name":"WS QUINOA SNACKS CREAMY JALOPENO 45g x 15 st"}]},{"@type":"WebSite","@id":"https:\/\/weekendsnacks.fi\/#website","url":"https:\/\/weekendsnacks.fi\/","name":"Weekend Snacks","description":"Suomalaiset sipsit ja snacksit","publisher":{"@id":"https:\/\/weekendsnacks.fi\/#organization"},"potentialAction":[{"@type":"SearchAction","target":{"@type":"EntryPoint","urlTemplate":"https:\/\/weekendsnacks.fi\/?s={search_term_string}"},"query-input":{"@type":"PropertyValueSpecification","valueRequired":true,"valueName":"search_term_string"}}],"inLanguage":"sv-SE"},{"@type":"Organization","@id":"https:\/\/weekendsnacks.fi\/#organization","name":"Weekend Snacks","url":"https:\/\/weekendsnacks.fi\/","logo":{"@type":"ImageObject","inLanguage":"sv-SE","@id":"https:\/\/weekendsnacks.fi\/#\/schema\/logo\/image\/","url":"https:\/\/weekendsnacks.fi\/wp-content\/uploads\/2025\/02\/weekendsnacks-logo-black-800-new.png","contentUrl":"https:\/\/weekendsnacks.fi\/wp-content\/uploads\/2025\/02\/weekendsnacks-logo-black-800-new.png","width":800,"height":541,"caption":"Weekend Snacks"},"image":{"@id":"https:\/\/weekendsnacks.fi\/#\/schema\/logo\/image\/"},"sameAs":["https:\/\/www.facebook.com\/weekendsnacksfinland\/?fref=ts","https:\/\/www.instagram.com\/weekendsnacks20\/"]}]}},"_links":{"self":[{"href":"https:\/\/weekendsnacks.fi\/sv\/wp-json\/wp\/v2\/product\/9508","targetHints":{"allow":["GET"]}}],"collection":[{"href":"https:\/\/weekendsnacks.fi\/sv\/wp-json\/wp\/v2\/product"}],"about":[{"href":"https:\/\/weekendsnacks.fi\/sv\/wp-json\/wp\/v2\/types\/product"}],"wp:featuredmedia":[{"embeddable":true,"href":"https:\/\/weekendsnacks.fi\/sv\/wp-json\/wp\/v2\/media\/11983"}],"wp:attachment":[{"href":"https:\/\/weekendsnacks.fi\/sv\/wp-json\/wp\/v2\/media?parent=9508"}],"wp:term":[{"taxonomy":"product_brand","embeddable":true,"href":"https:\/\/weekendsnacks.fi\/sv\/wp-json\/wp\/v2\/product_brand?post=9508"},{"taxonomy":"product_cat","embeddable":true,"href":"https:\/\/weekendsnacks.fi\/sv\/wp-json\/wp\/v2\/product_cat?post=9508"},{"taxonomy":"product_tag","embeddable":true,"href":"https:\/\/weekendsnacks.fi\/sv\/wp-json\/wp\/v2\/product_tag?post=9508"}],"curies":[{"name":"wp","href":"https:\/\/api.w.org\/{rel}","templated":true}]}}