{"id":9507,"date":"2020-02-24T16:37:23","date_gmt":"2020-02-24T14:37:23","guid":{"rendered":"https:\/\/weekendsnacks.fi\/tuote\/ws-linssi-snacks-inkivaari-45g-15kpl"},"modified":"2021-04-16T09:55:24","modified_gmt":"2021-04-16T06:55:24","slug":"ws-linssi-snacks-inkivaari-45g-x-15-st","status":"publish","type":"product","link":"https:\/\/weekendsnacks.fi\/sv\/tuote\/ws-linssi-snacks-inkivaari-45g-x-15-st","title":{"rendered":"WS LINSSI SNACKS INKIV\u00c4\u00c4RI 45g x 15 ST"},"content":{"rendered":"<p><a href=\"https:\/\/weekendsnacks.fi\/sv\/linssi-snacks\"><strong>Granska produktinneh\u00e5ll och n\u00e4ringsinneh\u00e5ll h\u00e4r \u00bb<\/strong><\/a><\/p>\n","protected":false},"excerpt":{"rendered":"<p><strong>H\u00e4rligt goda Linssnacks!<\/strong><\/p>\n<p>V\u00e5ra v\u00e4lsmakande och krispiga WS Linssnacks tillverkas av v\u00e5rt familjef\u00f6retag i Kask\u00f6. De \u00e4r glutenfria och veganska, och de inneh\u00e5ller betydligt mer protein och mindre fett \u00e4n traditionella chips. Njut av dem till fest eller som ett stadigt mellanm\u00e5l!<\/p>\n<p>Linssnacks med smak av ingef\u00e4ra<br \/>\nGlutenfri<br \/>\nLaktosfri<br \/>\nVegansk<br \/>\n13% Protein<br \/>\nF\u00f6rpackningsstorlek 15 x 45 g<\/p>\n","protected":false},"featured_media":9357,"template":"","meta":[],"product_brand":[],"product_cat":[82],"product_tag":[],"class_list":{"0":"post-9507","1":"product","2":"type-product","3":"status-publish","4":"has-post-thumbnail","6":"product_cat-ws-sv","8":"first","9":"instock","10":"taxable","11":"shipping-taxable","12":"purchasable","13":"product-type-simple"},"group_of_quantity":0,"min_quantity":0,"max_quantity":"","exclude_order_quantity_value_rules":"no","exclude_category_quantity_rules":"no","combine_variations":"no","yoast_head":"<!-- This site is optimized with the Yoast SEO plugin v27.4 - https:\/\/yoast.com\/product\/yoast-seo-wordpress\/ -->\n<title>WS LINSSI SNACKS INKIV\u00c4\u00c4RI 45g x 15 ST - Weekend Snacks<\/title>\n<meta name=\"robots\" content=\"index, follow, max-snippet:-1, max-image-preview:large, max-video-preview:-1\" \/>\n<link rel=\"canonical\" href=\"https:\/\/weekendsnacks.fi\/sv\/tuote\/ws-linssi-snacks-inkivaari-45g-x-15-st\" \/>\n<meta property=\"og:locale\" content=\"sv_SE\" \/>\n<meta property=\"og:type\" content=\"article\" \/>\n<meta property=\"og:title\" content=\"WS LINSSI SNACKS INKIV\u00c4\u00c4RI 45g x 15 ST - Weekend Snacks\" \/>\n<meta property=\"og:description\" content=\"H\u00e4rligt goda Linssnacks!  V\u00e5ra v\u00e4lsmakande och krispiga WS Linssnacks tillverkas av v\u00e5rt familjef\u00f6retag i Kask\u00f6. De \u00e4r glutenfria och veganska, och de inneh\u00e5ller betydligt mer protein och mindre fett \u00e4n traditionella chips. Njut av dem till fest eller som ett stadigt mellanm\u00e5l!  Linssnacks med smak av ingef\u00e4ra Glutenfri Laktosfri Vegansk 13% Protein F\u00f6rpackningsstorlek 15 x 45 g\" \/>\n<meta property=\"og:url\" content=\"https:\/\/weekendsnacks.fi\/sv\/tuote\/ws-linssi-snacks-inkivaari-45g-x-15-st\" \/>\n<meta property=\"og:site_name\" content=\"Weekend Snacks\" \/>\n<meta property=\"article:publisher\" content=\"https:\/\/www.facebook.com\/weekendsnacksfinland\/?fref=ts\" \/>\n<meta property=\"article:modified_time\" content=\"2021-04-16T06:55:24+00:00\" \/>\n<meta property=\"og:image\" content=\"https:\/\/weekendsnacks.fi\/wp-content\/uploads\/2020\/02\/vk-linssi-45g-15.jpg\" \/>\n\t<meta property=\"og:image:width\" content=\"1500\" \/>\n\t<meta property=\"og:image:height\" content=\"1500\" \/>\n\t<meta property=\"og:image:type\" content=\"image\/jpeg\" \/>\n<meta name=\"twitter:card\" content=\"summary_large_image\" \/>\n<script type=\"application\/ld+json\" class=\"yoast-schema-graph\">{\"@context\":\"https:\\\/\\\/schema.org\",\"@graph\":[{\"@type\":\"WebPage\",\"@id\":\"https:\\\/\\\/weekendsnacks.fi\\\/sv\\\/tuote\\\/ws-linssi-snacks-inkivaari-45g-x-15-st\",\"url\":\"https:\\\/\\\/weekendsnacks.fi\\\/sv\\\/tuote\\\/ws-linssi-snacks-inkivaari-45g-x-15-st\",\"name\":\"WS LINSSI SNACKS INKIV\u00c4\u00c4RI 45g x 15 ST - Weekend Snacks\",\"isPartOf\":{\"@id\":\"https:\\\/\\\/weekendsnacks.fi\\\/#website\"},\"primaryImageOfPage\":{\"@id\":\"https:\\\/\\\/weekendsnacks.fi\\\/sv\\\/tuote\\\/ws-linssi-snacks-inkivaari-45g-x-15-st#primaryimage\"},\"image\":{\"@id\":\"https:\\\/\\\/weekendsnacks.fi\\\/sv\\\/tuote\\\/ws-linssi-snacks-inkivaari-45g-x-15-st#primaryimage\"},\"thumbnailUrl\":\"https:\\\/\\\/weekendsnacks.fi\\\/wp-content\\\/uploads\\\/2020\\\/02\\\/vk-linssi-45g-15.jpg\",\"datePublished\":\"2020-02-24T14:37:23+00:00\",\"dateModified\":\"2021-04-16T06:55:24+00:00\",\"breadcrumb\":{\"@id\":\"https:\\\/\\\/weekendsnacks.fi\\\/sv\\\/tuote\\\/ws-linssi-snacks-inkivaari-45g-x-15-st#breadcrumb\"},\"inLanguage\":\"sv-SE\",\"potentialAction\":[{\"@type\":\"ReadAction\",\"target\":[\"https:\\\/\\\/weekendsnacks.fi\\\/sv\\\/tuote\\\/ws-linssi-snacks-inkivaari-45g-x-15-st\"]}]},{\"@type\":\"ImageObject\",\"inLanguage\":\"sv-SE\",\"@id\":\"https:\\\/\\\/weekendsnacks.fi\\\/sv\\\/tuote\\\/ws-linssi-snacks-inkivaari-45g-x-15-st#primaryimage\",\"url\":\"https:\\\/\\\/weekendsnacks.fi\\\/wp-content\\\/uploads\\\/2020\\\/02\\\/vk-linssi-45g-15.jpg\",\"contentUrl\":\"https:\\\/\\\/weekendsnacks.fi\\\/wp-content\\\/uploads\\\/2020\\\/02\\\/vk-linssi-45g-15.jpg\",\"width\":1500,\"height\":1500},{\"@type\":\"BreadcrumbList\",\"@id\":\"https:\\\/\\\/weekendsnacks.fi\\\/sv\\\/tuote\\\/ws-linssi-snacks-inkivaari-45g-x-15-st#breadcrumb\",\"itemListElement\":[{\"@type\":\"ListItem\",\"position\":1,\"name\":\"Home\",\"item\":\"https:\\\/\\\/weekendsnacks.fi\\\/sv\"},{\"@type\":\"ListItem\",\"position\":2,\"name\":\"Webbutik\",\"item\":\"https:\\\/\\\/weekendsnacks.fi\\\/sv\\\/webbutik\"},{\"@type\":\"ListItem\",\"position\":3,\"name\":\"WS LINSSI SNACKS INKIV\u00c4\u00c4RI 45g x 15 ST\"}]},{\"@type\":\"WebSite\",\"@id\":\"https:\\\/\\\/weekendsnacks.fi\\\/#website\",\"url\":\"https:\\\/\\\/weekendsnacks.fi\\\/\",\"name\":\"Weekend Snacks\",\"description\":\"Suomalaiset sipsit ja snacksit\",\"publisher\":{\"@id\":\"https:\\\/\\\/weekendsnacks.fi\\\/#organization\"},\"potentialAction\":[{\"@type\":\"SearchAction\",\"target\":{\"@type\":\"EntryPoint\",\"urlTemplate\":\"https:\\\/\\\/weekendsnacks.fi\\\/?s={search_term_string}\"},\"query-input\":{\"@type\":\"PropertyValueSpecification\",\"valueRequired\":true,\"valueName\":\"search_term_string\"}}],\"inLanguage\":\"sv-SE\"},{\"@type\":\"Organization\",\"@id\":\"https:\\\/\\\/weekendsnacks.fi\\\/#organization\",\"name\":\"Weekend Snacks\",\"url\":\"https:\\\/\\\/weekendsnacks.fi\\\/\",\"logo\":{\"@type\":\"ImageObject\",\"inLanguage\":\"sv-SE\",\"@id\":\"https:\\\/\\\/weekendsnacks.fi\\\/#\\\/schema\\\/logo\\\/image\\\/\",\"url\":\"https:\\\/\\\/weekendsnacks.fi\\\/wp-content\\\/uploads\\\/2025\\\/02\\\/weekendsnacks-logo-black-800-new.png\",\"contentUrl\":\"https:\\\/\\\/weekendsnacks.fi\\\/wp-content\\\/uploads\\\/2025\\\/02\\\/weekendsnacks-logo-black-800-new.png\",\"width\":800,\"height\":541,\"caption\":\"Weekend Snacks\"},\"image\":{\"@id\":\"https:\\\/\\\/weekendsnacks.fi\\\/#\\\/schema\\\/logo\\\/image\\\/\"},\"sameAs\":[\"https:\\\/\\\/www.facebook.com\\\/weekendsnacksfinland\\\/?fref=ts\",\"https:\\\/\\\/www.instagram.com\\\/weekendsnacks20\\\/\"]}]}<\/script>\n<!-- \/ Yoast SEO plugin. -->","yoast_head_json":{"title":"WS LINSSI SNACKS INKIV\u00c4\u00c4RI 45g x 15 ST - Weekend Snacks","robots":{"index":"index","follow":"follow","max-snippet":"max-snippet:-1","max-image-preview":"max-image-preview:large","max-video-preview":"max-video-preview:-1"},"canonical":"https:\/\/weekendsnacks.fi\/sv\/tuote\/ws-linssi-snacks-inkivaari-45g-x-15-st","og_locale":"sv_SE","og_type":"article","og_title":"WS LINSSI SNACKS INKIV\u00c4\u00c4RI 45g x 15 ST - Weekend Snacks","og_description":"H\u00e4rligt goda Linssnacks!  V\u00e5ra v\u00e4lsmakande och krispiga WS Linssnacks tillverkas av v\u00e5rt familjef\u00f6retag i Kask\u00f6. De \u00e4r glutenfria och veganska, och de inneh\u00e5ller betydligt mer protein och mindre fett \u00e4n traditionella chips. Njut av dem till fest eller som ett stadigt mellanm\u00e5l!  Linssnacks med smak av ingef\u00e4ra Glutenfri Laktosfri Vegansk 13% Protein F\u00f6rpackningsstorlek 15 x 45 g","og_url":"https:\/\/weekendsnacks.fi\/sv\/tuote\/ws-linssi-snacks-inkivaari-45g-x-15-st","og_site_name":"Weekend Snacks","article_publisher":"https:\/\/www.facebook.com\/weekendsnacksfinland\/?fref=ts","article_modified_time":"2021-04-16T06:55:24+00:00","og_image":[{"width":1500,"height":1500,"url":"https:\/\/weekendsnacks.fi\/wp-content\/uploads\/2020\/02\/vk-linssi-45g-15.jpg","type":"image\/jpeg"}],"twitter_card":"summary_large_image","schema":{"@context":"https:\/\/schema.org","@graph":[{"@type":"WebPage","@id":"https:\/\/weekendsnacks.fi\/sv\/tuote\/ws-linssi-snacks-inkivaari-45g-x-15-st","url":"https:\/\/weekendsnacks.fi\/sv\/tuote\/ws-linssi-snacks-inkivaari-45g-x-15-st","name":"WS LINSSI SNACKS INKIV\u00c4\u00c4RI 45g x 15 ST - Weekend Snacks","isPartOf":{"@id":"https:\/\/weekendsnacks.fi\/#website"},"primaryImageOfPage":{"@id":"https:\/\/weekendsnacks.fi\/sv\/tuote\/ws-linssi-snacks-inkivaari-45g-x-15-st#primaryimage"},"image":{"@id":"https:\/\/weekendsnacks.fi\/sv\/tuote\/ws-linssi-snacks-inkivaari-45g-x-15-st#primaryimage"},"thumbnailUrl":"https:\/\/weekendsnacks.fi\/wp-content\/uploads\/2020\/02\/vk-linssi-45g-15.jpg","datePublished":"2020-02-24T14:37:23+00:00","dateModified":"2021-04-16T06:55:24+00:00","breadcrumb":{"@id":"https:\/\/weekendsnacks.fi\/sv\/tuote\/ws-linssi-snacks-inkivaari-45g-x-15-st#breadcrumb"},"inLanguage":"sv-SE","potentialAction":[{"@type":"ReadAction","target":["https:\/\/weekendsnacks.fi\/sv\/tuote\/ws-linssi-snacks-inkivaari-45g-x-15-st"]}]},{"@type":"ImageObject","inLanguage":"sv-SE","@id":"https:\/\/weekendsnacks.fi\/sv\/tuote\/ws-linssi-snacks-inkivaari-45g-x-15-st#primaryimage","url":"https:\/\/weekendsnacks.fi\/wp-content\/uploads\/2020\/02\/vk-linssi-45g-15.jpg","contentUrl":"https:\/\/weekendsnacks.fi\/wp-content\/uploads\/2020\/02\/vk-linssi-45g-15.jpg","width":1500,"height":1500},{"@type":"BreadcrumbList","@id":"https:\/\/weekendsnacks.fi\/sv\/tuote\/ws-linssi-snacks-inkivaari-45g-x-15-st#breadcrumb","itemListElement":[{"@type":"ListItem","position":1,"name":"Home","item":"https:\/\/weekendsnacks.fi\/sv"},{"@type":"ListItem","position":2,"name":"Webbutik","item":"https:\/\/weekendsnacks.fi\/sv\/webbutik"},{"@type":"ListItem","position":3,"name":"WS LINSSI SNACKS INKIV\u00c4\u00c4RI 45g x 15 ST"}]},{"@type":"WebSite","@id":"https:\/\/weekendsnacks.fi\/#website","url":"https:\/\/weekendsnacks.fi\/","name":"Weekend Snacks","description":"Suomalaiset sipsit ja snacksit","publisher":{"@id":"https:\/\/weekendsnacks.fi\/#organization"},"potentialAction":[{"@type":"SearchAction","target":{"@type":"EntryPoint","urlTemplate":"https:\/\/weekendsnacks.fi\/?s={search_term_string}"},"query-input":{"@type":"PropertyValueSpecification","valueRequired":true,"valueName":"search_term_string"}}],"inLanguage":"sv-SE"},{"@type":"Organization","@id":"https:\/\/weekendsnacks.fi\/#organization","name":"Weekend Snacks","url":"https:\/\/weekendsnacks.fi\/","logo":{"@type":"ImageObject","inLanguage":"sv-SE","@id":"https:\/\/weekendsnacks.fi\/#\/schema\/logo\/image\/","url":"https:\/\/weekendsnacks.fi\/wp-content\/uploads\/2025\/02\/weekendsnacks-logo-black-800-new.png","contentUrl":"https:\/\/weekendsnacks.fi\/wp-content\/uploads\/2025\/02\/weekendsnacks-logo-black-800-new.png","width":800,"height":541,"caption":"Weekend Snacks"},"image":{"@id":"https:\/\/weekendsnacks.fi\/#\/schema\/logo\/image\/"},"sameAs":["https:\/\/www.facebook.com\/weekendsnacksfinland\/?fref=ts","https:\/\/www.instagram.com\/weekendsnacks20\/"]}]}},"_links":{"self":[{"href":"https:\/\/weekendsnacks.fi\/sv\/wp-json\/wp\/v2\/product\/9507","targetHints":{"allow":["GET"]}}],"collection":[{"href":"https:\/\/weekendsnacks.fi\/sv\/wp-json\/wp\/v2\/product"}],"about":[{"href":"https:\/\/weekendsnacks.fi\/sv\/wp-json\/wp\/v2\/types\/product"}],"wp:featuredmedia":[{"embeddable":true,"href":"https:\/\/weekendsnacks.fi\/sv\/wp-json\/wp\/v2\/media\/9357"}],"wp:attachment":[{"href":"https:\/\/weekendsnacks.fi\/sv\/wp-json\/wp\/v2\/media?parent=9507"}],"wp:term":[{"taxonomy":"product_brand","embeddable":true,"href":"https:\/\/weekendsnacks.fi\/sv\/wp-json\/wp\/v2\/product_brand?post=9507"},{"taxonomy":"product_cat","embeddable":true,"href":"https:\/\/weekendsnacks.fi\/sv\/wp-json\/wp\/v2\/product_cat?post=9507"},{"taxonomy":"product_tag","embeddable":true,"href":"https:\/\/weekendsnacks.fi\/sv\/wp-json\/wp\/v2\/product_tag?post=9507"}],"curies":[{"name":"wp","href":"https:\/\/api.w.org\/{rel}","templated":true}]}}