{"id":9503,"date":"2020-03-18T16:33:32","date_gmt":"2020-03-18T14:33:32","guid":{"rendered":"https:\/\/weekendsnacks.fi\/tuote\/tasting-box-35g-45g-x-6-kpl"},"modified":"2021-04-16T09:53:02","modified_gmt":"2021-04-16T06:53:02","slug":"tasting-box-35g-45g-x-6-st","status":"publish","type":"product","link":"https:\/\/weekendsnacks.fi\/sv\/tuote\/tasting-box-35g-45g-x-6-st","title":{"rendered":"TASTING BOX 35G \/ 45G x 6 st"},"content":{"rendered":"<p><strong><span lang=\"SV-FI\">Ingredienser och n\u00e4ringsinneh\u00e5ll<\/span><\/strong><\/p>\n<ul>\n<li><strong><a href=\"https:\/\/weekendsnacks.fi\/sv\/tuote\/crisp-mix-35g-8kpl\" target=\"_blank\" rel=\"noopener noreferrer\">Granska Weekend Snacks Mix n\u00e4ringsinneh\u00e5ll h\u00e4r \u00bb<\/a><\/strong><\/li>\n<li><strong><a href=\"https:\/\/weekendsnacks.fi\/sv\/tuote\/crisp-mix-35g-8kpl\" target=\"_blank\" rel=\"noopener noreferrer\">Granska Weekend Snacks Crisp Mix n\u00e4ringsinneh\u00e5ll h\u00e4r \u00bb<\/a><\/strong><\/li>\n<li><strong><a href=\"https:\/\/weekendsnacks.fi\/sv\/tuote\/bbq-mix-35g-8kpl\" target=\"_blank\" rel=\"noopener noreferrer\">Granska Weekend Snacks BBQ Mix n\u00e4ringsinneh\u00e5ll h\u00e4r \u00bb<\/a><\/strong><\/li>\n<li><strong><a href=\"https:\/\/weekendsnacks.fi\/sv\/tuote\/ws-hummus-snacks-zatar-45g-15kpl\" target=\"_blank\" rel=\"noopener noreferrer\">Granska WS Hummus n\u00e4ringsinneh\u00e5ll h\u00e4r \u00bb<\/a><\/strong><\/li>\n<li><a href=\"https:\/\/weekendsnacks.fi\/sv\/tuote\/ws-quinoa-snacks-creamy-jalopeno-45g-15kpl\"><strong>Granska WS Quinoa n\u00e4ringsinneh\u00e5ll h\u00e4r \u00bb<\/strong><\/a><\/li>\n<li><strong><a href=\"https:\/\/weekendsnacks.fi\/sv\/tuote\/ws-linssi-snacks-inkivaari-45g-15kpl\" target=\"_blank\" rel=\"noopener noreferrer\">Granska WS Linssi n\u00e4ringsinneh\u00e5ll h\u00e4r \u00bb<\/a><\/strong><\/li>\n<\/ul>\n","protected":false},"excerpt":{"rendered":"<p><strong>Samling av Weekend Snacks och WS-produkter<\/strong><\/p>\n<p>Nu skal vi hygge oss och mysa ordentligt! Njuta av livet i urvalt s\u00e4llskap i veckorna fram\u00f6ver! F\u00f6rs\u00e4kra dig om f\u00f6r detta s\u00e5 att snacksdelikatess tar inte slut!<\/p>\n<p>L\u00e5dan inneh\u00e5ller 6 p\u00e5sar Weekend Snacks och WS snacks<\/p>\n<ul>\n<li>1 x 35 g WEEKEND SNACKS MIX<\/li>\n<li>1 x 35 g WEEKEND SNACKS BBQ MIX<\/li>\n<li>1 x 35 g WEEKEND SNACKS CRISP MIX<\/li>\n<li>1 x 45 g WS HUMMUS SNACKS ZATAR<\/li>\n<li>1 x 45 g WS QUINOA SNACKS CREAMY JALOPENO<\/li>\n<li>1 x 45 g WS LINSSI SNACKS INKIV\u00c4\u00c4RI<\/li>\n<\/ul>\n","protected":false},"featured_media":11720,"template":"","meta":[],"product_brand":[],"product_cat":[82],"product_tag":[],"class_list":{"0":"post-9503","1":"product","2":"type-product","3":"status-publish","4":"has-post-thumbnail","6":"product_cat-ws-sv","8":"first","9":"instock","10":"taxable","11":"shipping-taxable","12":"purchasable","13":"product-type-simple"},"group_of_quantity":0,"min_quantity":0,"max_quantity":"","exclude_order_quantity_value_rules":"no","exclude_category_quantity_rules":"no","combine_variations":"no","yoast_head":"<!-- This site is optimized with the Yoast SEO plugin v27.4 - https:\/\/yoast.com\/product\/yoast-seo-wordpress\/ -->\n<title>TASTING BOX 35G \/ 45G x 6 st - Weekend Snacks<\/title>\n<meta name=\"robots\" content=\"index, follow, max-snippet:-1, max-image-preview:large, max-video-preview:-1\" \/>\n<link rel=\"canonical\" href=\"https:\/\/weekendsnacks.fi\/sv\/tuote\/tasting-box-35g-45g-x-6-st\" \/>\n<meta property=\"og:locale\" content=\"sv_SE\" \/>\n<meta property=\"og:type\" content=\"article\" \/>\n<meta property=\"og:title\" content=\"TASTING BOX 35G \/ 45G x 6 st - Weekend Snacks\" \/>\n<meta property=\"og:description\" content=\"Samling av Weekend Snacks och WS-produkter  Nu skal vi hygge oss och mysa ordentligt! Njuta av livet i urvalt s\u00e4llskap i veckorna fram\u00f6ver! F\u00f6rs\u00e4kra dig om f\u00f6r detta s\u00e5 att snacksdelikatess tar inte slut!  L\u00e5dan inneh\u00e5ller 6 p\u00e5sar Weekend Snacks och WS snacks   1 x 35 g WEEKEND SNACKS MIX  1 x 35 g WEEKEND SNACKS BBQ MIX  1 x 35 g WEEKEND SNACKS CRISP MIX  1 x 45 g WS HUMMUS SNACKS ZATAR  1 x 45 g WS QUINOA SNACKS CREAMY JALOPENO  1 x 45 g WS LINSSI SNACKS INKIV\u00c4\u00c4RI\" \/>\n<meta property=\"og:url\" content=\"https:\/\/weekendsnacks.fi\/sv\/tuote\/tasting-box-35g-45g-x-6-st\" \/>\n<meta property=\"og:site_name\" content=\"Weekend Snacks\" \/>\n<meta property=\"article:publisher\" content=\"https:\/\/www.facebook.com\/weekendsnacksfinland\/?fref=ts\" \/>\n<meta property=\"article:modified_time\" content=\"2021-04-16T06:53:02+00:00\" \/>\n<meta property=\"og:image\" content=\"https:\/\/weekendsnacks.fi\/wp-content\/uploads\/2020\/03\/6-pack-2024-1.jpg\" \/>\n\t<meta property=\"og:image:width\" content=\"1200\" \/>\n\t<meta property=\"og:image:height\" content=\"1200\" \/>\n\t<meta property=\"og:image:type\" content=\"image\/jpeg\" \/>\n<meta name=\"twitter:card\" content=\"summary_large_image\" \/>\n<script type=\"application\/ld+json\" class=\"yoast-schema-graph\">{\"@context\":\"https:\\\/\\\/schema.org\",\"@graph\":[{\"@type\":\"WebPage\",\"@id\":\"https:\\\/\\\/weekendsnacks.fi\\\/sv\\\/tuote\\\/tasting-box-35g-45g-x-6-st\",\"url\":\"https:\\\/\\\/weekendsnacks.fi\\\/sv\\\/tuote\\\/tasting-box-35g-45g-x-6-st\",\"name\":\"TASTING BOX 35G \\\/ 45G x 6 st - Weekend Snacks\",\"isPartOf\":{\"@id\":\"https:\\\/\\\/weekendsnacks.fi\\\/#website\"},\"primaryImageOfPage\":{\"@id\":\"https:\\\/\\\/weekendsnacks.fi\\\/sv\\\/tuote\\\/tasting-box-35g-45g-x-6-st#primaryimage\"},\"image\":{\"@id\":\"https:\\\/\\\/weekendsnacks.fi\\\/sv\\\/tuote\\\/tasting-box-35g-45g-x-6-st#primaryimage\"},\"thumbnailUrl\":\"https:\\\/\\\/weekendsnacks.fi\\\/wp-content\\\/uploads\\\/2020\\\/03\\\/6-pack-2024-1.jpg\",\"datePublished\":\"2020-03-18T14:33:32+00:00\",\"dateModified\":\"2021-04-16T06:53:02+00:00\",\"breadcrumb\":{\"@id\":\"https:\\\/\\\/weekendsnacks.fi\\\/sv\\\/tuote\\\/tasting-box-35g-45g-x-6-st#breadcrumb\"},\"inLanguage\":\"sv-SE\",\"potentialAction\":[{\"@type\":\"ReadAction\",\"target\":[\"https:\\\/\\\/weekendsnacks.fi\\\/sv\\\/tuote\\\/tasting-box-35g-45g-x-6-st\"]}]},{\"@type\":\"ImageObject\",\"inLanguage\":\"sv-SE\",\"@id\":\"https:\\\/\\\/weekendsnacks.fi\\\/sv\\\/tuote\\\/tasting-box-35g-45g-x-6-st#primaryimage\",\"url\":\"https:\\\/\\\/weekendsnacks.fi\\\/wp-content\\\/uploads\\\/2020\\\/03\\\/6-pack-2024-1.jpg\",\"contentUrl\":\"https:\\\/\\\/weekendsnacks.fi\\\/wp-content\\\/uploads\\\/2020\\\/03\\\/6-pack-2024-1.jpg\",\"width\":1200,\"height\":1200},{\"@type\":\"BreadcrumbList\",\"@id\":\"https:\\\/\\\/weekendsnacks.fi\\\/sv\\\/tuote\\\/tasting-box-35g-45g-x-6-st#breadcrumb\",\"itemListElement\":[{\"@type\":\"ListItem\",\"position\":1,\"name\":\"Home\",\"item\":\"https:\\\/\\\/weekendsnacks.fi\\\/sv\"},{\"@type\":\"ListItem\",\"position\":2,\"name\":\"Webbutik\",\"item\":\"https:\\\/\\\/weekendsnacks.fi\\\/sv\\\/webbutik\"},{\"@type\":\"ListItem\",\"position\":3,\"name\":\"TASTING BOX 35G \\\/ 45G x 6 st\"}]},{\"@type\":\"WebSite\",\"@id\":\"https:\\\/\\\/weekendsnacks.fi\\\/#website\",\"url\":\"https:\\\/\\\/weekendsnacks.fi\\\/\",\"name\":\"Weekend Snacks\",\"description\":\"Suomalaiset sipsit ja snacksit\",\"publisher\":{\"@id\":\"https:\\\/\\\/weekendsnacks.fi\\\/#organization\"},\"potentialAction\":[{\"@type\":\"SearchAction\",\"target\":{\"@type\":\"EntryPoint\",\"urlTemplate\":\"https:\\\/\\\/weekendsnacks.fi\\\/?s={search_term_string}\"},\"query-input\":{\"@type\":\"PropertyValueSpecification\",\"valueRequired\":true,\"valueName\":\"search_term_string\"}}],\"inLanguage\":\"sv-SE\"},{\"@type\":\"Organization\",\"@id\":\"https:\\\/\\\/weekendsnacks.fi\\\/#organization\",\"name\":\"Weekend Snacks\",\"url\":\"https:\\\/\\\/weekendsnacks.fi\\\/\",\"logo\":{\"@type\":\"ImageObject\",\"inLanguage\":\"sv-SE\",\"@id\":\"https:\\\/\\\/weekendsnacks.fi\\\/#\\\/schema\\\/logo\\\/image\\\/\",\"url\":\"https:\\\/\\\/weekendsnacks.fi\\\/wp-content\\\/uploads\\\/2025\\\/02\\\/weekendsnacks-logo-black-800-new.png\",\"contentUrl\":\"https:\\\/\\\/weekendsnacks.fi\\\/wp-content\\\/uploads\\\/2025\\\/02\\\/weekendsnacks-logo-black-800-new.png\",\"width\":800,\"height\":541,\"caption\":\"Weekend Snacks\"},\"image\":{\"@id\":\"https:\\\/\\\/weekendsnacks.fi\\\/#\\\/schema\\\/logo\\\/image\\\/\"},\"sameAs\":[\"https:\\\/\\\/www.facebook.com\\\/weekendsnacksfinland\\\/?fref=ts\",\"https:\\\/\\\/www.instagram.com\\\/weekendsnacks20\\\/\"]}]}<\/script>\n<!-- \/ Yoast SEO plugin. -->","yoast_head_json":{"title":"TASTING BOX 35G \/ 45G x 6 st - Weekend Snacks","robots":{"index":"index","follow":"follow","max-snippet":"max-snippet:-1","max-image-preview":"max-image-preview:large","max-video-preview":"max-video-preview:-1"},"canonical":"https:\/\/weekendsnacks.fi\/sv\/tuote\/tasting-box-35g-45g-x-6-st","og_locale":"sv_SE","og_type":"article","og_title":"TASTING BOX 35G \/ 45G x 6 st - Weekend Snacks","og_description":"Samling av Weekend Snacks och WS-produkter  Nu skal vi hygge oss och mysa ordentligt! Njuta av livet i urvalt s\u00e4llskap i veckorna fram\u00f6ver! F\u00f6rs\u00e4kra dig om f\u00f6r detta s\u00e5 att snacksdelikatess tar inte slut!  L\u00e5dan inneh\u00e5ller 6 p\u00e5sar Weekend Snacks och WS snacks   1 x 35 g WEEKEND SNACKS MIX  1 x 35 g WEEKEND SNACKS BBQ MIX  1 x 35 g WEEKEND SNACKS CRISP MIX  1 x 45 g WS HUMMUS SNACKS ZATAR  1 x 45 g WS QUINOA SNACKS CREAMY JALOPENO  1 x 45 g WS LINSSI SNACKS INKIV\u00c4\u00c4RI","og_url":"https:\/\/weekendsnacks.fi\/sv\/tuote\/tasting-box-35g-45g-x-6-st","og_site_name":"Weekend Snacks","article_publisher":"https:\/\/www.facebook.com\/weekendsnacksfinland\/?fref=ts","article_modified_time":"2021-04-16T06:53:02+00:00","og_image":[{"width":1200,"height":1200,"url":"https:\/\/weekendsnacks.fi\/wp-content\/uploads\/2020\/03\/6-pack-2024-1.jpg","type":"image\/jpeg"}],"twitter_card":"summary_large_image","schema":{"@context":"https:\/\/schema.org","@graph":[{"@type":"WebPage","@id":"https:\/\/weekendsnacks.fi\/sv\/tuote\/tasting-box-35g-45g-x-6-st","url":"https:\/\/weekendsnacks.fi\/sv\/tuote\/tasting-box-35g-45g-x-6-st","name":"TASTING BOX 35G \/ 45G x 6 st - Weekend Snacks","isPartOf":{"@id":"https:\/\/weekendsnacks.fi\/#website"},"primaryImageOfPage":{"@id":"https:\/\/weekendsnacks.fi\/sv\/tuote\/tasting-box-35g-45g-x-6-st#primaryimage"},"image":{"@id":"https:\/\/weekendsnacks.fi\/sv\/tuote\/tasting-box-35g-45g-x-6-st#primaryimage"},"thumbnailUrl":"https:\/\/weekendsnacks.fi\/wp-content\/uploads\/2020\/03\/6-pack-2024-1.jpg","datePublished":"2020-03-18T14:33:32+00:00","dateModified":"2021-04-16T06:53:02+00:00","breadcrumb":{"@id":"https:\/\/weekendsnacks.fi\/sv\/tuote\/tasting-box-35g-45g-x-6-st#breadcrumb"},"inLanguage":"sv-SE","potentialAction":[{"@type":"ReadAction","target":["https:\/\/weekendsnacks.fi\/sv\/tuote\/tasting-box-35g-45g-x-6-st"]}]},{"@type":"ImageObject","inLanguage":"sv-SE","@id":"https:\/\/weekendsnacks.fi\/sv\/tuote\/tasting-box-35g-45g-x-6-st#primaryimage","url":"https:\/\/weekendsnacks.fi\/wp-content\/uploads\/2020\/03\/6-pack-2024-1.jpg","contentUrl":"https:\/\/weekendsnacks.fi\/wp-content\/uploads\/2020\/03\/6-pack-2024-1.jpg","width":1200,"height":1200},{"@type":"BreadcrumbList","@id":"https:\/\/weekendsnacks.fi\/sv\/tuote\/tasting-box-35g-45g-x-6-st#breadcrumb","itemListElement":[{"@type":"ListItem","position":1,"name":"Home","item":"https:\/\/weekendsnacks.fi\/sv"},{"@type":"ListItem","position":2,"name":"Webbutik","item":"https:\/\/weekendsnacks.fi\/sv\/webbutik"},{"@type":"ListItem","position":3,"name":"TASTING BOX 35G \/ 45G x 6 st"}]},{"@type":"WebSite","@id":"https:\/\/weekendsnacks.fi\/#website","url":"https:\/\/weekendsnacks.fi\/","name":"Weekend Snacks","description":"Suomalaiset sipsit ja snacksit","publisher":{"@id":"https:\/\/weekendsnacks.fi\/#organization"},"potentialAction":[{"@type":"SearchAction","target":{"@type":"EntryPoint","urlTemplate":"https:\/\/weekendsnacks.fi\/?s={search_term_string}"},"query-input":{"@type":"PropertyValueSpecification","valueRequired":true,"valueName":"search_term_string"}}],"inLanguage":"sv-SE"},{"@type":"Organization","@id":"https:\/\/weekendsnacks.fi\/#organization","name":"Weekend Snacks","url":"https:\/\/weekendsnacks.fi\/","logo":{"@type":"ImageObject","inLanguage":"sv-SE","@id":"https:\/\/weekendsnacks.fi\/#\/schema\/logo\/image\/","url":"https:\/\/weekendsnacks.fi\/wp-content\/uploads\/2025\/02\/weekendsnacks-logo-black-800-new.png","contentUrl":"https:\/\/weekendsnacks.fi\/wp-content\/uploads\/2025\/02\/weekendsnacks-logo-black-800-new.png","width":800,"height":541,"caption":"Weekend Snacks"},"image":{"@id":"https:\/\/weekendsnacks.fi\/#\/schema\/logo\/image\/"},"sameAs":["https:\/\/www.facebook.com\/weekendsnacksfinland\/?fref=ts","https:\/\/www.instagram.com\/weekendsnacks20\/"]}]}},"_links":{"self":[{"href":"https:\/\/weekendsnacks.fi\/sv\/wp-json\/wp\/v2\/product\/9503","targetHints":{"allow":["GET"]}}],"collection":[{"href":"https:\/\/weekendsnacks.fi\/sv\/wp-json\/wp\/v2\/product"}],"about":[{"href":"https:\/\/weekendsnacks.fi\/sv\/wp-json\/wp\/v2\/types\/product"}],"wp:featuredmedia":[{"embeddable":true,"href":"https:\/\/weekendsnacks.fi\/sv\/wp-json\/wp\/v2\/media\/11720"}],"wp:attachment":[{"href":"https:\/\/weekendsnacks.fi\/sv\/wp-json\/wp\/v2\/media?parent=9503"}],"wp:term":[{"taxonomy":"product_brand","embeddable":true,"href":"https:\/\/weekendsnacks.fi\/sv\/wp-json\/wp\/v2\/product_brand?post=9503"},{"taxonomy":"product_cat","embeddable":true,"href":"https:\/\/weekendsnacks.fi\/sv\/wp-json\/wp\/v2\/product_cat?post=9503"},{"taxonomy":"product_tag","embeddable":true,"href":"https:\/\/weekendsnacks.fi\/sv\/wp-json\/wp\/v2\/product_tag?post=9503"}],"curies":[{"name":"wp","href":"https:\/\/api.w.org\/{rel}","templated":true}]}}