{"id":12262,"date":"2025-11-13T14:08:33","date_gmt":"2025-11-13T12:08:33","guid":{"rendered":"https:\/\/weekendsnacks.fi\/?post_type=product&#038;p=12262"},"modified":"2025-11-13T14:38:01","modified_gmt":"2025-11-13T12:38:01","slug":"julsnacks-lada-115g-x-12-st","status":"publish","type":"product","link":"https:\/\/weekendsnacks.fi\/sv\/tuote\/julsnacks-lada-115g-x-12-st","title":{"rendered":"JULSNACKS L\u00c5DA 115G x 12 ST"},"content":{"rendered":"<p><strong><span lang=\"SV-FI\">Ingredienser och n\u00e4ringsinneh\u00e5ll<\/span><\/strong><\/p>\n<ul>\n<li>Granska <strong>Julsnacks <\/strong>produktinneh\u00e5ll och n\u00e4ringsinneh\u00e5ll <a href=\"https:\/\/weekendsnacks.fi\/sv\/julsnacks\">h\u00e4r <strong>\u00bb<\/strong><\/a><\/li>\n<\/ul>\n","protected":false},"excerpt":{"rendered":"<p><strong>S\u00e4tt en helt ny twist p\u00e5 julen med Julsnacks.<\/strong><\/p>\n<p>De glutenfria och veganska Julsnacksen \u00e4r en helt ny typ av julprodukt: krispiga potatissnacks med smak av pepparkaka.<\/p>\n<p>En ov\u00e4ntad kombination som utmanar traditionerna \u2013 och passar lika bra till gl\u00f6ggminglet som till julens delikatessbord.<\/p>\n<p>L\u00e5dan inneh\u00e5ller 12 p\u00e5sar Julsnacks<\/p>\n<ul>\n<li><strong>12 st x 115 g JULSNACKS<\/strong><br \/>\nL\u00e4r mer av produkten <a href=\"https:\/\/weekendsnacks.fi\/sv\/julsnacks\">h\u00e4r&gt;&gt;<\/a><\/li>\n<\/ul>\n","protected":false},"featured_media":12270,"template":"","meta":[],"product_brand":[],"product_cat":[111],"product_tag":[],"class_list":{"0":"post-12262","1":"product","2":"type-product","3":"status-publish","4":"has-post-thumbnail","6":"product_cat-julsnacks","7":"wcpa_has_options","9":"first","10":"instock","11":"taxable","12":"shipping-taxable","13":"purchasable","14":"product-type-simple"},"group_of_quantity":0,"min_quantity":0,"max_quantity":"","exclude_order_quantity_value_rules":"no","exclude_category_quantity_rules":"no","combine_variations":"no","yoast_head":"<!-- This site is optimized with the Yoast SEO plugin v27.5 - https:\/\/yoast.com\/product\/yoast-seo-wordpress\/ -->\n<title>JULSNACKS L\u00c5DA 115G x 12 ST - Weekend Snacks<\/title>\n<meta name=\"description\" content=\"Krispiga potatissnacks med smak av pepparkaka.En ov\u00e4ntad kombination som utmanar traditionerna \u2013 och passar lika bra till gl\u00f6ggminglet som till julens delikatessbord.\" \/>\n<meta name=\"robots\" content=\"index, follow, max-snippet:-1, max-image-preview:large, max-video-preview:-1\" \/>\n<link rel=\"canonical\" href=\"https:\/\/weekendsnacks.fi\/sv\/tuote\/julsnacks-lada-115g-x-12-st\" \/>\n<meta property=\"og:locale\" content=\"sv_SE\" \/>\n<meta property=\"og:type\" content=\"article\" \/>\n<meta property=\"og:title\" content=\"JULSNACKS L\u00c5DA 115G x 12 ST - Weekend Snacks\" \/>\n<meta property=\"og:description\" content=\"Krispiga potatissnacks med smak av pepparkaka.En ov\u00e4ntad kombination som utmanar traditionerna \u2013 och passar lika bra till gl\u00f6ggminglet som till julens delikatessbord.\" \/>\n<meta property=\"og:url\" content=\"https:\/\/weekendsnacks.fi\/sv\/tuote\/julsnacks-lada-115g-x-12-st\" \/>\n<meta property=\"og:site_name\" content=\"Weekend Snacks\" \/>\n<meta property=\"article:publisher\" content=\"https:\/\/www.facebook.com\/weekendsnacksfinland\/?fref=ts\" \/>\n<meta property=\"article:modified_time\" content=\"2025-11-13T12:38:01+00:00\" \/>\n<meta property=\"og:image\" content=\"https:\/\/weekendsnacks.fi\/wp-content\/uploads\/2025\/11\/Joulu_snacks_2000px_12.jpg\" \/>\n\t<meta property=\"og:image:width\" content=\"2000\" \/>\n\t<meta property=\"og:image:height\" content=\"2000\" \/>\n\t<meta property=\"og:image:type\" content=\"image\/jpeg\" \/>\n<meta name=\"twitter:card\" content=\"summary_large_image\" \/>\n<meta name=\"twitter:label1\" content=\"Ber\u00e4knad l\u00e4stid\" \/>\n\t<meta name=\"twitter:data1\" content=\"1 minut\" \/>\n<script type=\"application\/ld+json\" class=\"yoast-schema-graph\">{\"@context\":\"https:\\\/\\\/schema.org\",\"@graph\":[{\"@type\":\"WebPage\",\"@id\":\"https:\\\/\\\/weekendsnacks.fi\\\/sv\\\/tuote\\\/julsnacks-lada-115g-x-12-st\",\"url\":\"https:\\\/\\\/weekendsnacks.fi\\\/sv\\\/tuote\\\/julsnacks-lada-115g-x-12-st\",\"name\":\"JULSNACKS L\u00c5DA 115G x 12 ST - Weekend Snacks\",\"isPartOf\":{\"@id\":\"https:\\\/\\\/weekendsnacks.fi\\\/#website\"},\"primaryImageOfPage\":{\"@id\":\"https:\\\/\\\/weekendsnacks.fi\\\/sv\\\/tuote\\\/julsnacks-lada-115g-x-12-st#primaryimage\"},\"image\":{\"@id\":\"https:\\\/\\\/weekendsnacks.fi\\\/sv\\\/tuote\\\/julsnacks-lada-115g-x-12-st#primaryimage\"},\"thumbnailUrl\":\"https:\\\/\\\/weekendsnacks.fi\\\/wp-content\\\/uploads\\\/2025\\\/11\\\/Joulu_snacks_2000px_12.jpg\",\"datePublished\":\"2025-11-13T12:08:33+00:00\",\"dateModified\":\"2025-11-13T12:38:01+00:00\",\"description\":\"Krispiga potatissnacks med smak av pepparkaka.En ov\u00e4ntad kombination som utmanar traditionerna \u2013 och passar lika bra till gl\u00f6ggminglet som till julens delikatessbord.\",\"breadcrumb\":{\"@id\":\"https:\\\/\\\/weekendsnacks.fi\\\/sv\\\/tuote\\\/julsnacks-lada-115g-x-12-st#breadcrumb\"},\"inLanguage\":\"sv-SE\",\"potentialAction\":[{\"@type\":\"ReadAction\",\"target\":[\"https:\\\/\\\/weekendsnacks.fi\\\/sv\\\/tuote\\\/julsnacks-lada-115g-x-12-st\"]}]},{\"@type\":\"ImageObject\",\"inLanguage\":\"sv-SE\",\"@id\":\"https:\\\/\\\/weekendsnacks.fi\\\/sv\\\/tuote\\\/julsnacks-lada-115g-x-12-st#primaryimage\",\"url\":\"https:\\\/\\\/weekendsnacks.fi\\\/wp-content\\\/uploads\\\/2025\\\/11\\\/Joulu_snacks_2000px_12.jpg\",\"contentUrl\":\"https:\\\/\\\/weekendsnacks.fi\\\/wp-content\\\/uploads\\\/2025\\\/11\\\/Joulu_snacks_2000px_12.jpg\",\"width\":2000,\"height\":2000},{\"@type\":\"BreadcrumbList\",\"@id\":\"https:\\\/\\\/weekendsnacks.fi\\\/sv\\\/tuote\\\/julsnacks-lada-115g-x-12-st#breadcrumb\",\"itemListElement\":[{\"@type\":\"ListItem\",\"position\":1,\"name\":\"Home\",\"item\":\"https:\\\/\\\/weekendsnacks.fi\\\/sv\"},{\"@type\":\"ListItem\",\"position\":2,\"name\":\"Webbutik\",\"item\":\"https:\\\/\\\/weekendsnacks.fi\\\/sv\\\/webbutik\"},{\"@type\":\"ListItem\",\"position\":3,\"name\":\"JULSNACKS L\u00c5DA 115G x 12 ST\"}]},{\"@type\":\"WebSite\",\"@id\":\"https:\\\/\\\/weekendsnacks.fi\\\/#website\",\"url\":\"https:\\\/\\\/weekendsnacks.fi\\\/\",\"name\":\"Weekend Snacks\",\"description\":\"Suomalaiset sipsit ja snacksit\",\"publisher\":{\"@id\":\"https:\\\/\\\/weekendsnacks.fi\\\/#organization\"},\"potentialAction\":[{\"@type\":\"SearchAction\",\"target\":{\"@type\":\"EntryPoint\",\"urlTemplate\":\"https:\\\/\\\/weekendsnacks.fi\\\/?s={search_term_string}\"},\"query-input\":{\"@type\":\"PropertyValueSpecification\",\"valueRequired\":true,\"valueName\":\"search_term_string\"}}],\"inLanguage\":\"sv-SE\"},{\"@type\":\"Organization\",\"@id\":\"https:\\\/\\\/weekendsnacks.fi\\\/#organization\",\"name\":\"Weekend Snacks\",\"url\":\"https:\\\/\\\/weekendsnacks.fi\\\/\",\"logo\":{\"@type\":\"ImageObject\",\"inLanguage\":\"sv-SE\",\"@id\":\"https:\\\/\\\/weekendsnacks.fi\\\/#\\\/schema\\\/logo\\\/image\\\/\",\"url\":\"https:\\\/\\\/weekendsnacks.fi\\\/wp-content\\\/uploads\\\/2025\\\/02\\\/weekendsnacks-logo-black-800-new.png\",\"contentUrl\":\"https:\\\/\\\/weekendsnacks.fi\\\/wp-content\\\/uploads\\\/2025\\\/02\\\/weekendsnacks-logo-black-800-new.png\",\"width\":800,\"height\":541,\"caption\":\"Weekend Snacks\"},\"image\":{\"@id\":\"https:\\\/\\\/weekendsnacks.fi\\\/#\\\/schema\\\/logo\\\/image\\\/\"},\"sameAs\":[\"https:\\\/\\\/www.facebook.com\\\/weekendsnacksfinland\\\/?fref=ts\",\"https:\\\/\\\/www.instagram.com\\\/weekendsnacks20\\\/\"]}]}<\/script>\n<!-- \/ Yoast SEO plugin. -->","yoast_head_json":{"title":"JULSNACKS L\u00c5DA 115G x 12 ST - Weekend Snacks","description":"Krispiga potatissnacks med smak av pepparkaka.En ov\u00e4ntad kombination som utmanar traditionerna \u2013 och passar lika bra till gl\u00f6ggminglet som till julens delikatessbord.","robots":{"index":"index","follow":"follow","max-snippet":"max-snippet:-1","max-image-preview":"max-image-preview:large","max-video-preview":"max-video-preview:-1"},"canonical":"https:\/\/weekendsnacks.fi\/sv\/tuote\/julsnacks-lada-115g-x-12-st","og_locale":"sv_SE","og_type":"article","og_title":"JULSNACKS L\u00c5DA 115G x 12 ST - Weekend Snacks","og_description":"Krispiga potatissnacks med smak av pepparkaka.En ov\u00e4ntad kombination som utmanar traditionerna \u2013 och passar lika bra till gl\u00f6ggminglet som till julens delikatessbord.","og_url":"https:\/\/weekendsnacks.fi\/sv\/tuote\/julsnacks-lada-115g-x-12-st","og_site_name":"Weekend Snacks","article_publisher":"https:\/\/www.facebook.com\/weekendsnacksfinland\/?fref=ts","article_modified_time":"2025-11-13T12:38:01+00:00","og_image":[{"width":2000,"height":2000,"url":"https:\/\/weekendsnacks.fi\/wp-content\/uploads\/2025\/11\/Joulu_snacks_2000px_12.jpg","type":"image\/jpeg"}],"twitter_card":"summary_large_image","twitter_misc":{"Ber\u00e4knad l\u00e4stid":"1 minut"},"schema":{"@context":"https:\/\/schema.org","@graph":[{"@type":"WebPage","@id":"https:\/\/weekendsnacks.fi\/sv\/tuote\/julsnacks-lada-115g-x-12-st","url":"https:\/\/weekendsnacks.fi\/sv\/tuote\/julsnacks-lada-115g-x-12-st","name":"JULSNACKS L\u00c5DA 115G x 12 ST - Weekend Snacks","isPartOf":{"@id":"https:\/\/weekendsnacks.fi\/#website"},"primaryImageOfPage":{"@id":"https:\/\/weekendsnacks.fi\/sv\/tuote\/julsnacks-lada-115g-x-12-st#primaryimage"},"image":{"@id":"https:\/\/weekendsnacks.fi\/sv\/tuote\/julsnacks-lada-115g-x-12-st#primaryimage"},"thumbnailUrl":"https:\/\/weekendsnacks.fi\/wp-content\/uploads\/2025\/11\/Joulu_snacks_2000px_12.jpg","datePublished":"2025-11-13T12:08:33+00:00","dateModified":"2025-11-13T12:38:01+00:00","description":"Krispiga potatissnacks med smak av pepparkaka.En ov\u00e4ntad kombination som utmanar traditionerna \u2013 och passar lika bra till gl\u00f6ggminglet som till julens delikatessbord.","breadcrumb":{"@id":"https:\/\/weekendsnacks.fi\/sv\/tuote\/julsnacks-lada-115g-x-12-st#breadcrumb"},"inLanguage":"sv-SE","potentialAction":[{"@type":"ReadAction","target":["https:\/\/weekendsnacks.fi\/sv\/tuote\/julsnacks-lada-115g-x-12-st"]}]},{"@type":"ImageObject","inLanguage":"sv-SE","@id":"https:\/\/weekendsnacks.fi\/sv\/tuote\/julsnacks-lada-115g-x-12-st#primaryimage","url":"https:\/\/weekendsnacks.fi\/wp-content\/uploads\/2025\/11\/Joulu_snacks_2000px_12.jpg","contentUrl":"https:\/\/weekendsnacks.fi\/wp-content\/uploads\/2025\/11\/Joulu_snacks_2000px_12.jpg","width":2000,"height":2000},{"@type":"BreadcrumbList","@id":"https:\/\/weekendsnacks.fi\/sv\/tuote\/julsnacks-lada-115g-x-12-st#breadcrumb","itemListElement":[{"@type":"ListItem","position":1,"name":"Home","item":"https:\/\/weekendsnacks.fi\/sv"},{"@type":"ListItem","position":2,"name":"Webbutik","item":"https:\/\/weekendsnacks.fi\/sv\/webbutik"},{"@type":"ListItem","position":3,"name":"JULSNACKS L\u00c5DA 115G x 12 ST"}]},{"@type":"WebSite","@id":"https:\/\/weekendsnacks.fi\/#website","url":"https:\/\/weekendsnacks.fi\/","name":"Weekend Snacks","description":"Suomalaiset sipsit ja snacksit","publisher":{"@id":"https:\/\/weekendsnacks.fi\/#organization"},"potentialAction":[{"@type":"SearchAction","target":{"@type":"EntryPoint","urlTemplate":"https:\/\/weekendsnacks.fi\/?s={search_term_string}"},"query-input":{"@type":"PropertyValueSpecification","valueRequired":true,"valueName":"search_term_string"}}],"inLanguage":"sv-SE"},{"@type":"Organization","@id":"https:\/\/weekendsnacks.fi\/#organization","name":"Weekend Snacks","url":"https:\/\/weekendsnacks.fi\/","logo":{"@type":"ImageObject","inLanguage":"sv-SE","@id":"https:\/\/weekendsnacks.fi\/#\/schema\/logo\/image\/","url":"https:\/\/weekendsnacks.fi\/wp-content\/uploads\/2025\/02\/weekendsnacks-logo-black-800-new.png","contentUrl":"https:\/\/weekendsnacks.fi\/wp-content\/uploads\/2025\/02\/weekendsnacks-logo-black-800-new.png","width":800,"height":541,"caption":"Weekend Snacks"},"image":{"@id":"https:\/\/weekendsnacks.fi\/#\/schema\/logo\/image\/"},"sameAs":["https:\/\/www.facebook.com\/weekendsnacksfinland\/?fref=ts","https:\/\/www.instagram.com\/weekendsnacks20\/"]}]}},"_links":{"self":[{"href":"https:\/\/weekendsnacks.fi\/sv\/wp-json\/wp\/v2\/product\/12262","targetHints":{"allow":["GET"]}}],"collection":[{"href":"https:\/\/weekendsnacks.fi\/sv\/wp-json\/wp\/v2\/product"}],"about":[{"href":"https:\/\/weekendsnacks.fi\/sv\/wp-json\/wp\/v2\/types\/product"}],"wp:featuredmedia":[{"embeddable":true,"href":"https:\/\/weekendsnacks.fi\/sv\/wp-json\/wp\/v2\/media\/12270"}],"wp:attachment":[{"href":"https:\/\/weekendsnacks.fi\/sv\/wp-json\/wp\/v2\/media?parent=12262"}],"wp:term":[{"taxonomy":"product_brand","embeddable":true,"href":"https:\/\/weekendsnacks.fi\/sv\/wp-json\/wp\/v2\/product_brand?post=12262"},{"taxonomy":"product_cat","embeddable":true,"href":"https:\/\/weekendsnacks.fi\/sv\/wp-json\/wp\/v2\/product_cat?post=12262"},{"taxonomy":"product_tag","embeddable":true,"href":"https:\/\/weekendsnacks.fi\/sv\/wp-json\/wp\/v2\/product_tag?post=12262"}],"curies":[{"name":"wp","href":"https:\/\/api.w.org\/{rel}","templated":true}]}}