{"id":10285,"date":"2021-04-22T13:25:42","date_gmt":"2021-04-22T10:25:43","guid":{"rendered":"https:\/\/weekendsnacks.fi\/?post_type=product&#038;p=10285"},"modified":"2021-04-22T14:05:48","modified_gmt":"2021-04-22T11:05:48","slug":"tasting-box-3-in-1-chips-mix-90g-x-3-st","status":"publish","type":"product","link":"https:\/\/weekendsnacks.fi\/sv\/tuote\/tasting-box-3-in-1-chips-mix-90g-x-3-st","title":{"rendered":"TASTING BOX 3 IN 1 CHIPS MIX 90g x 3 ST"},"content":{"rendered":"<p><strong><span lang=\"SV-FI\">Ingredienser och n\u00e4ringsinneh\u00e5ll<\/span><\/strong><\/p>\n<ul>\n<li><a href=\"\/sv\/3in1-cheesy-jalapeno\">Granska <strong>3in1 CHIPS MIX Cheesy Jalapeno <\/strong>produktinneh\u00e5ll och n\u00e4ringsinneh\u00e5ll h\u00e4r <strong>\u00bb<\/strong><\/a><\/li>\n<li><a href=\"\/sv\/3in1-creamy-dill\">Granska<strong> 3in1 CHIPS MIX Creamy Dill<\/strong> produktinneh\u00e5ll och n\u00e4ringsinneh\u00e5ll h\u00e4r<strong> \u00bb<\/strong><\/a><\/li>\n<li><a href=\"\/sv\/3in1-ranch\">Granska<strong> 3in1 CHIPS MIX Ranch <\/strong>produktinneh\u00e5ll och n\u00e4ringsinneh\u00e5ll h\u00e4r<strong> \u00bb<\/strong><\/a><\/li>\n<\/ul>\n","protected":false},"excerpt":{"rendered":"<p><strong>Tre olika smakupplevelser ur en och samma p\u00e5se<\/strong><\/p>\n<p>V\u00e5r nyhetsblandning\u00a0<strong>3in1 Chips MIX<\/strong>\u00a0skiljer sig fr\u00e5n allt som du tidigare smakat. En f\u00f6rtjusande och unik blandning av h\u00e4rligt krispiga hummus, lins och quinoa chips. F\u00f6rpackningen inneh\u00e5ller tre till formen, smaken och texturen helt olika chips. Dr\u00f6mp\u00e5sen f\u00f6r varje l\u00e4ckergom!<\/p>\n<p>L\u00e5dan inneh\u00e5ller 3 p\u00e5sar 3in1 Chips MIX<\/p>\n<ul>\n<li><strong>1 ST x 90 g 3in1 CHIPS MIX CHEESY JALAPENO<\/strong><br \/>\n<a href=\"\/sv\/3in1-cheesy-jalapeno\">L\u00e4r mer av produkten h\u00e4r&gt;&gt;<\/a><\/li>\n<li><strong>1 ST x 90 g 3in1 CHIPS MIX CREAMY DILL<\/strong><br \/>\n<a href=\"\/sv\/3in1-creamy-dill\">L\u00e4r mer av produkten h\u00e4r&gt;&gt;<\/a><\/li>\n<li><strong>1 ST x 90 g 3in1 CHIPS MIX RANCH<\/strong><br \/>\n<a href=\"\/sv\/3in1-ranch\">L\u00e4r mer av produkten h\u00e4r&gt;&gt;<\/a><\/li>\n<\/ul>\n","protected":false},"featured_media":11028,"template":"","meta":[],"product_brand":[],"product_cat":[],"product_tag":[],"class_list":{"0":"post-10285","1":"product","2":"type-product","3":"status-publish","4":"has-post-thumbnail","6":"first","7":"instock","8":"taxable","9":"shipping-taxable","10":"purchasable","11":"product-type-simple"},"group_of_quantity":0,"min_quantity":0,"max_quantity":"","exclude_order_quantity_value_rules":"no","exclude_category_quantity_rules":"no","combine_variations":"no","yoast_head":"<!-- This site is optimized with the Yoast SEO plugin v27.5 - https:\/\/yoast.com\/product\/yoast-seo-wordpress\/ -->\n<title>TASTING BOX 3 IN 1 CHIPS MIX 90g x 3 ST - Weekend Snacks<\/title>\n<meta name=\"robots\" content=\"index, follow, max-snippet:-1, max-image-preview:large, max-video-preview:-1\" \/>\n<link rel=\"canonical\" href=\"https:\/\/weekendsnacks.fi\/tuote\/tasting-box-3-in-1-chips-mix-90g-x-3-kpl\" \/>\n<meta property=\"og:locale\" content=\"sv_SE\" \/>\n<meta property=\"og:type\" content=\"article\" \/>\n<meta property=\"og:title\" content=\"TASTING BOX 3 IN 1 CHIPS MIX 90g x 3 ST - Weekend Snacks\" \/>\n<meta property=\"og:description\" content=\"Tre olika smakupplevelser ur en och samma p\u00e5se  V\u00e5r nyhetsblandning\u00a03in1 Chips MIX\u00a0skiljer sig fr\u00e5n allt som du tidigare smakat. En f\u00f6rtjusande och unik blandning av h\u00e4rligt krispiga hummus, lins och quinoa chips. F\u00f6rpackningen inneh\u00e5ller tre till formen, smaken och texturen helt olika chips. Dr\u00f6mp\u00e5sen f\u00f6r varje l\u00e4ckergom!  L\u00e5dan inneh\u00e5ller 3 p\u00e5sar 3in1 Chips MIX   1 ST x 90 g 3in1 CHIPS MIX CHEESY JALAPENO L\u00e4r mer av produkten h\u00e4r&gt;&gt;  1 ST x 90 g 3in1 CHIPS MIX CREAMY DILL L\u00e4r mer av produkten h\u00e4r&gt;&gt;  1 ST x 90 g 3in1 CHIPS MIX RANCH L\u00e4r mer av produkten h\u00e4r&gt;&gt;\" \/>\n<meta property=\"og:url\" content=\"https:\/\/weekendsnacks.fi\/tuote\/tasting-box-3-in-1-chips-mix-90g-x-3-kpl\" \/>\n<meta property=\"og:site_name\" content=\"Weekend Snacks\" \/>\n<meta property=\"article:publisher\" content=\"https:\/\/www.facebook.com\/weekendsnacksfinland\/?fref=ts\" \/>\n<meta property=\"article:modified_time\" content=\"2021-04-22T11:05:48+00:00\" \/>\n<meta property=\"og:image\" content=\"https:\/\/weekendsnacks.fi\/wp-content\/uploads\/2021\/04\/3in1mix-uusibox3.jpg\" \/>\n\t<meta property=\"og:image:width\" content=\"2000\" \/>\n\t<meta property=\"og:image:height\" content=\"2000\" \/>\n\t<meta property=\"og:image:type\" content=\"image\/jpeg\" \/>\n<meta name=\"twitter:card\" content=\"summary_large_image\" \/>\n<meta name=\"twitter:label1\" content=\"Ber\u00e4knad l\u00e4stid\" \/>\n\t<meta name=\"twitter:data1\" content=\"1 minut\" \/>\n<script type=\"application\/ld+json\" class=\"yoast-schema-graph\">{\"@context\":\"https:\\\/\\\/schema.org\",\"@graph\":[{\"@type\":\"WebPage\",\"@id\":\"https:\\\/\\\/weekendsnacks.fi\\\/tuote\\\/tasting-box-3-in-1-chips-mix-90g-x-3-kpl\",\"url\":\"https:\\\/\\\/weekendsnacks.fi\\\/tuote\\\/tasting-box-3-in-1-chips-mix-90g-x-3-kpl\",\"name\":\"TASTING BOX 3 IN 1 CHIPS MIX 90g x 3 ST - Weekend Snacks\",\"isPartOf\":{\"@id\":\"https:\\\/\\\/weekendsnacks.fi\\\/#website\"},\"primaryImageOfPage\":{\"@id\":\"https:\\\/\\\/weekendsnacks.fi\\\/tuote\\\/tasting-box-3-in-1-chips-mix-90g-x-3-kpl#primaryimage\"},\"image\":{\"@id\":\"https:\\\/\\\/weekendsnacks.fi\\\/tuote\\\/tasting-box-3-in-1-chips-mix-90g-x-3-kpl#primaryimage\"},\"thumbnailUrl\":\"https:\\\/\\\/weekendsnacks.fi\\\/wp-content\\\/uploads\\\/2021\\\/04\\\/3in1mix-uusibox3.jpg\",\"datePublished\":\"2021-04-22T10:25:43+00:00\",\"dateModified\":\"2021-04-22T11:05:48+00:00\",\"breadcrumb\":{\"@id\":\"https:\\\/\\\/weekendsnacks.fi\\\/tuote\\\/tasting-box-3-in-1-chips-mix-90g-x-3-kpl#breadcrumb\"},\"inLanguage\":\"sv-SE\",\"potentialAction\":[{\"@type\":\"ReadAction\",\"target\":[\"https:\\\/\\\/weekendsnacks.fi\\\/tuote\\\/tasting-box-3-in-1-chips-mix-90g-x-3-kpl\"]}]},{\"@type\":\"ImageObject\",\"inLanguage\":\"sv-SE\",\"@id\":\"https:\\\/\\\/weekendsnacks.fi\\\/tuote\\\/tasting-box-3-in-1-chips-mix-90g-x-3-kpl#primaryimage\",\"url\":\"https:\\\/\\\/weekendsnacks.fi\\\/wp-content\\\/uploads\\\/2021\\\/04\\\/3in1mix-uusibox3.jpg\",\"contentUrl\":\"https:\\\/\\\/weekendsnacks.fi\\\/wp-content\\\/uploads\\\/2021\\\/04\\\/3in1mix-uusibox3.jpg\",\"width\":2000,\"height\":2000},{\"@type\":\"BreadcrumbList\",\"@id\":\"https:\\\/\\\/weekendsnacks.fi\\\/tuote\\\/tasting-box-3-in-1-chips-mix-90g-x-3-kpl#breadcrumb\",\"itemListElement\":[{\"@type\":\"ListItem\",\"position\":1,\"name\":\"Home\",\"item\":\"https:\\\/\\\/weekendsnacks.fi\\\/sv\"},{\"@type\":\"ListItem\",\"position\":2,\"name\":\"Webbutik\",\"item\":\"https:\\\/\\\/weekendsnacks.fi\\\/sv\\\/webbutik\"},{\"@type\":\"ListItem\",\"position\":3,\"name\":\"TASTING BOX 3 IN 1 CHIPS MIX 90g x 3 ST\"}]},{\"@type\":\"WebSite\",\"@id\":\"https:\\\/\\\/weekendsnacks.fi\\\/#website\",\"url\":\"https:\\\/\\\/weekendsnacks.fi\\\/\",\"name\":\"Weekend Snacks\",\"description\":\"Suomalaiset sipsit ja snacksit\",\"publisher\":{\"@id\":\"https:\\\/\\\/weekendsnacks.fi\\\/#organization\"},\"potentialAction\":[{\"@type\":\"SearchAction\",\"target\":{\"@type\":\"EntryPoint\",\"urlTemplate\":\"https:\\\/\\\/weekendsnacks.fi\\\/?s={search_term_string}\"},\"query-input\":{\"@type\":\"PropertyValueSpecification\",\"valueRequired\":true,\"valueName\":\"search_term_string\"}}],\"inLanguage\":\"sv-SE\"},{\"@type\":\"Organization\",\"@id\":\"https:\\\/\\\/weekendsnacks.fi\\\/#organization\",\"name\":\"Weekend Snacks\",\"url\":\"https:\\\/\\\/weekendsnacks.fi\\\/\",\"logo\":{\"@type\":\"ImageObject\",\"inLanguage\":\"sv-SE\",\"@id\":\"https:\\\/\\\/weekendsnacks.fi\\\/#\\\/schema\\\/logo\\\/image\\\/\",\"url\":\"https:\\\/\\\/weekendsnacks.fi\\\/wp-content\\\/uploads\\\/2025\\\/02\\\/weekendsnacks-logo-black-800-new.png\",\"contentUrl\":\"https:\\\/\\\/weekendsnacks.fi\\\/wp-content\\\/uploads\\\/2025\\\/02\\\/weekendsnacks-logo-black-800-new.png\",\"width\":800,\"height\":541,\"caption\":\"Weekend Snacks\"},\"image\":{\"@id\":\"https:\\\/\\\/weekendsnacks.fi\\\/#\\\/schema\\\/logo\\\/image\\\/\"},\"sameAs\":[\"https:\\\/\\\/www.facebook.com\\\/weekendsnacksfinland\\\/?fref=ts\",\"https:\\\/\\\/www.instagram.com\\\/weekendsnacks20\\\/\"]}]}<\/script>\n<!-- \/ Yoast SEO plugin. -->","yoast_head_json":{"title":"TASTING BOX 3 IN 1 CHIPS MIX 90g x 3 ST - Weekend Snacks","robots":{"index":"index","follow":"follow","max-snippet":"max-snippet:-1","max-image-preview":"max-image-preview:large","max-video-preview":"max-video-preview:-1"},"canonical":"https:\/\/weekendsnacks.fi\/tuote\/tasting-box-3-in-1-chips-mix-90g-x-3-kpl","og_locale":"sv_SE","og_type":"article","og_title":"TASTING BOX 3 IN 1 CHIPS MIX 90g x 3 ST - Weekend Snacks","og_description":"Tre olika smakupplevelser ur en och samma p\u00e5se  V\u00e5r nyhetsblandning\u00a03in1 Chips MIX\u00a0skiljer sig fr\u00e5n allt som du tidigare smakat. En f\u00f6rtjusande och unik blandning av h\u00e4rligt krispiga hummus, lins och quinoa chips. F\u00f6rpackningen inneh\u00e5ller tre till formen, smaken och texturen helt olika chips. Dr\u00f6mp\u00e5sen f\u00f6r varje l\u00e4ckergom!  L\u00e5dan inneh\u00e5ller 3 p\u00e5sar 3in1 Chips MIX   1 ST x 90 g 3in1 CHIPS MIX CHEESY JALAPENO L\u00e4r mer av produkten h\u00e4r&gt;&gt;  1 ST x 90 g 3in1 CHIPS MIX CREAMY DILL L\u00e4r mer av produkten h\u00e4r&gt;&gt;  1 ST x 90 g 3in1 CHIPS MIX RANCH L\u00e4r mer av produkten h\u00e4r&gt;&gt;","og_url":"https:\/\/weekendsnacks.fi\/tuote\/tasting-box-3-in-1-chips-mix-90g-x-3-kpl","og_site_name":"Weekend Snacks","article_publisher":"https:\/\/www.facebook.com\/weekendsnacksfinland\/?fref=ts","article_modified_time":"2021-04-22T11:05:48+00:00","og_image":[{"width":2000,"height":2000,"url":"https:\/\/weekendsnacks.fi\/wp-content\/uploads\/2021\/04\/3in1mix-uusibox3.jpg","type":"image\/jpeg"}],"twitter_card":"summary_large_image","twitter_misc":{"Ber\u00e4knad l\u00e4stid":"1 minut"},"schema":{"@context":"https:\/\/schema.org","@graph":[{"@type":"WebPage","@id":"https:\/\/weekendsnacks.fi\/tuote\/tasting-box-3-in-1-chips-mix-90g-x-3-kpl","url":"https:\/\/weekendsnacks.fi\/tuote\/tasting-box-3-in-1-chips-mix-90g-x-3-kpl","name":"TASTING BOX 3 IN 1 CHIPS MIX 90g x 3 ST - Weekend Snacks","isPartOf":{"@id":"https:\/\/weekendsnacks.fi\/#website"},"primaryImageOfPage":{"@id":"https:\/\/weekendsnacks.fi\/tuote\/tasting-box-3-in-1-chips-mix-90g-x-3-kpl#primaryimage"},"image":{"@id":"https:\/\/weekendsnacks.fi\/tuote\/tasting-box-3-in-1-chips-mix-90g-x-3-kpl#primaryimage"},"thumbnailUrl":"https:\/\/weekendsnacks.fi\/wp-content\/uploads\/2021\/04\/3in1mix-uusibox3.jpg","datePublished":"2021-04-22T10:25:43+00:00","dateModified":"2021-04-22T11:05:48+00:00","breadcrumb":{"@id":"https:\/\/weekendsnacks.fi\/tuote\/tasting-box-3-in-1-chips-mix-90g-x-3-kpl#breadcrumb"},"inLanguage":"sv-SE","potentialAction":[{"@type":"ReadAction","target":["https:\/\/weekendsnacks.fi\/tuote\/tasting-box-3-in-1-chips-mix-90g-x-3-kpl"]}]},{"@type":"ImageObject","inLanguage":"sv-SE","@id":"https:\/\/weekendsnacks.fi\/tuote\/tasting-box-3-in-1-chips-mix-90g-x-3-kpl#primaryimage","url":"https:\/\/weekendsnacks.fi\/wp-content\/uploads\/2021\/04\/3in1mix-uusibox3.jpg","contentUrl":"https:\/\/weekendsnacks.fi\/wp-content\/uploads\/2021\/04\/3in1mix-uusibox3.jpg","width":2000,"height":2000},{"@type":"BreadcrumbList","@id":"https:\/\/weekendsnacks.fi\/tuote\/tasting-box-3-in-1-chips-mix-90g-x-3-kpl#breadcrumb","itemListElement":[{"@type":"ListItem","position":1,"name":"Home","item":"https:\/\/weekendsnacks.fi\/sv"},{"@type":"ListItem","position":2,"name":"Webbutik","item":"https:\/\/weekendsnacks.fi\/sv\/webbutik"},{"@type":"ListItem","position":3,"name":"TASTING BOX 3 IN 1 CHIPS MIX 90g x 3 ST"}]},{"@type":"WebSite","@id":"https:\/\/weekendsnacks.fi\/#website","url":"https:\/\/weekendsnacks.fi\/","name":"Weekend Snacks","description":"Suomalaiset sipsit ja snacksit","publisher":{"@id":"https:\/\/weekendsnacks.fi\/#organization"},"potentialAction":[{"@type":"SearchAction","target":{"@type":"EntryPoint","urlTemplate":"https:\/\/weekendsnacks.fi\/?s={search_term_string}"},"query-input":{"@type":"PropertyValueSpecification","valueRequired":true,"valueName":"search_term_string"}}],"inLanguage":"sv-SE"},{"@type":"Organization","@id":"https:\/\/weekendsnacks.fi\/#organization","name":"Weekend Snacks","url":"https:\/\/weekendsnacks.fi\/","logo":{"@type":"ImageObject","inLanguage":"sv-SE","@id":"https:\/\/weekendsnacks.fi\/#\/schema\/logo\/image\/","url":"https:\/\/weekendsnacks.fi\/wp-content\/uploads\/2025\/02\/weekendsnacks-logo-black-800-new.png","contentUrl":"https:\/\/weekendsnacks.fi\/wp-content\/uploads\/2025\/02\/weekendsnacks-logo-black-800-new.png","width":800,"height":541,"caption":"Weekend Snacks"},"image":{"@id":"https:\/\/weekendsnacks.fi\/#\/schema\/logo\/image\/"},"sameAs":["https:\/\/www.facebook.com\/weekendsnacksfinland\/?fref=ts","https:\/\/www.instagram.com\/weekendsnacks20\/"]}]}},"_links":{"self":[{"href":"https:\/\/weekendsnacks.fi\/sv\/wp-json\/wp\/v2\/product\/10285","targetHints":{"allow":["GET"]}}],"collection":[{"href":"https:\/\/weekendsnacks.fi\/sv\/wp-json\/wp\/v2\/product"}],"about":[{"href":"https:\/\/weekendsnacks.fi\/sv\/wp-json\/wp\/v2\/types\/product"}],"wp:featuredmedia":[{"embeddable":true,"href":"https:\/\/weekendsnacks.fi\/sv\/wp-json\/wp\/v2\/media\/11028"}],"wp:attachment":[{"href":"https:\/\/weekendsnacks.fi\/sv\/wp-json\/wp\/v2\/media?parent=10285"}],"wp:term":[{"taxonomy":"product_brand","embeddable":true,"href":"https:\/\/weekendsnacks.fi\/sv\/wp-json\/wp\/v2\/product_brand?post=10285"},{"taxonomy":"product_cat","embeddable":true,"href":"https:\/\/weekendsnacks.fi\/sv\/wp-json\/wp\/v2\/product_cat?post=10285"},{"taxonomy":"product_tag","embeddable":true,"href":"https:\/\/weekendsnacks.fi\/sv\/wp-json\/wp\/v2\/product_tag?post=10285"}],"curies":[{"name":"wp","href":"https:\/\/api.w.org\/{rel}","templated":true}]}}