{"id":10278,"date":"2021-04-20T13:58:13","date_gmt":"2021-04-20T10:58:14","guid":{"rendered":"https:\/\/weekendsnacks.fi\/?post_type=product&#038;p=10278"},"modified":"2021-04-22T14:04:50","modified_gmt":"2021-04-22T11:04:50","slug":"3-in-1-chips-mix-blandlada-90g-x-12-st","status":"publish","type":"product","link":"https:\/\/weekendsnacks.fi\/sv\/tuote\/3-in-1-chips-mix-blandlada-90g-x-12-st","title":{"rendered":"3 IN 1 CHIPS MIX BLANDL\u00c5DA 90G x 12 ST"},"content":{"rendered":"<p><strong><span lang=\"SV-FI\">Ingredienser och n\u00e4ringsinneh\u00e5ll<\/span><\/strong><\/p>\n<ul>\n<li><a href=\"\/sv\/3in1-cheesy-jalapeno\">Granska <strong>3in1 CHIPS MIX Cheesy Jalapeno <\/strong>produktinneh\u00e5ll och n\u00e4ringsinneh\u00e5ll h\u00e4r <strong>\u00bb<\/strong><\/a><\/li>\n<li><a href=\"\/sv\/3in1-creamy-dill\">Granska<strong> 3in1 CHIPS MIX Creamy Dill<\/strong> produktinneh\u00e5ll och n\u00e4ringsinneh\u00e5ll h\u00e4r<strong> \u00bb<\/strong><\/a><\/li>\n<li><a href=\"\/sv\/3in1-ranch\">Granska<strong> 3in1 CHIPS MIX Ranch <\/strong>produktinneh\u00e5ll och n\u00e4ringsinneh\u00e5ll h\u00e4r<strong> \u00bb<\/strong><\/a><\/li>\n<\/ul>\n","protected":false},"excerpt":{"rendered":"<p><strong>Samling av 3IN1 Chips Mix -produkter<\/strong><\/p>\n<p>V\u00e5r nyhetsblandning\u00a0<strong>3in1 Chips MIX<\/strong>\u00a0skiljer sig fr\u00e5n allt som du tidigare smakat. En f\u00f6rtjusande och unik blandning av h\u00e4rligt krispiga hummus, lins och quinoa chips. F\u00f6rpackningen inneh\u00e5ller tre till formen, smaken och texturen helt olika chips. Dr\u00f6mp\u00e5sen f\u00f6r varje l\u00e4ckergom!<\/p>\n<p>L\u00e5dan inneh\u00e5ller 12 p\u00e5sar 3in1 Chips MIX<\/p>\n<ul>\n<li><strong>4 ST x 90 g 3in1 CHIPS MIX CHEESY JALAPENO<\/strong><br \/>\n<a href=\"\/sv\/3in1-cheesy-jalapeno\">L\u00e4r mer av produkten h\u00e4r&gt;&gt;<\/a><\/li>\n<li><strong>4 ST x 90 g 3in1 CHIPS MIX CREAMY DILL<\/strong><br \/>\n<a href=\"\/sv\/3in1-creamy-dill\">L\u00e4r mer av produkten h\u00e4r&gt;&gt;<\/a><\/li>\n<li><strong>4 ST x 90 g 3in1 CHIPS MIX RANCH<\/strong><br \/>\n<a href=\"\/sv\/3in1-ranch\">L\u00e4r mer av produkten h\u00e4r&gt;&gt;<\/a><\/li>\n<\/ul>\n","protected":false},"featured_media":10282,"template":"","meta":[],"product_brand":[],"product_cat":[59],"product_tag":[],"class_list":{"0":"post-10278","1":"product","2":"type-product","3":"status-publish","4":"has-post-thumbnail","6":"product_cat-yleinen","8":"first","9":"instock","10":"taxable","11":"shipping-taxable","12":"purchasable","13":"product-type-simple"},"group_of_quantity":0,"min_quantity":0,"max_quantity":"","exclude_order_quantity_value_rules":"no","exclude_category_quantity_rules":"no","combine_variations":"no","yoast_head":"<!-- This site is optimized with the Yoast SEO plugin v27.5 - https:\/\/yoast.com\/product\/yoast-seo-wordpress\/ -->\n<title>3 IN 1 CHIPS MIX BLANDL\u00c5DA 90G x 12 ST - Weekend Snacks<\/title>\n<meta name=\"robots\" content=\"index, follow, max-snippet:-1, max-image-preview:large, max-video-preview:-1\" \/>\n<link rel=\"canonical\" href=\"https:\/\/weekendsnacks.fi\/sv\/tuote\/3-in-1-chips-mix-blandlada-90g-x-12-st\" \/>\n<meta property=\"og:locale\" content=\"sv_SE\" \/>\n<meta property=\"og:type\" content=\"article\" \/>\n<meta property=\"og:title\" content=\"3 IN 1 CHIPS MIX BLANDL\u00c5DA 90G x 12 ST - Weekend Snacks\" \/>\n<meta property=\"og:description\" content=\"Samling av 3IN1 Chips Mix -produkter  V\u00e5r nyhetsblandning\u00a03in1 Chips MIX\u00a0skiljer sig fr\u00e5n allt som du tidigare smakat. En f\u00f6rtjusande och unik blandning av h\u00e4rligt krispiga hummus, lins och quinoa chips. F\u00f6rpackningen inneh\u00e5ller tre till formen, smaken och texturen helt olika chips. Dr\u00f6mp\u00e5sen f\u00f6r varje l\u00e4ckergom!  L\u00e5dan inneh\u00e5ller 12 p\u00e5sar 3in1 Chips MIX   4 ST x 90 g 3in1 CHIPS MIX CHEESY JALAPENO L\u00e4r mer av produkten h\u00e4r&gt;&gt;  4 ST x 90 g 3in1 CHIPS MIX CREAMY DILL L\u00e4r mer av produkten h\u00e4r&gt;&gt;  4 ST x 90 g 3in1 CHIPS MIX RANCH L\u00e4r mer av produkten h\u00e4r&gt;&gt;\" \/>\n<meta property=\"og:url\" content=\"https:\/\/weekendsnacks.fi\/sv\/tuote\/3-in-1-chips-mix-blandlada-90g-x-12-st\" \/>\n<meta property=\"og:site_name\" content=\"Weekend Snacks\" \/>\n<meta property=\"article:publisher\" content=\"https:\/\/www.facebook.com\/weekendsnacksfinland\/?fref=ts\" \/>\n<meta property=\"article:modified_time\" content=\"2021-04-22T11:04:50+00:00\" \/>\n<meta property=\"og:image\" content=\"https:\/\/weekendsnacks.fi\/wp-content\/uploads\/2021\/04\/12pack_tuotekuva19042021.jpg\" \/>\n\t<meta property=\"og:image:width\" content=\"1500\" \/>\n\t<meta property=\"og:image:height\" content=\"1500\" \/>\n\t<meta property=\"og:image:type\" content=\"image\/jpeg\" \/>\n<meta name=\"twitter:card\" content=\"summary_large_image\" \/>\n<meta name=\"twitter:label1\" content=\"Ber\u00e4knad l\u00e4stid\" \/>\n\t<meta name=\"twitter:data1\" content=\"1 minut\" \/>\n<script type=\"application\/ld+json\" class=\"yoast-schema-graph\">{\"@context\":\"https:\\\/\\\/schema.org\",\"@graph\":[{\"@type\":\"WebPage\",\"@id\":\"https:\\\/\\\/weekendsnacks.fi\\\/sv\\\/tuote\\\/3-in-1-chips-mix-blandlada-90g-x-12-st\",\"url\":\"https:\\\/\\\/weekendsnacks.fi\\\/sv\\\/tuote\\\/3-in-1-chips-mix-blandlada-90g-x-12-st\",\"name\":\"3 IN 1 CHIPS MIX BLANDL\u00c5DA 90G x 12 ST - Weekend Snacks\",\"isPartOf\":{\"@id\":\"https:\\\/\\\/weekendsnacks.fi\\\/#website\"},\"primaryImageOfPage\":{\"@id\":\"https:\\\/\\\/weekendsnacks.fi\\\/sv\\\/tuote\\\/3-in-1-chips-mix-blandlada-90g-x-12-st#primaryimage\"},\"image\":{\"@id\":\"https:\\\/\\\/weekendsnacks.fi\\\/sv\\\/tuote\\\/3-in-1-chips-mix-blandlada-90g-x-12-st#primaryimage\"},\"thumbnailUrl\":\"https:\\\/\\\/weekendsnacks.fi\\\/wp-content\\\/uploads\\\/2021\\\/04\\\/12pack_tuotekuva19042021.jpg\",\"datePublished\":\"2021-04-20T10:58:14+00:00\",\"dateModified\":\"2021-04-22T11:04:50+00:00\",\"breadcrumb\":{\"@id\":\"https:\\\/\\\/weekendsnacks.fi\\\/sv\\\/tuote\\\/3-in-1-chips-mix-blandlada-90g-x-12-st#breadcrumb\"},\"inLanguage\":\"sv-SE\",\"potentialAction\":[{\"@type\":\"ReadAction\",\"target\":[\"https:\\\/\\\/weekendsnacks.fi\\\/sv\\\/tuote\\\/3-in-1-chips-mix-blandlada-90g-x-12-st\"]}]},{\"@type\":\"ImageObject\",\"inLanguage\":\"sv-SE\",\"@id\":\"https:\\\/\\\/weekendsnacks.fi\\\/sv\\\/tuote\\\/3-in-1-chips-mix-blandlada-90g-x-12-st#primaryimage\",\"url\":\"https:\\\/\\\/weekendsnacks.fi\\\/wp-content\\\/uploads\\\/2021\\\/04\\\/12pack_tuotekuva19042021.jpg\",\"contentUrl\":\"https:\\\/\\\/weekendsnacks.fi\\\/wp-content\\\/uploads\\\/2021\\\/04\\\/12pack_tuotekuva19042021.jpg\",\"width\":1500,\"height\":1500,\"caption\":\"3in1 12-pack\"},{\"@type\":\"BreadcrumbList\",\"@id\":\"https:\\\/\\\/weekendsnacks.fi\\\/sv\\\/tuote\\\/3-in-1-chips-mix-blandlada-90g-x-12-st#breadcrumb\",\"itemListElement\":[{\"@type\":\"ListItem\",\"position\":1,\"name\":\"Home\",\"item\":\"https:\\\/\\\/weekendsnacks.fi\\\/sv\"},{\"@type\":\"ListItem\",\"position\":2,\"name\":\"Webbutik\",\"item\":\"https:\\\/\\\/weekendsnacks.fi\\\/sv\\\/webbutik\"},{\"@type\":\"ListItem\",\"position\":3,\"name\":\"3 IN 1 CHIPS MIX BLANDL\u00c5DA 90G x 12 ST\"}]},{\"@type\":\"WebSite\",\"@id\":\"https:\\\/\\\/weekendsnacks.fi\\\/#website\",\"url\":\"https:\\\/\\\/weekendsnacks.fi\\\/\",\"name\":\"Weekend Snacks\",\"description\":\"Suomalaiset sipsit ja snacksit\",\"publisher\":{\"@id\":\"https:\\\/\\\/weekendsnacks.fi\\\/#organization\"},\"potentialAction\":[{\"@type\":\"SearchAction\",\"target\":{\"@type\":\"EntryPoint\",\"urlTemplate\":\"https:\\\/\\\/weekendsnacks.fi\\\/?s={search_term_string}\"},\"query-input\":{\"@type\":\"PropertyValueSpecification\",\"valueRequired\":true,\"valueName\":\"search_term_string\"}}],\"inLanguage\":\"sv-SE\"},{\"@type\":\"Organization\",\"@id\":\"https:\\\/\\\/weekendsnacks.fi\\\/#organization\",\"name\":\"Weekend Snacks\",\"url\":\"https:\\\/\\\/weekendsnacks.fi\\\/\",\"logo\":{\"@type\":\"ImageObject\",\"inLanguage\":\"sv-SE\",\"@id\":\"https:\\\/\\\/weekendsnacks.fi\\\/#\\\/schema\\\/logo\\\/image\\\/\",\"url\":\"https:\\\/\\\/weekendsnacks.fi\\\/wp-content\\\/uploads\\\/2025\\\/02\\\/weekendsnacks-logo-black-800-new.png\",\"contentUrl\":\"https:\\\/\\\/weekendsnacks.fi\\\/wp-content\\\/uploads\\\/2025\\\/02\\\/weekendsnacks-logo-black-800-new.png\",\"width\":800,\"height\":541,\"caption\":\"Weekend Snacks\"},\"image\":{\"@id\":\"https:\\\/\\\/weekendsnacks.fi\\\/#\\\/schema\\\/logo\\\/image\\\/\"},\"sameAs\":[\"https:\\\/\\\/www.facebook.com\\\/weekendsnacksfinland\\\/?fref=ts\",\"https:\\\/\\\/www.instagram.com\\\/weekendsnacks20\\\/\"]}]}<\/script>\n<!-- \/ Yoast SEO plugin. -->","yoast_head_json":{"title":"3 IN 1 CHIPS MIX BLANDL\u00c5DA 90G x 12 ST - Weekend Snacks","robots":{"index":"index","follow":"follow","max-snippet":"max-snippet:-1","max-image-preview":"max-image-preview:large","max-video-preview":"max-video-preview:-1"},"canonical":"https:\/\/weekendsnacks.fi\/sv\/tuote\/3-in-1-chips-mix-blandlada-90g-x-12-st","og_locale":"sv_SE","og_type":"article","og_title":"3 IN 1 CHIPS MIX BLANDL\u00c5DA 90G x 12 ST - Weekend Snacks","og_description":"Samling av 3IN1 Chips Mix -produkter  V\u00e5r nyhetsblandning\u00a03in1 Chips MIX\u00a0skiljer sig fr\u00e5n allt som du tidigare smakat. En f\u00f6rtjusande och unik blandning av h\u00e4rligt krispiga hummus, lins och quinoa chips. F\u00f6rpackningen inneh\u00e5ller tre till formen, smaken och texturen helt olika chips. Dr\u00f6mp\u00e5sen f\u00f6r varje l\u00e4ckergom!  L\u00e5dan inneh\u00e5ller 12 p\u00e5sar 3in1 Chips MIX   4 ST x 90 g 3in1 CHIPS MIX CHEESY JALAPENO L\u00e4r mer av produkten h\u00e4r&gt;&gt;  4 ST x 90 g 3in1 CHIPS MIX CREAMY DILL L\u00e4r mer av produkten h\u00e4r&gt;&gt;  4 ST x 90 g 3in1 CHIPS MIX RANCH L\u00e4r mer av produkten h\u00e4r&gt;&gt;","og_url":"https:\/\/weekendsnacks.fi\/sv\/tuote\/3-in-1-chips-mix-blandlada-90g-x-12-st","og_site_name":"Weekend Snacks","article_publisher":"https:\/\/www.facebook.com\/weekendsnacksfinland\/?fref=ts","article_modified_time":"2021-04-22T11:04:50+00:00","og_image":[{"width":1500,"height":1500,"url":"https:\/\/weekendsnacks.fi\/wp-content\/uploads\/2021\/04\/12pack_tuotekuva19042021.jpg","type":"image\/jpeg"}],"twitter_card":"summary_large_image","twitter_misc":{"Ber\u00e4knad l\u00e4stid":"1 minut"},"schema":{"@context":"https:\/\/schema.org","@graph":[{"@type":"WebPage","@id":"https:\/\/weekendsnacks.fi\/sv\/tuote\/3-in-1-chips-mix-blandlada-90g-x-12-st","url":"https:\/\/weekendsnacks.fi\/sv\/tuote\/3-in-1-chips-mix-blandlada-90g-x-12-st","name":"3 IN 1 CHIPS MIX BLANDL\u00c5DA 90G x 12 ST - Weekend Snacks","isPartOf":{"@id":"https:\/\/weekendsnacks.fi\/#website"},"primaryImageOfPage":{"@id":"https:\/\/weekendsnacks.fi\/sv\/tuote\/3-in-1-chips-mix-blandlada-90g-x-12-st#primaryimage"},"image":{"@id":"https:\/\/weekendsnacks.fi\/sv\/tuote\/3-in-1-chips-mix-blandlada-90g-x-12-st#primaryimage"},"thumbnailUrl":"https:\/\/weekendsnacks.fi\/wp-content\/uploads\/2021\/04\/12pack_tuotekuva19042021.jpg","datePublished":"2021-04-20T10:58:14+00:00","dateModified":"2021-04-22T11:04:50+00:00","breadcrumb":{"@id":"https:\/\/weekendsnacks.fi\/sv\/tuote\/3-in-1-chips-mix-blandlada-90g-x-12-st#breadcrumb"},"inLanguage":"sv-SE","potentialAction":[{"@type":"ReadAction","target":["https:\/\/weekendsnacks.fi\/sv\/tuote\/3-in-1-chips-mix-blandlada-90g-x-12-st"]}]},{"@type":"ImageObject","inLanguage":"sv-SE","@id":"https:\/\/weekendsnacks.fi\/sv\/tuote\/3-in-1-chips-mix-blandlada-90g-x-12-st#primaryimage","url":"https:\/\/weekendsnacks.fi\/wp-content\/uploads\/2021\/04\/12pack_tuotekuva19042021.jpg","contentUrl":"https:\/\/weekendsnacks.fi\/wp-content\/uploads\/2021\/04\/12pack_tuotekuva19042021.jpg","width":1500,"height":1500,"caption":"3in1 12-pack"},{"@type":"BreadcrumbList","@id":"https:\/\/weekendsnacks.fi\/sv\/tuote\/3-in-1-chips-mix-blandlada-90g-x-12-st#breadcrumb","itemListElement":[{"@type":"ListItem","position":1,"name":"Home","item":"https:\/\/weekendsnacks.fi\/sv"},{"@type":"ListItem","position":2,"name":"Webbutik","item":"https:\/\/weekendsnacks.fi\/sv\/webbutik"},{"@type":"ListItem","position":3,"name":"3 IN 1 CHIPS MIX BLANDL\u00c5DA 90G x 12 ST"}]},{"@type":"WebSite","@id":"https:\/\/weekendsnacks.fi\/#website","url":"https:\/\/weekendsnacks.fi\/","name":"Weekend Snacks","description":"Suomalaiset sipsit ja snacksit","publisher":{"@id":"https:\/\/weekendsnacks.fi\/#organization"},"potentialAction":[{"@type":"SearchAction","target":{"@type":"EntryPoint","urlTemplate":"https:\/\/weekendsnacks.fi\/?s={search_term_string}"},"query-input":{"@type":"PropertyValueSpecification","valueRequired":true,"valueName":"search_term_string"}}],"inLanguage":"sv-SE"},{"@type":"Organization","@id":"https:\/\/weekendsnacks.fi\/#organization","name":"Weekend Snacks","url":"https:\/\/weekendsnacks.fi\/","logo":{"@type":"ImageObject","inLanguage":"sv-SE","@id":"https:\/\/weekendsnacks.fi\/#\/schema\/logo\/image\/","url":"https:\/\/weekendsnacks.fi\/wp-content\/uploads\/2025\/02\/weekendsnacks-logo-black-800-new.png","contentUrl":"https:\/\/weekendsnacks.fi\/wp-content\/uploads\/2025\/02\/weekendsnacks-logo-black-800-new.png","width":800,"height":541,"caption":"Weekend Snacks"},"image":{"@id":"https:\/\/weekendsnacks.fi\/#\/schema\/logo\/image\/"},"sameAs":["https:\/\/www.facebook.com\/weekendsnacksfinland\/?fref=ts","https:\/\/www.instagram.com\/weekendsnacks20\/"]}]}},"_links":{"self":[{"href":"https:\/\/weekendsnacks.fi\/sv\/wp-json\/wp\/v2\/product\/10278","targetHints":{"allow":["GET"]}}],"collection":[{"href":"https:\/\/weekendsnacks.fi\/sv\/wp-json\/wp\/v2\/product"}],"about":[{"href":"https:\/\/weekendsnacks.fi\/sv\/wp-json\/wp\/v2\/types\/product"}],"wp:featuredmedia":[{"embeddable":true,"href":"https:\/\/weekendsnacks.fi\/sv\/wp-json\/wp\/v2\/media\/10282"}],"wp:attachment":[{"href":"https:\/\/weekendsnacks.fi\/sv\/wp-json\/wp\/v2\/media?parent=10278"}],"wp:term":[{"taxonomy":"product_brand","embeddable":true,"href":"https:\/\/weekendsnacks.fi\/sv\/wp-json\/wp\/v2\/product_brand?post=10278"},{"taxonomy":"product_cat","embeddable":true,"href":"https:\/\/weekendsnacks.fi\/sv\/wp-json\/wp\/v2\/product_cat?post=10278"},{"taxonomy":"product_tag","embeddable":true,"href":"https:\/\/weekendsnacks.fi\/sv\/wp-json\/wp\/v2\/product_tag?post=10278"}],"curies":[{"name":"wp","href":"https:\/\/api.w.org\/{rel}","templated":true}]}}