{"id":1187,"date":"2018-10-06T11:23:19","date_gmt":"2018-10-06T08:23:19","guid":{"rendered":"http:\/\/weekendsnacks.fi\/tietosuojaseloste"},"modified":"2020-03-20T17:58:23","modified_gmt":"2020-03-20T15:58:23","slug":"tietosuojaseloste","status":"publish","type":"page","link":"https:\/\/weekendsnacks.fi\/sv\/tietosuojaseloste","title":{"rendered":"Tietosuojaseloste"},"content":{"rendered":"<h1>Oy Weekend Snacks Ltd:n Rekisteri- ja tietosuojaseloste<\/h1>\n<p>Tietosuojalain ja Euroopan Unionin yleisen tietosuoja-asetuksen (2016\/679\/EU) mukainen yhdistetty tietosuojaseloste ja informointiasiakirja. Laadittu 19.05.2018. Viimeisin muutos 20.3.2020.<\/p>\n<p><strong>1. Rekisterinpit\u00e4j\u00e4<\/strong><br \/>\nOy Weekend Snacks Ltd<br \/>\nTeollisuuskatu 3-5, 64260 Kaskinen, y-tunnus: 1056429-9<\/p>\n<p><strong>2. Rekisterist\u00e4 vastaava yhteyshenkil\u00f6<\/strong><br \/>\nEbba D\u00e5hli\u00a0 <a href=\"mailto:ebba.dahli@weekendsnacks.com\">ebba.dahli@weekendsnacks.com<\/a>\u00a0 puh. +358 40 5045131<\/p>\n<p><strong>3. Rekisterin nimi<\/strong><br \/>\nOy Weekend Snacks Ltd:n Asiakasrekisteri<\/p>\n<p><strong>4. Henkil\u00f6tietojen k\u00e4sittelyn oikeusperuste ja tarkoitus<\/strong><br \/>\nEU:n yleisen tietosuoja-asetuksen mukainen oikeusperuste henkil\u00f6tietojen k\u00e4sittelylle on henkil\u00f6n suostumus. Kun otat meihin yhteytt\u00e4, hyv\u00e4ksyt, ett\u00e4 saamme ja hallinnoimme henkil\u00f6kohtaisia tietojasi. Tarvitsemme n\u00e4it\u00e4 tietoja, jotta voimme olla yhteydess\u00e4 sinuun viestiisi liittyen. T\u00e4ss\u00e4 tietosuojaselosteessa kuvataan henkil\u00f6tietojen ker\u00e4\u00e4mist\u00e4, k\u00e4sittely\u00e4 ja luovutusta koskevat menettelytavat, sek\u00e4 asiakkaan eli rekister\u00f6idyn oikeudet.<\/p>\n<p>Asiakasrekisteri\u00e4 k\u00e4ytet\u00e4\u00e4n asiakaspalautteen sek\u00e4 verkkokaupan asiakastilausten hoitamiseen, siihen liittyv\u00e4\u00e4n kommunikointiin, laskutukseen, asiakassuhteen yll\u00e4pit\u00e4miseen ja asiakaspalvelutarkoituksiin.\u00a0Henkil\u00f6tietoja k\u00e4sitell\u00e4\u00e4n henkil\u00f6tietolain sallimissa ja velvoittamissa rajoissa asiakassuhteen hoitamiseen, yll\u00e4pitoon, hallintaan ja kehitt\u00e4miseen. Tilauksen toimittamiseksi tietyt yhteystiedot tulee jakaa my\u00f6s verkkokauppatoimituksista vastaavan logistiikkakumppanin kanssa.<\/p>\n<p><strong>5. Rekisterin tietosis\u00e4lt\u00f6<\/strong><br \/>\nRekisteriin tallennettavia tietoja ovat: henkil\u00f6n nimi, yhteystiedot (puhelinnumero, s\u00e4hk\u00f6postiosoite, osoite) tai seuraaviin ryhmiin kuuluvia tietoja:<\/p>\n<ul>\n<li>asiakkuuteen ja sopimussuhteeseen liittyv\u00e4t tiedot, kuten asiakkaan tilaushistoria ja -p\u00e4iv\u00e4m\u00e4\u00e4r\u00e4, tilatut tuotteet<\/li>\n<li>laskutukseen tai perint\u00e4\u00e4n liittyv\u00e4t tiedot<\/li>\n<li>lupatiedot ja kiellot, kuten suoramarkkinointiluvat ja -kiellot<\/li>\n<li>reklamaatiot ja niiden k\u00e4sittelytiedot<\/li>\n<\/ul>\n<p><strong>6. S\u00e4\u00e4nn\u00f6nmukaiset tietol\u00e4hteet<\/strong><br \/>\nRekisteriin tallennettavat tiedot saadaan asiakkaalta itselt\u00e4\u00e4n nettisivujen yhteydenoton tai verkkokauppatilauksen kautta.<\/p>\n<p><strong>7. Tietojen s\u00e4\u00e4nn\u00f6nmukaiset luovutukset ja tietojen siirto EU:n tai ETA:n ulkopuolelle<\/strong><br \/>\nTietoja ei luovuteta s\u00e4\u00e4nn\u00f6nmukaisesti muille tahoille.<\/p>\n<p><strong>8. Rekisterin suojauksen periaatteet<\/strong><br \/>\nRekisterin k\u00e4sittelyss\u00e4 noudatetaan huolellisuutta ja tietoj\u00e4rjestelmien avulla k\u00e4sitelt\u00e4v\u00e4t tiedot suojataan asianmukaisesti. Rekisterinpit\u00e4j\u00e4 huolehtii siit\u00e4, ett\u00e4 tallennettuja tietoja sek\u00e4 palvelimien k\u00e4ytt\u00f6oikeuksia ja muita henkil\u00f6tietojen turvallisuuteen liittyvi\u00e4 tietoja k\u00e4sitell\u00e4\u00e4n luottamuksellisesti ja vain niiden ty\u00f6ntekij\u00f6iden toimesta, joiden ty\u00f6nkuvaan se kuuluu.<\/p>\n<p><strong>9. Tarkastusoikeus ja oikeus vaatia tiedon korjaamista<\/strong><br \/>\nJokaisella rekisteriss\u00e4 olevalla henkil\u00f6ll\u00e4 on oikeus tarkistaa rekisteriin tallennetut tietonsa ja vaatia mahdollisen virheellisen tiedon korjaamista tai puutteellisen tiedon t\u00e4ydent\u00e4mist\u00e4. Mik\u00e4li henkil\u00f6 haluaa tarkistaa h\u00e4nest\u00e4 tallennetut tiedot tai vaatia niihin oikaisua, pyynt\u00f6 tulee l\u00e4hett\u00e4\u00e4<\/p>\n<p>rekisterinpit\u00e4j\u00e4lle kirjallisesti alta l\u00f6ytyv\u00e4\u00e4n osoitteeseen tai s\u00e4hk\u00f6postiosoitteeseen. Tarkastuspyynn\u00f6n tulee olla allekirjoitettu. Rekisterinpit\u00e4j\u00e4 voi pyyt\u00e4\u00e4 tarvittaessa pyynn\u00f6n esitt\u00e4j\u00e4\u00e4 todistamaan henkil\u00f6llisyytens\u00e4. Rekisterinpit\u00e4j\u00e4 vastaa asiakkaalle EU:n tietosuoja-setuksessa s\u00e4\u00e4detyss\u00e4 ajassa (p\u00e4\u00e4s\u00e4\u00e4nt\u00f6isesti kuukauden kuluessa).<\/p>\n<p><strong>10. \u00a0Muut henkil\u00f6tietojen k\u00e4sittelyyn liittyv\u00e4t oikeudet<\/strong><br \/>\nRekisteriss\u00e4 olevalla henkil\u00f6ll\u00e4 on oikeus pyyt\u00e4\u00e4 h\u00e4nt\u00e4 koskevien henkil\u00f6tietojen poistamista rekisterist\u00e4 (\u201doikeus tulla unohdetuksi\u201d). Niin ik\u00e4\u00e4n rekister\u00f6idyill\u00e4 on muut EU:n yleisen tietosuoja-asetuksen mukaiset oikeudet kuten henkil\u00f6tietojen k\u00e4sittelyn rajoittaminen tietyiss\u00e4 tilanteissa. Pyynn\u00f6t tulee l\u00e4hett\u00e4\u00e4 rekisterinpit\u00e4j\u00e4lle kirjallisesti alta l\u00f6ytyv\u00e4\u00e4n osoitteeseen tai s\u00e4hk\u00f6postiosoitteeseen. Tarkastuspyynn\u00f6n tulee olla allekirjoitettu. Rekisterinpit\u00e4j\u00e4 voi pyyt\u00e4\u00e4 tarvittaessa pyynn\u00f6n esitt\u00e4j\u00e4\u00e4 todistamaan henkil\u00f6llisyytens\u00e4. Rekisterinpit\u00e4j\u00e4 vastaa asiakkaalle EU:n tietosuoja-asetuksessa s\u00e4\u00e4detyss\u00e4 ajassa (p\u00e4\u00e4s\u00e4\u00e4nt\u00f6isesti 30 p\u00e4iv\u00e4n kuluessa) tarkistuspyynn\u00f6n esitt\u00e4misest\u00e4.<\/p>\n<p><strong>Osoite:<\/strong> Oy Weekend Snacks Ltd, Teollisuuskatu 3-5, 64260 Kaskinen, info@weekendsnacks.fi<\/p>\n","protected":false},"excerpt":{"rendered":"<p>Oy Weekend Snacks Ltd:n Rekisteri- ja tietosuojaseloste Tietosuojalain ja Euroopan Unionin yleisen tietosuoja-asetuksen (2016\/679\/EU) mukainen yhdistetty tietosuojaseloste ja informointiasiakirja. Laadittu 19.05.2018. Viimeisin muutos 20.3.2020. 1. Rekisterinpit\u00e4j\u00e4 Oy Weekend Snacks Ltd&#8230;<\/p>\n","protected":false},"author":1,"featured_media":0,"parent":0,"menu_order":0,"comment_status":"closed","ping_status":"closed","template":"","meta":{"footnotes":""},"class_list":["post-1187","page","type-page","status-publish"],"yoast_head":"<!-- This site is optimized with the Yoast SEO plugin v27.4 - https:\/\/yoast.com\/product\/yoast-seo-wordpress\/ -->\n<title>Tietosuojaseloste - Weekend Snacks<\/title>\n<meta name=\"robots\" content=\"index, follow, max-snippet:-1, max-image-preview:large, max-video-preview:-1\" \/>\n<link rel=\"canonical\" href=\"https:\/\/weekendsnacks.fi\/sv\/tietosuojaseloste\" \/>\n<meta property=\"og:locale\" content=\"sv_SE\" \/>\n<meta property=\"og:type\" content=\"article\" \/>\n<meta property=\"og:title\" content=\"Tietosuojaseloste - Weekend Snacks\" \/>\n<meta property=\"og:description\" content=\"Oy Weekend Snacks Ltd:n Rekisteri- ja tietosuojaseloste Tietosuojalain ja Euroopan Unionin yleisen tietosuoja-asetuksen (2016\/679\/EU) mukainen yhdistetty tietosuojaseloste ja informointiasiakirja. Laadittu 19.05.2018. Viimeisin muutos 20.3.2020. 1. Rekisterinpit\u00e4j\u00e4 Oy Weekend Snacks Ltd...\" \/>\n<meta property=\"og:url\" content=\"https:\/\/weekendsnacks.fi\/sv\/tietosuojaseloste\" \/>\n<meta property=\"og:site_name\" content=\"Weekend Snacks\" \/>\n<meta property=\"article:publisher\" content=\"https:\/\/www.facebook.com\/weekendsnacksfinland\/?fref=ts\" \/>\n<meta property=\"article:modified_time\" content=\"2020-03-20T15:58:23+00:00\" \/>\n<meta property=\"og:image\" content=\"https:\/\/weekendsnacks.fi\/wp-content\/uploads\/2023\/12\/Gourmet_tausta_2023v2.jpg\" \/>\n\t<meta property=\"og:image:width\" content=\"2000\" \/>\n\t<meta property=\"og:image:height\" content=\"1104\" \/>\n\t<meta property=\"og:image:type\" content=\"image\/jpeg\" \/>\n<meta name=\"twitter:card\" content=\"summary_large_image\" \/>\n<meta name=\"twitter:label1\" content=\"Ber\u00e4knad l\u00e4stid\" \/>\n\t<meta name=\"twitter:data1\" content=\"3 minuter\" \/>\n<script type=\"application\/ld+json\" class=\"yoast-schema-graph\">{\"@context\":\"https:\\\/\\\/schema.org\",\"@graph\":[{\"@type\":\"WebPage\",\"@id\":\"https:\\\/\\\/weekendsnacks.fi\\\/sv\\\/tietosuojaseloste\",\"url\":\"https:\\\/\\\/weekendsnacks.fi\\\/sv\\\/tietosuojaseloste\",\"name\":\"Tietosuojaseloste - Weekend Snacks\",\"isPartOf\":{\"@id\":\"https:\\\/\\\/weekendsnacks.fi\\\/#website\"},\"datePublished\":\"2018-10-06T08:23:19+00:00\",\"dateModified\":\"2020-03-20T15:58:23+00:00\",\"breadcrumb\":{\"@id\":\"https:\\\/\\\/weekendsnacks.fi\\\/sv\\\/tietosuojaseloste#breadcrumb\"},\"inLanguage\":\"sv-SE\",\"potentialAction\":[{\"@type\":\"ReadAction\",\"target\":[\"https:\\\/\\\/weekendsnacks.fi\\\/sv\\\/tietosuojaseloste\"]}]},{\"@type\":\"BreadcrumbList\",\"@id\":\"https:\\\/\\\/weekendsnacks.fi\\\/sv\\\/tietosuojaseloste#breadcrumb\",\"itemListElement\":[{\"@type\":\"ListItem\",\"position\":1,\"name\":\"Home\",\"item\":\"https:\\\/\\\/weekendsnacks.fi\\\/sv\"},{\"@type\":\"ListItem\",\"position\":2,\"name\":\"Tietosuojaseloste\"}]},{\"@type\":\"WebSite\",\"@id\":\"https:\\\/\\\/weekendsnacks.fi\\\/#website\",\"url\":\"https:\\\/\\\/weekendsnacks.fi\\\/\",\"name\":\"Weekend Snacks\",\"description\":\"Suomalaiset sipsit ja snacksit\",\"publisher\":{\"@id\":\"https:\\\/\\\/weekendsnacks.fi\\\/#organization\"},\"potentialAction\":[{\"@type\":\"SearchAction\",\"target\":{\"@type\":\"EntryPoint\",\"urlTemplate\":\"https:\\\/\\\/weekendsnacks.fi\\\/?s={search_term_string}\"},\"query-input\":{\"@type\":\"PropertyValueSpecification\",\"valueRequired\":true,\"valueName\":\"search_term_string\"}}],\"inLanguage\":\"sv-SE\"},{\"@type\":\"Organization\",\"@id\":\"https:\\\/\\\/weekendsnacks.fi\\\/#organization\",\"name\":\"Weekend Snacks\",\"url\":\"https:\\\/\\\/weekendsnacks.fi\\\/\",\"logo\":{\"@type\":\"ImageObject\",\"inLanguage\":\"sv-SE\",\"@id\":\"https:\\\/\\\/weekendsnacks.fi\\\/#\\\/schema\\\/logo\\\/image\\\/\",\"url\":\"https:\\\/\\\/weekendsnacks.fi\\\/wp-content\\\/uploads\\\/2025\\\/02\\\/weekendsnacks-logo-black-800-new.png\",\"contentUrl\":\"https:\\\/\\\/weekendsnacks.fi\\\/wp-content\\\/uploads\\\/2025\\\/02\\\/weekendsnacks-logo-black-800-new.png\",\"width\":800,\"height\":541,\"caption\":\"Weekend Snacks\"},\"image\":{\"@id\":\"https:\\\/\\\/weekendsnacks.fi\\\/#\\\/schema\\\/logo\\\/image\\\/\"},\"sameAs\":[\"https:\\\/\\\/www.facebook.com\\\/weekendsnacksfinland\\\/?fref=ts\",\"https:\\\/\\\/www.instagram.com\\\/weekendsnacks20\\\/\"]}]}<\/script>\n<!-- \/ Yoast SEO plugin. -->","yoast_head_json":{"title":"Tietosuojaseloste - Weekend Snacks","robots":{"index":"index","follow":"follow","max-snippet":"max-snippet:-1","max-image-preview":"max-image-preview:large","max-video-preview":"max-video-preview:-1"},"canonical":"https:\/\/weekendsnacks.fi\/sv\/tietosuojaseloste","og_locale":"sv_SE","og_type":"article","og_title":"Tietosuojaseloste - Weekend Snacks","og_description":"Oy Weekend Snacks Ltd:n Rekisteri- ja tietosuojaseloste Tietosuojalain ja Euroopan Unionin yleisen tietosuoja-asetuksen (2016\/679\/EU) mukainen yhdistetty tietosuojaseloste ja informointiasiakirja. Laadittu 19.05.2018. Viimeisin muutos 20.3.2020. 1. Rekisterinpit\u00e4j\u00e4 Oy Weekend Snacks Ltd...","og_url":"https:\/\/weekendsnacks.fi\/sv\/tietosuojaseloste","og_site_name":"Weekend Snacks","article_publisher":"https:\/\/www.facebook.com\/weekendsnacksfinland\/?fref=ts","article_modified_time":"2020-03-20T15:58:23+00:00","og_image":[{"width":2000,"height":1104,"url":"https:\/\/weekendsnacks.fi\/wp-content\/uploads\/2023\/12\/Gourmet_tausta_2023v2.jpg","type":"image\/jpeg"}],"twitter_card":"summary_large_image","twitter_misc":{"Ber\u00e4knad l\u00e4stid":"3 minuter"},"schema":{"@context":"https:\/\/schema.org","@graph":[{"@type":"WebPage","@id":"https:\/\/weekendsnacks.fi\/sv\/tietosuojaseloste","url":"https:\/\/weekendsnacks.fi\/sv\/tietosuojaseloste","name":"Tietosuojaseloste - Weekend Snacks","isPartOf":{"@id":"https:\/\/weekendsnacks.fi\/#website"},"datePublished":"2018-10-06T08:23:19+00:00","dateModified":"2020-03-20T15:58:23+00:00","breadcrumb":{"@id":"https:\/\/weekendsnacks.fi\/sv\/tietosuojaseloste#breadcrumb"},"inLanguage":"sv-SE","potentialAction":[{"@type":"ReadAction","target":["https:\/\/weekendsnacks.fi\/sv\/tietosuojaseloste"]}]},{"@type":"BreadcrumbList","@id":"https:\/\/weekendsnacks.fi\/sv\/tietosuojaseloste#breadcrumb","itemListElement":[{"@type":"ListItem","position":1,"name":"Home","item":"https:\/\/weekendsnacks.fi\/sv"},{"@type":"ListItem","position":2,"name":"Tietosuojaseloste"}]},{"@type":"WebSite","@id":"https:\/\/weekendsnacks.fi\/#website","url":"https:\/\/weekendsnacks.fi\/","name":"Weekend Snacks","description":"Suomalaiset sipsit ja snacksit","publisher":{"@id":"https:\/\/weekendsnacks.fi\/#organization"},"potentialAction":[{"@type":"SearchAction","target":{"@type":"EntryPoint","urlTemplate":"https:\/\/weekendsnacks.fi\/?s={search_term_string}"},"query-input":{"@type":"PropertyValueSpecification","valueRequired":true,"valueName":"search_term_string"}}],"inLanguage":"sv-SE"},{"@type":"Organization","@id":"https:\/\/weekendsnacks.fi\/#organization","name":"Weekend Snacks","url":"https:\/\/weekendsnacks.fi\/","logo":{"@type":"ImageObject","inLanguage":"sv-SE","@id":"https:\/\/weekendsnacks.fi\/#\/schema\/logo\/image\/","url":"https:\/\/weekendsnacks.fi\/wp-content\/uploads\/2025\/02\/weekendsnacks-logo-black-800-new.png","contentUrl":"https:\/\/weekendsnacks.fi\/wp-content\/uploads\/2025\/02\/weekendsnacks-logo-black-800-new.png","width":800,"height":541,"caption":"Weekend Snacks"},"image":{"@id":"https:\/\/weekendsnacks.fi\/#\/schema\/logo\/image\/"},"sameAs":["https:\/\/www.facebook.com\/weekendsnacksfinland\/?fref=ts","https:\/\/www.instagram.com\/weekendsnacks20\/"]}]}},"_links":{"self":[{"href":"https:\/\/weekendsnacks.fi\/sv\/wp-json\/wp\/v2\/pages\/1187","targetHints":{"allow":["GET"]}}],"collection":[{"href":"https:\/\/weekendsnacks.fi\/sv\/wp-json\/wp\/v2\/pages"}],"about":[{"href":"https:\/\/weekendsnacks.fi\/sv\/wp-json\/wp\/v2\/types\/page"}],"author":[{"embeddable":true,"href":"https:\/\/weekendsnacks.fi\/sv\/wp-json\/wp\/v2\/users\/1"}],"replies":[{"embeddable":true,"href":"https:\/\/weekendsnacks.fi\/sv\/wp-json\/wp\/v2\/comments?post=1187"}],"version-history":[{"count":1,"href":"https:\/\/weekendsnacks.fi\/sv\/wp-json\/wp\/v2\/pages\/1187\/revisions"}],"predecessor-version":[{"id":9453,"href":"https:\/\/weekendsnacks.fi\/sv\/wp-json\/wp\/v2\/pages\/1187\/revisions\/9453"}],"wp:attachment":[{"href":"https:\/\/weekendsnacks.fi\/sv\/wp-json\/wp\/v2\/media?parent=1187"}],"curies":[{"name":"wp","href":"https:\/\/api.w.org\/{rel}","templated":true}]}}