{"id":10838,"date":"2022-11-09T15:42:51","date_gmt":"2022-11-09T13:42:51","guid":{"rendered":"https:\/\/weekendsnacks.fi\/?page_id=10838"},"modified":"2023-11-13T15:22:49","modified_gmt":"2023-11-13T13:22:49","slug":"no-bacon-snacks","status":"publish","type":"page","link":"https:\/\/weekendsnacks.fi\/sv\/no-bacon-snacks","title":{"rendered":"No Bacon Snacks"},"content":{"rendered":"[vc_row type=&#8221;in_container&#8221; full_screen_row_position=&#8221;middle&#8221; column_margin=&#8221;default&#8221; column_direction=&#8221;default&#8221; column_direction_tablet=&#8221;default&#8221; column_direction_phone=&#8221;default&#8221; scene_position=&#8221;center&#8221; bottom_padding=&#8221;50&#8243; text_color=&#8221;dark&#8221; text_align=&#8221;left&#8221; row_border_radius=&#8221;none&#8221; row_border_radius_applies=&#8221;bg&#8221; overflow=&#8221;visible&#8221; overlay_strength=&#8221;0.3&#8243; gradient_direction=&#8221;left_to_right&#8221; shape_divider_position=&#8221;bottom&#8221; bg_image_animation=&#8221;none&#8221;][vc_column column_padding=&#8221;no-extra-padding&#8221; column_padding_tablet=&#8221;inherit&#8221; column_padding_phone=&#8221;inherit&#8221; column_padding_position=&#8221;all&#8221; column_element_direction_desktop=&#8221;default&#8221; column_element_spacing=&#8221;default&#8221; desktop_text_alignment=&#8221;default&#8221; tablet_text_alignment=&#8221;default&#8221; phone_text_alignment=&#8221;default&#8221; background_color_opacity=&#8221;1&#8243; background_hover_color_opacity=&#8221;1&#8243; column_backdrop_filter=&#8221;none&#8221; column_shadow=&#8221;none&#8221; column_border_radius=&#8221;none&#8221; column_link_target=&#8221;_self&#8221; column_position=&#8221;default&#8221; boxed=&#8221;true&#8221; gradient_direction=&#8221;left_to_right&#8221; overlay_strength=&#8221;0.3&#8243; width=&#8221;1\/1&#8243; tablet_width_inherit=&#8221;default&#8221; animation_type=&#8221;default&#8221; bg_image_animation=&#8221;none&#8221; border_type=&#8221;simple&#8221; column_border_width=&#8221;none&#8221; column_border_style=&#8221;solid&#8221;][vc_row_inner column_margin=&#8221;default&#8221; column_direction=&#8221;default&#8221; column_direction_tablet=&#8221;default&#8221; column_direction_phone=&#8221;default&#8221; bottom_padding=&#8221;50&#8243; text_align=&#8221;left&#8221; row_position=&#8221;default&#8221; row_position_tablet=&#8221;inherit&#8221; row_position_phone=&#8221;inherit&#8221; overflow=&#8221;visible&#8221; pointer_events=&#8221;all&#8221;][vc_column_inner column_padding=&#8221;no-extra-padding&#8221; column_padding_tablet=&#8221;inherit&#8221; column_padding_phone=&#8221;inherit&#8221; column_padding_position=&#8221;all&#8221; column_element_direction_desktop=&#8221;default&#8221; column_element_spacing=&#8221;default&#8221; desktop_text_alignment=&#8221;default&#8221; tablet_text_alignment=&#8221;default&#8221; phone_text_alignment=&#8221;default&#8221; background_color_opacity=&#8221;1&#8243; background_hover_color_opacity=&#8221;1&#8243; column_backdrop_filter=&#8221;none&#8221; column_shadow=&#8221;none&#8221; column_border_radius=&#8221;none&#8221; column_link_target=&#8221;_self&#8221; overflow=&#8221;visible&#8221; gradient_direction=&#8221;left_to_right&#8221; overlay_strength=&#8221;0.3&#8243; width=&#8221;1\/2&#8243; tablet_width_inherit=&#8221;default&#8221; animation_type=&#8221;default&#8221; bg_image_animation=&#8221;none&#8221; border_type=&#8221;simple&#8221; column_border_width=&#8221;none&#8221; column_border_style=&#8221;solid&#8221;][image_with_animation image_url=&#8221;11322&#8243; image_size=&#8221;full&#8221; animation_type=&#8221;entrance&#8221; animation=&#8221;None&#8221; animation_movement_type=&#8221;transform_y&#8221; hover_animation=&#8221;none&#8221; alignment=&#8221;center&#8221; img_link_large=&#8221;yes&#8221; border_radius=&#8221;none&#8221; box_shadow=&#8221;none&#8221; image_loading=&#8221;default&#8221; max_width=&#8221;100%&#8221; max_width_mobile=&#8221;default&#8221;][divider line_type=&#8221;No Line&#8221; custom_height=&#8221;50&#8243;]<div class=\"sharing-default-minimal\"><div class=\"nectar-social default\" data-position=\"left\" data-color-override=\"override\"><div class=\"nectar-social-inner\"><a href=\"#\" class=\"nectar-love\" id=\"nectar-love-10838\" title=\"Love this\"> <i class=\"icon-salient-heart-2\"><\/i><span class=\"love-text\">Love<\/span><span class=\"total_loves\"><span class=\"nectar-love-count\">2<\/span><\/span><\/a><a class='facebook-share nectar-sharing' href='#' title='Share this'>  <i class='fa fa-facebook'><\/i> <span class='social-text'>Share<\/span> <\/a><a class='twitter-share nectar-sharing' href='#' title='Share this'> <i class='fa icon-salient-x-twitter'><\/i> <span class='social-text'>Share<\/span> <\/a><a class='linkedin-share nectar-sharing' href='#' title='Share this'> <i class='fa fa-linkedin'><\/i> <span class='social-text'>Share<\/span> <\/a><a class='pinterest-share nectar-sharing' href='#' title='Pin this'> <i class='fa fa-pinterest'><\/i> <span class='social-text'>Pin<\/span> <\/a><\/div><\/div><\/div>[\/vc_column_inner][vc_column_inner column_padding=&#8221;no-extra-padding&#8221; column_padding_tablet=&#8221;inherit&#8221; column_padding_phone=&#8221;inherit&#8221; column_padding_position=&#8221;all&#8221; column_element_direction_desktop=&#8221;default&#8221; column_element_spacing=&#8221;default&#8221; desktop_text_alignment=&#8221;default&#8221; tablet_text_alignment=&#8221;default&#8221; phone_text_alignment=&#8221;default&#8221; background_color_opacity=&#8221;1&#8243; background_hover_color_opacity=&#8221;1&#8243; column_backdrop_filter=&#8221;none&#8221; column_shadow=&#8221;none&#8221; column_border_radius=&#8221;none&#8221; column_link_target=&#8221;_self&#8221; overflow=&#8221;visible&#8221; gradient_direction=&#8221;left_to_right&#8221; overlay_strength=&#8221;0.3&#8243; width=&#8221;1\/2&#8243; tablet_width_inherit=&#8221;default&#8221; animation_type=&#8221;default&#8221; bg_image_animation=&#8221;none&#8221; border_type=&#8221;simple&#8221; column_border_width=&#8221;none&#8221; column_border_style=&#8221;solid&#8221;][vc_column_text]Majs-potatissnacks med bacon smak 180 g.\u00a0 Glutenfri, Laktosfri, Vegansk. Smaka och njut![\/vc_column_text][vc_column_text]\n<h4>Ingredienser<\/h4>\n[\/vc_column_text]<div class=\"nectar-fancy-ul\" data-list-icon=\"fa fa-circle\" data-animation=\"false\" data-animation-delay=\"0\" data-color=\"accent-color\" data-spacing=\"default\" data-alignment=\"left\"> \n<ul>\n<li class=\"p1\">Majsmj\u00f6l 32% (EU), potatisst\u00e4rkelse rapsolja, rismj\u00f6l, durramj\u00f6l, kryddblandning [salt, maltodextrin (majs, potatis), druvsocker (majs), j\u00e4stextrakt, potatisst\u00e4rkelse, potatisfiber, l\u00f6k, v\u00e4xtextrakt (paprika), r\u00f6karom, arom], salt, j\u00e4sningsmedel (bikarbonat), f\u00e4rggivande v\u00e4xtextrakt (r\u00e4disa, morot, hibiskus, \u00e4pple).<\/li>\n<li class=\"p1\">Kan inneh\u00e5lla sp\u00e5r av soja.<\/li>\n<\/ul>\n <\/div>[vc_column_text]\n<h4>N\u00e4ringsinneh\u00e5ll<\/h4>\n<p>&nbsp;<\/p>\n<table class=\"data-table\" style=\"height: 269px;\" width=\"567\" cellspacing=\"0\">\n<thead>\n<tr>\n<th style=\"text-align: left;\">N\u00e4ringsinneh\u00e5ll<\/th>\n<th class=\"text-right\" style=\"text-align: left;\"><\/th>\n<\/tr>\n<\/thead>\n<tbody>\n<tr class=\"energy\">\n<td class=\"name\">Energi<\/td>\n<td class=\"text-right\">2000 kJ \/ 478 kcal<\/td>\n<\/tr>\n<tr>\n<td class=\"name \">Fett<\/td>\n<td class=\"text-right\">24 g<\/td>\n<\/tr>\n<tr>\n<td class=\"name sub\">*varav m\u00e4ttande fettsyror<\/td>\n<td class=\"text-right\">1,8 g<\/td>\n<\/tr>\n<tr>\n<td class=\"name \">Kolhydrat<\/td>\n<td class=\"text-right\">61 g<\/td>\n<\/tr>\n<tr class=\"energy\">\n<td class=\"name\">*varav sockerarter<\/td>\n<td class=\"text-right\">1,4 g<\/td>\n<\/tr>\n<tr>\n<td class=\"name \">Protein<\/td>\n<td class=\"text-right\">4,6 g<\/td>\n<\/tr>\n<tr>\n<td class=\"name \">Salt<\/td>\n<td class=\"text-right\">2,5 g<\/td>\n<\/tr>\n<tr>\n<td class=\"name \">Laktos<\/td>\n<td class=\"text-right\">&lt; 0,1 g<\/td>\n<\/tr>\n<\/tbody>\n<\/table>\n<div class=\"m-top02 clearfix clear\">\n<p class=\"desc\">\n<\/div>\n[\/vc_column_text][\/vc_column_inner][\/vc_row_inner][vc_row_inner column_margin=&#8221;default&#8221; column_direction=&#8221;default&#8221; column_direction_tablet=&#8221;default&#8221; column_direction_phone=&#8221;default&#8221; bottom_padding=&#8221;50&#8243; text_align=&#8221;left&#8221; row_position=&#8221;default&#8221; row_position_tablet=&#8221;inherit&#8221; row_position_phone=&#8221;inherit&#8221; overflow=&#8221;visible&#8221; pointer_events=&#8221;all&#8221;][vc_column_inner column_padding=&#8221;no-extra-padding&#8221; column_padding_tablet=&#8221;inherit&#8221; column_padding_phone=&#8221;inherit&#8221; column_padding_position=&#8221;all&#8221; column_element_direction_desktop=&#8221;default&#8221; column_element_spacing=&#8221;default&#8221; centered_text=&#8221;true&#8221; desktop_text_alignment=&#8221;default&#8221; tablet_text_alignment=&#8221;default&#8221; phone_text_alignment=&#8221;default&#8221; background_color_opacity=&#8221;1&#8243; background_hover_color_opacity=&#8221;1&#8243; column_backdrop_filter=&#8221;none&#8221; column_shadow=&#8221;none&#8221; column_border_radius=&#8221;none&#8221; column_link_target=&#8221;_self&#8221; overflow=&#8221;visible&#8221; gradient_direction=&#8221;left_to_right&#8221; overlay_strength=&#8221;0.3&#8243; width=&#8221;1\/1&#8243; tablet_width_inherit=&#8221;default&#8221; animation_type=&#8221;default&#8221; bg_image_animation=&#8221;none&#8221; border_type=&#8221;simple&#8221; column_border_width=&#8221;none&#8221; column_border_style=&#8221;solid&#8221;][nectar_btn size=&#8221;jumbo&#8221; button_style=&#8221;regular&#8221; button_color_2=&#8221;Accent-Color&#8221; icon_family=&#8221;default_arrow&#8221; url=&#8221;\/sv\/bbq-mix&#8221; text=&#8221;G\u00e5 till n\u00e4sta produkt&#8221;][\/vc_column_inner][\/vc_row_inner][\/vc_column][\/vc_row]\n","protected":false},"excerpt":{"rendered":"<p>[vc_row type=&#8221;in_container&#8221; full_screen_row_position=&#8221;middle&#8221; column_margin=&#8221;default&#8221; column_direction=&#8221;default&#8221; column_direction_tablet=&#8221;default&#8221; column_direction_phone=&#8221;default&#8221; scene_position=&#8221;center&#8221; bottom_padding=&#8221;50&#8243; text_color=&#8221;dark&#8221; text_align=&#8221;left&#8221; row_border_radius=&#8221;none&#8221; row_border_radius_applies=&#8221;bg&#8221; overflow=&#8221;visible&#8221; overlay_strength=&#8221;0.3&#8243; gradient_direction=&#8221;left_to_right&#8221; shape_divider_position=&#8221;bottom&#8221; bg_image_animation=&#8221;none&#8221;][vc_column column_padding=&#8221;no-extra-padding&#8221; column_padding_tablet=&#8221;inherit&#8221; column_padding_phone=&#8221;inherit&#8221; column_padding_position=&#8221;all&#8221; column_element_direction_desktop=&#8221;default&#8221; column_element_spacing=&#8221;default&#8221; desktop_text_alignment=&#8221;default&#8221; tablet_text_alignment=&#8221;default&#8221; phone_text_alignment=&#8221;default&#8221; background_color_opacity=&#8221;1&#8243; background_hover_color_opacity=&#8221;1&#8243; column_backdrop_filter=&#8221;none&#8221;&#8230;<\/p>\n","protected":false},"author":1,"featured_media":11322,"parent":0,"menu_order":0,"comment_status":"closed","ping_status":"closed","template":"","meta":{"footnotes":""},"class_list":["post-10838","page","type-page","status-publish","has-post-thumbnail"],"yoast_head":"<!-- This site is optimized with the Yoast SEO plugin v27.5 - https:\/\/yoast.com\/product\/yoast-seo-wordpress\/ -->\n<title>No Bacon Snacks - Weekend Snacks<\/title>\n<meta name=\"description\" content=\"Majs-potatissnacks med bacon smak 180 g.\u00a0 Glutenfri, Laktosfri, Vegansk. Smaka och njut!\" \/>\n<meta name=\"robots\" content=\"index, follow, max-snippet:-1, max-image-preview:large, max-video-preview:-1\" \/>\n<link rel=\"canonical\" href=\"https:\/\/weekendsnacks.fi\/sv\/no-bacon-snacks\" \/>\n<meta property=\"og:locale\" content=\"sv_SE\" \/>\n<meta property=\"og:type\" content=\"article\" \/>\n<meta property=\"og:title\" content=\"No Bacon Snacks - Weekend Snacks\" \/>\n<meta property=\"og:description\" content=\"Majs-potatissnacks med bacon smak 180 g.\u00a0 Glutenfri, Laktosfri, Vegansk. Smaka och njut!\" \/>\n<meta property=\"og:url\" content=\"https:\/\/weekendsnacks.fi\/sv\/no-bacon-snacks\" \/>\n<meta property=\"og:site_name\" content=\"Weekend Snacks\" \/>\n<meta property=\"article:publisher\" content=\"https:\/\/www.facebook.com\/weekendsnacksfinland\/?fref=ts\" \/>\n<meta property=\"article:modified_time\" content=\"2023-11-13T13:22:49+00:00\" \/>\n<meta property=\"og:image\" content=\"https:\/\/weekendsnacks.fi\/wp-content\/uploads\/2023\/11\/no-bacon-700px.png\" \/>\n\t<meta property=\"og:image:width\" content=\"525\" \/>\n\t<meta property=\"og:image:height\" content=\"700\" \/>\n\t<meta property=\"og:image:type\" content=\"image\/png\" \/>\n<meta name=\"twitter:card\" content=\"summary_large_image\" \/>\n<meta name=\"twitter:label1\" content=\"Ber\u00e4knad l\u00e4stid\" \/>\n\t<meta name=\"twitter:data1\" content=\"2 minuter\" \/>\n<script type=\"application\/ld+json\" class=\"yoast-schema-graph\">{\"@context\":\"https:\\\/\\\/schema.org\",\"@graph\":[{\"@type\":\"WebPage\",\"@id\":\"https:\\\/\\\/weekendsnacks.fi\\\/sv\\\/no-bacon-snacks\",\"url\":\"https:\\\/\\\/weekendsnacks.fi\\\/sv\\\/no-bacon-snacks\",\"name\":\"No Bacon Snacks - Weekend Snacks\",\"isPartOf\":{\"@id\":\"https:\\\/\\\/weekendsnacks.fi\\\/#website\"},\"primaryImageOfPage\":{\"@id\":\"https:\\\/\\\/weekendsnacks.fi\\\/sv\\\/no-bacon-snacks#primaryimage\"},\"image\":{\"@id\":\"https:\\\/\\\/weekendsnacks.fi\\\/sv\\\/no-bacon-snacks#primaryimage\"},\"thumbnailUrl\":\"https:\\\/\\\/weekendsnacks.fi\\\/wp-content\\\/uploads\\\/2023\\\/11\\\/no-bacon-700px.png\",\"datePublished\":\"2022-11-09T13:42:51+00:00\",\"dateModified\":\"2023-11-13T13:22:49+00:00\",\"description\":\"Majs-potatissnacks med bacon smak 180 g.\u00a0 Glutenfri, Laktosfri, Vegansk. Smaka och njut!\",\"breadcrumb\":{\"@id\":\"https:\\\/\\\/weekendsnacks.fi\\\/sv\\\/no-bacon-snacks#breadcrumb\"},\"inLanguage\":\"sv-SE\",\"potentialAction\":[{\"@type\":\"ReadAction\",\"target\":[\"https:\\\/\\\/weekendsnacks.fi\\\/sv\\\/no-bacon-snacks\"]}]},{\"@type\":\"ImageObject\",\"inLanguage\":\"sv-SE\",\"@id\":\"https:\\\/\\\/weekendsnacks.fi\\\/sv\\\/no-bacon-snacks#primaryimage\",\"url\":\"https:\\\/\\\/weekendsnacks.fi\\\/wp-content\\\/uploads\\\/2023\\\/11\\\/no-bacon-700px.png\",\"contentUrl\":\"https:\\\/\\\/weekendsnacks.fi\\\/wp-content\\\/uploads\\\/2023\\\/11\\\/no-bacon-700px.png\",\"width\":525,\"height\":700},{\"@type\":\"BreadcrumbList\",\"@id\":\"https:\\\/\\\/weekendsnacks.fi\\\/sv\\\/no-bacon-snacks#breadcrumb\",\"itemListElement\":[{\"@type\":\"ListItem\",\"position\":1,\"name\":\"Home\",\"item\":\"https:\\\/\\\/weekendsnacks.fi\\\/sv\"},{\"@type\":\"ListItem\",\"position\":2,\"name\":\"No Bacon Snacks\"}]},{\"@type\":\"WebSite\",\"@id\":\"https:\\\/\\\/weekendsnacks.fi\\\/#website\",\"url\":\"https:\\\/\\\/weekendsnacks.fi\\\/\",\"name\":\"Weekend Snacks\",\"description\":\"Suomalaiset sipsit ja snacksit\",\"publisher\":{\"@id\":\"https:\\\/\\\/weekendsnacks.fi\\\/#organization\"},\"potentialAction\":[{\"@type\":\"SearchAction\",\"target\":{\"@type\":\"EntryPoint\",\"urlTemplate\":\"https:\\\/\\\/weekendsnacks.fi\\\/?s={search_term_string}\"},\"query-input\":{\"@type\":\"PropertyValueSpecification\",\"valueRequired\":true,\"valueName\":\"search_term_string\"}}],\"inLanguage\":\"sv-SE\"},{\"@type\":\"Organization\",\"@id\":\"https:\\\/\\\/weekendsnacks.fi\\\/#organization\",\"name\":\"Weekend Snacks\",\"url\":\"https:\\\/\\\/weekendsnacks.fi\\\/\",\"logo\":{\"@type\":\"ImageObject\",\"inLanguage\":\"sv-SE\",\"@id\":\"https:\\\/\\\/weekendsnacks.fi\\\/#\\\/schema\\\/logo\\\/image\\\/\",\"url\":\"https:\\\/\\\/weekendsnacks.fi\\\/wp-content\\\/uploads\\\/2025\\\/02\\\/weekendsnacks-logo-black-800-new.png\",\"contentUrl\":\"https:\\\/\\\/weekendsnacks.fi\\\/wp-content\\\/uploads\\\/2025\\\/02\\\/weekendsnacks-logo-black-800-new.png\",\"width\":800,\"height\":541,\"caption\":\"Weekend Snacks\"},\"image\":{\"@id\":\"https:\\\/\\\/weekendsnacks.fi\\\/#\\\/schema\\\/logo\\\/image\\\/\"},\"sameAs\":[\"https:\\\/\\\/www.facebook.com\\\/weekendsnacksfinland\\\/?fref=ts\",\"https:\\\/\\\/www.instagram.com\\\/weekendsnacks20\\\/\"]}]}<\/script>\n<!-- \/ Yoast SEO plugin. -->","yoast_head_json":{"title":"No Bacon Snacks - Weekend Snacks","description":"Majs-potatissnacks med bacon smak 180 g.\u00a0 Glutenfri, Laktosfri, Vegansk. Smaka och njut!","robots":{"index":"index","follow":"follow","max-snippet":"max-snippet:-1","max-image-preview":"max-image-preview:large","max-video-preview":"max-video-preview:-1"},"canonical":"https:\/\/weekendsnacks.fi\/sv\/no-bacon-snacks","og_locale":"sv_SE","og_type":"article","og_title":"No Bacon Snacks - Weekend Snacks","og_description":"Majs-potatissnacks med bacon smak 180 g.\u00a0 Glutenfri, Laktosfri, Vegansk. Smaka och njut!","og_url":"https:\/\/weekendsnacks.fi\/sv\/no-bacon-snacks","og_site_name":"Weekend Snacks","article_publisher":"https:\/\/www.facebook.com\/weekendsnacksfinland\/?fref=ts","article_modified_time":"2023-11-13T13:22:49+00:00","og_image":[{"width":525,"height":700,"url":"https:\/\/weekendsnacks.fi\/wp-content\/uploads\/2023\/11\/no-bacon-700px.png","type":"image\/png"}],"twitter_card":"summary_large_image","twitter_misc":{"Ber\u00e4knad l\u00e4stid":"2 minuter"},"schema":{"@context":"https:\/\/schema.org","@graph":[{"@type":"WebPage","@id":"https:\/\/weekendsnacks.fi\/sv\/no-bacon-snacks","url":"https:\/\/weekendsnacks.fi\/sv\/no-bacon-snacks","name":"No Bacon Snacks - Weekend Snacks","isPartOf":{"@id":"https:\/\/weekendsnacks.fi\/#website"},"primaryImageOfPage":{"@id":"https:\/\/weekendsnacks.fi\/sv\/no-bacon-snacks#primaryimage"},"image":{"@id":"https:\/\/weekendsnacks.fi\/sv\/no-bacon-snacks#primaryimage"},"thumbnailUrl":"https:\/\/weekendsnacks.fi\/wp-content\/uploads\/2023\/11\/no-bacon-700px.png","datePublished":"2022-11-09T13:42:51+00:00","dateModified":"2023-11-13T13:22:49+00:00","description":"Majs-potatissnacks med bacon smak 180 g.\u00a0 Glutenfri, Laktosfri, Vegansk. Smaka och njut!","breadcrumb":{"@id":"https:\/\/weekendsnacks.fi\/sv\/no-bacon-snacks#breadcrumb"},"inLanguage":"sv-SE","potentialAction":[{"@type":"ReadAction","target":["https:\/\/weekendsnacks.fi\/sv\/no-bacon-snacks"]}]},{"@type":"ImageObject","inLanguage":"sv-SE","@id":"https:\/\/weekendsnacks.fi\/sv\/no-bacon-snacks#primaryimage","url":"https:\/\/weekendsnacks.fi\/wp-content\/uploads\/2023\/11\/no-bacon-700px.png","contentUrl":"https:\/\/weekendsnacks.fi\/wp-content\/uploads\/2023\/11\/no-bacon-700px.png","width":525,"height":700},{"@type":"BreadcrumbList","@id":"https:\/\/weekendsnacks.fi\/sv\/no-bacon-snacks#breadcrumb","itemListElement":[{"@type":"ListItem","position":1,"name":"Home","item":"https:\/\/weekendsnacks.fi\/sv"},{"@type":"ListItem","position":2,"name":"No Bacon Snacks"}]},{"@type":"WebSite","@id":"https:\/\/weekendsnacks.fi\/#website","url":"https:\/\/weekendsnacks.fi\/","name":"Weekend Snacks","description":"Suomalaiset sipsit ja snacksit","publisher":{"@id":"https:\/\/weekendsnacks.fi\/#organization"},"potentialAction":[{"@type":"SearchAction","target":{"@type":"EntryPoint","urlTemplate":"https:\/\/weekendsnacks.fi\/?s={search_term_string}"},"query-input":{"@type":"PropertyValueSpecification","valueRequired":true,"valueName":"search_term_string"}}],"inLanguage":"sv-SE"},{"@type":"Organization","@id":"https:\/\/weekendsnacks.fi\/#organization","name":"Weekend Snacks","url":"https:\/\/weekendsnacks.fi\/","logo":{"@type":"ImageObject","inLanguage":"sv-SE","@id":"https:\/\/weekendsnacks.fi\/#\/schema\/logo\/image\/","url":"https:\/\/weekendsnacks.fi\/wp-content\/uploads\/2025\/02\/weekendsnacks-logo-black-800-new.png","contentUrl":"https:\/\/weekendsnacks.fi\/wp-content\/uploads\/2025\/02\/weekendsnacks-logo-black-800-new.png","width":800,"height":541,"caption":"Weekend Snacks"},"image":{"@id":"https:\/\/weekendsnacks.fi\/#\/schema\/logo\/image\/"},"sameAs":["https:\/\/www.facebook.com\/weekendsnacksfinland\/?fref=ts","https:\/\/www.instagram.com\/weekendsnacks20\/"]}]}},"_links":{"self":[{"href":"https:\/\/weekendsnacks.fi\/sv\/wp-json\/wp\/v2\/pages\/10838","targetHints":{"allow":["GET"]}}],"collection":[{"href":"https:\/\/weekendsnacks.fi\/sv\/wp-json\/wp\/v2\/pages"}],"about":[{"href":"https:\/\/weekendsnacks.fi\/sv\/wp-json\/wp\/v2\/types\/page"}],"author":[{"embeddable":true,"href":"https:\/\/weekendsnacks.fi\/sv\/wp-json\/wp\/v2\/users\/1"}],"replies":[{"embeddable":true,"href":"https:\/\/weekendsnacks.fi\/sv\/wp-json\/wp\/v2\/comments?post=10838"}],"version-history":[{"count":5,"href":"https:\/\/weekendsnacks.fi\/sv\/wp-json\/wp\/v2\/pages\/10838\/revisions"}],"predecessor-version":[{"id":11336,"href":"https:\/\/weekendsnacks.fi\/sv\/wp-json\/wp\/v2\/pages\/10838\/revisions\/11336"}],"wp:featuredmedia":[{"embeddable":true,"href":"https:\/\/weekendsnacks.fi\/sv\/wp-json\/wp\/v2\/media\/11322"}],"wp:attachment":[{"href":"https:\/\/weekendsnacks.fi\/sv\/wp-json\/wp\/v2\/media?parent=10838"}],"curies":[{"name":"wp","href":"https:\/\/api.w.org\/{rel}","templated":true}]}}