{"id":10801,"date":"2022-11-09T11:49:11","date_gmt":"2022-11-09T09:49:11","guid":{"rendered":"https:\/\/weekendsnacks.fi\/?page_id=10801"},"modified":"2023-03-09T14:10:06","modified_gmt":"2023-03-09T12:10:06","slug":"cheesy-jalapeno","status":"publish","type":"page","link":"https:\/\/weekendsnacks.fi\/sv\/cheesy-jalapeno","title":{"rendered":"Cheesy Jalapeno"},"content":{"rendered":"[vc_row type=&#8221;in_container&#8221; full_screen_row_position=&#8221;middle&#8221; column_margin=&#8221;default&#8221; column_direction=&#8221;default&#8221; column_direction_tablet=&#8221;default&#8221; column_direction_phone=&#8221;default&#8221; scene_position=&#8221;center&#8221; bottom_padding=&#8221;50&#8243; text_color=&#8221;dark&#8221; text_align=&#8221;left&#8221; row_border_radius=&#8221;none&#8221; row_border_radius_applies=&#8221;bg&#8221; overflow=&#8221;visible&#8221; overlay_strength=&#8221;0.3&#8243; gradient_direction=&#8221;left_to_right&#8221; shape_divider_position=&#8221;bottom&#8221; bg_image_animation=&#8221;none&#8221; shape_type=&#8221;&#8221;][vc_column column_padding=&#8221;no-extra-padding&#8221; column_padding_tablet=&#8221;inherit&#8221; column_padding_phone=&#8221;inherit&#8221; column_padding_position=&#8221;all&#8221; column_element_direction_desktop=&#8221;default&#8221; column_element_spacing=&#8221;default&#8221; desktop_text_alignment=&#8221;default&#8221; tablet_text_alignment=&#8221;default&#8221; phone_text_alignment=&#8221;default&#8221; background_color_opacity=&#8221;1&#8243; background_hover_color_opacity=&#8221;1&#8243; column_backdrop_filter=&#8221;none&#8221; column_shadow=&#8221;none&#8221; column_border_radius=&#8221;none&#8221; column_link_target=&#8221;_self&#8221; column_position=&#8221;default&#8221; boxed=&#8221;true&#8221; gradient_direction=&#8221;left_to_right&#8221; overlay_strength=&#8221;0.3&#8243; width=&#8221;1\/1&#8243; tablet_width_inherit=&#8221;default&#8221; animation_type=&#8221;default&#8221; bg_image_animation=&#8221;none&#8221; border_type=&#8221;simple&#8221; column_border_width=&#8221;none&#8221; column_border_style=&#8221;solid&#8221;][vc_row_inner column_margin=&#8221;default&#8221; column_direction=&#8221;default&#8221; column_direction_tablet=&#8221;default&#8221; column_direction_phone=&#8221;default&#8221; bottom_padding=&#8221;50&#8243; text_align=&#8221;left&#8221; row_position=&#8221;default&#8221; row_position_tablet=&#8221;inherit&#8221; row_position_phone=&#8221;inherit&#8221; overflow=&#8221;visible&#8221; pointer_events=&#8221;all&#8221;][vc_column_inner column_padding=&#8221;padding-7-percent&#8221; column_padding_tablet=&#8221;inherit&#8221; column_padding_phone=&#8221;inherit&#8221; column_padding_position=&#8221;left-right&#8221; column_element_direction_desktop=&#8221;default&#8221; column_element_spacing=&#8221;default&#8221; centered_text=&#8221;true&#8221; desktop_text_alignment=&#8221;default&#8221; tablet_text_alignment=&#8221;default&#8221; phone_text_alignment=&#8221;default&#8221; background_color_opacity=&#8221;1&#8243; background_hover_color_opacity=&#8221;1&#8243; column_backdrop_filter=&#8221;none&#8221; column_shadow=&#8221;none&#8221; column_border_radius=&#8221;none&#8221; column_link_target=&#8221;_self&#8221; overflow=&#8221;visible&#8221; gradient_direction=&#8221;left_to_right&#8221; overlay_strength=&#8221;0.3&#8243; width=&#8221;1\/2&#8243; tablet_width_inherit=&#8221;default&#8221; animation_type=&#8221;default&#8221; bg_image_animation=&#8221;none&#8221; border_type=&#8221;simple&#8221; column_border_width=&#8221;none&#8221; column_border_style=&#8221;solid&#8221; column_padding_type=&#8221;default&#8221; gradient_type=&#8221;default&#8221;][image_with_animation image_url=&#8221;10758&#8243; image_size=&#8221;full&#8221; animation_type=&#8221;entrance&#8221; animation=&#8221;None&#8221; animation_movement_type=&#8221;transform_y&#8221; hover_animation=&#8221;none&#8221; alignment=&#8221;center&#8221; border_radius=&#8221;none&#8221; box_shadow=&#8221;none&#8221; image_loading=&#8221;default&#8221; max_width=&#8221;100%&#8221; max_width_mobile=&#8221;default&#8221;][divider line_type=&#8221;No Line&#8221; custom_height=&#8221;50&#8243;]<div class=\"sharing-default-minimal\"><div class=\"nectar-social default\" data-position=\"left\" data-color-override=\"override\"><div class=\"nectar-social-inner\"><a href=\"#\" class=\"nectar-love\" id=\"nectar-love-10801\" title=\"Love this\"> <i class=\"icon-salient-heart-2\"><\/i><span class=\"love-text\">Love<\/span><span class=\"total_loves\"><span class=\"nectar-love-count\">1<\/span><\/span><\/a><a class='facebook-share nectar-sharing' href='#' title='Share this'>  <i class='fa fa-facebook'><\/i> <span class='social-text'>Share<\/span> <\/a><a class='twitter-share nectar-sharing' href='#' title='Share this'> <i class='fa icon-salient-x-twitter'><\/i> <span class='social-text'>Share<\/span> <\/a><a class='linkedin-share nectar-sharing' href='#' title='Share this'> <i class='fa fa-linkedin'><\/i> <span class='social-text'>Share<\/span> <\/a><a class='pinterest-share nectar-sharing' href='#' title='Pin this'> <i class='fa fa-pinterest'><\/i> <span class='social-text'>Pin<\/span> <\/a><\/div><\/div><\/div>[\/vc_column_inner][vc_column_inner column_padding=&#8221;no-extra-padding&#8221; column_padding_tablet=&#8221;inherit&#8221; column_padding_phone=&#8221;inherit&#8221; column_padding_position=&#8221;all&#8221; column_element_direction_desktop=&#8221;default&#8221; column_element_spacing=&#8221;default&#8221; desktop_text_alignment=&#8221;default&#8221; tablet_text_alignment=&#8221;default&#8221; phone_text_alignment=&#8221;default&#8221; background_color_opacity=&#8221;1&#8243; background_hover_color_opacity=&#8221;1&#8243; column_backdrop_filter=&#8221;none&#8221; column_shadow=&#8221;none&#8221; column_border_radius=&#8221;none&#8221; column_link_target=&#8221;_self&#8221; overflow=&#8221;visible&#8221; gradient_direction=&#8221;left_to_right&#8221; overlay_strength=&#8221;0.3&#8243; width=&#8221;1\/2&#8243; tablet_width_inherit=&#8221;default&#8221; animation_type=&#8221;default&#8221; bg_image_animation=&#8221;none&#8221; border_type=&#8221;simple&#8221; column_border_width=&#8221;none&#8221; column_border_style=&#8221;solid&#8221;][vc_column_text]\n<h4>Krispigt spr\u00f6da linssnacks med smak av jalapeno och ost<\/h4>\n[\/vc_column_text][vc_column_text]De krispigt spr\u00f6da linssnacksen med smak av jalapeno och ost tillverkas till 100% av linsmj\u00f6l, utan n\u00e5gra on\u00f6diga utfyllnadsmedel. Ett st\u00e4nk olja, kryddor och rej\u00e4lt med k\u00e4rlek. . De fiberrika linspuffarna inneh\u00e5ller endast 3 % fett och hela 27% protein. <span class=\"y2iqfc\"><span lang=\"SV\">100% av mj\u00f6let fr\u00e5n r\u00f6da linser. Glutenfria, laktosfria, <\/span><\/span><span lang=\"SV\">veganska<span class=\"y2iqfc\">. Producerade med vindkraft i Finland. <\/span><\/span><span class=\"y2iqfc\"><span lang=\"EN-US\">Och f\u00f6rst\u00e5s \u2013 h\u00e4rligt goda!<\/span><\/span>[\/vc_column_text]<div class=\"nectar-fancy-ul\" data-list-icon=\"fa fa-circle\" data-animation=\"false\" data-animation-delay=\"0\" data-color=\"accent-color\" data-spacing=\"default\" data-alignment=\"left\"> \n<ul>\n<li>Vegansk, glutenfri och laktosfri<\/li>\n<li>Tillverkad i Finland med vindkraft<\/li>\n<\/ul>\n <\/div>[image_with_animation image_url=&#8221;10092&#8243; image_size=&#8221;full&#8221; animation_type=&#8221;entrance&#8221; animation=&#8221;None&#8221; animation_movement_type=&#8221;transform_y&#8221; hover_animation=&#8221;none&#8221; alignment=&#8221;center&#8221; border_radius=&#8221;none&#8221; box_shadow=&#8221;none&#8221; image_loading=&#8221;default&#8221; max_width=&#8221;100%&#8221; max_width_mobile=&#8221;default&#8221;][vc_column_text]\n<h4>Ingredienser<\/h4>\n[\/vc_column_text][vc_column_text]Linsmj\u00f6l 93 % (EU, icke-EU), rypsolja, kryddblandning (druvsocker, salt, socker, arom, j\u00e4stextrakt, krydda (jalape\u00f1o, vitpeppar, vitl\u00f6k), surhetsreglerande medel (mj\u00f6lksyra, citronsyra), l\u00f6k, kryddextrakt (paprika, cayennepeppar)).\u00a0 100% av mj\u00f6let fr\u00e5n r\u00f6da linser.[\/vc_column_text][vc_column_text]\n<h4>N\u00e4ringsinneh\u00e5ll<\/h4>\n<table class=\"data-table\" style=\"height: 269px;\" width=\"567\" cellspacing=\"0\">\n<thead>\n<tr>\n<th style=\"text-align: left;\">N\u00e4ringsinneh\u00e5ll<\/th>\n<th class=\"text-right\" style=\"text-align: left;\">pakkauksessa (45g)<\/th>\n<th class=\"text-right value\" style=\"text-align: left;\">per 100g<\/th>\n<\/tr>\n<\/thead>\n<tbody>\n<tr class=\"energy\">\n<td class=\"name\">Energi<\/td>\n<td class=\"text-right\">653 kJ \/ 156 kcal<\/td>\n<td class=\"text-right value\">\u00a01452 kJ \/ 347 kcal<\/td>\n<\/tr>\n<tr>\n<td class=\"name \">Fett<\/td>\n<td class=\"text-right\">1,4 g<\/td>\n<td class=\"text-right value\">3 g<\/td>\n<\/tr>\n<tr>\n<td class=\"name sub\">*varav m\u00e4ttade f\u00e4ttsyror<\/td>\n<td class=\"text-right\">0,2 g<\/td>\n<td class=\"text-right value\">0,4 g<\/td>\n<\/tr>\n<tr>\n<td class=\"name \">Kolhydrat<\/td>\n<td class=\"text-right\">22,3 g<\/td>\n<td class=\"text-right value\">\u00a049,3 g<\/td>\n<\/tr>\n<tr class=\"energy\">\n<td class=\"name\">*varav sockerarter<\/td>\n<td class=\"text-right\">\u00a01,7 g<\/td>\n<td class=\"text-right value\">\u00a03,8 g<\/td>\n<\/tr>\n<tr>\n<td class=\"name \">Fiber<\/td>\n<td class=\"text-right\">2,9 g<\/td>\n<td class=\"text-right value\">6,4 g<\/td>\n<\/tr>\n<tr>\n<td class=\"name \">Protein<\/td>\n<td class=\"text-right\">12,1 g<\/td>\n<td class=\"text-right value\">27 g<\/td>\n<\/tr>\n<tr>\n<td class=\"name \">Salt<\/td>\n<td class=\"text-right\">\u00a00,6 g<\/td>\n<td class=\"text-right value\">1,4 g<\/td>\n<\/tr>\n<tr>\n<td class=\"name \">Laktos<\/td>\n<td class=\"text-right\">0 g<\/td>\n<td class=\"text-right value\">0,0 g<\/td>\n<\/tr>\n<\/tbody>\n<\/table>\n[\/vc_column_text][vc_column_text]<strong>45 g<\/strong> <strong>NET<\/strong>[\/vc_column_text][\/vc_column_inner][\/vc_row_inner][vc_row_inner column_margin=&#8221;default&#8221; column_direction=&#8221;default&#8221; column_direction_tablet=&#8221;default&#8221; column_direction_phone=&#8221;default&#8221; bottom_padding=&#8221;50&#8243; text_align=&#8221;left&#8221; row_position=&#8221;default&#8221; row_position_tablet=&#8221;inherit&#8221; row_position_phone=&#8221;inherit&#8221; overflow=&#8221;visible&#8221; pointer_events=&#8221;all&#8221;][vc_column_inner column_padding=&#8221;no-extra-padding&#8221; column_padding_tablet=&#8221;inherit&#8221; column_padding_phone=&#8221;inherit&#8221; column_padding_position=&#8221;all&#8221; column_element_direction_desktop=&#8221;default&#8221; column_element_spacing=&#8221;default&#8221; centered_text=&#8221;true&#8221; desktop_text_alignment=&#8221;default&#8221; tablet_text_alignment=&#8221;default&#8221; phone_text_alignment=&#8221;default&#8221; background_color_opacity=&#8221;1&#8243; background_hover_color_opacity=&#8221;1&#8243; column_backdrop_filter=&#8221;none&#8221; column_shadow=&#8221;none&#8221; column_border_radius=&#8221;none&#8221; column_link_target=&#8221;_self&#8221; overflow=&#8221;visible&#8221; gradient_direction=&#8221;left_to_right&#8221; overlay_strength=&#8221;0.3&#8243; width=&#8221;1\/1&#8243; tablet_width_inherit=&#8221;default&#8221; animation_type=&#8221;default&#8221; bg_image_animation=&#8221;none&#8221; border_type=&#8221;simple&#8221; column_border_width=&#8221;none&#8221; column_border_style=&#8221;solid&#8221;][nectar_btn size=&#8221;jumbo&#8221; button_style=&#8221;regular&#8221; button_color_2=&#8221;Accent-Color&#8221; icon_family=&#8221;default_arrow&#8221; url=&#8221;\/sv\/spring-onion&#8221; text=&#8221;G\u00e5 till n\u00e4sta produkt&#8221;][\/vc_column_inner][\/vc_row_inner][\/vc_column][\/vc_row]\n","protected":false},"excerpt":{"rendered":"<p>[vc_row type=&#8221;in_container&#8221; full_screen_row_position=&#8221;middle&#8221; column_margin=&#8221;default&#8221; column_direction=&#8221;default&#8221; column_direction_tablet=&#8221;default&#8221; column_direction_phone=&#8221;default&#8221; scene_position=&#8221;center&#8221; bottom_padding=&#8221;50&#8243; text_color=&#8221;dark&#8221; text_align=&#8221;left&#8221; row_border_radius=&#8221;none&#8221; row_border_radius_applies=&#8221;bg&#8221; overflow=&#8221;visible&#8221; overlay_strength=&#8221;0.3&#8243; gradient_direction=&#8221;left_to_right&#8221; shape_divider_position=&#8221;bottom&#8221; bg_image_animation=&#8221;none&#8221; shape_type=&#8221;&#8221;][vc_column column_padding=&#8221;no-extra-padding&#8221; column_padding_tablet=&#8221;inherit&#8221; column_padding_phone=&#8221;inherit&#8221; column_padding_position=&#8221;all&#8221; column_element_direction_desktop=&#8221;default&#8221; column_element_spacing=&#8221;default&#8221; desktop_text_alignment=&#8221;default&#8221; tablet_text_alignment=&#8221;default&#8221; phone_text_alignment=&#8221;default&#8221; background_color_opacity=&#8221;1&#8243; background_hover_color_opacity=&#8221;1&#8243;&#8230;<\/p>\n","protected":false},"author":1,"featured_media":10761,"parent":0,"menu_order":0,"comment_status":"closed","ping_status":"closed","template":"","meta":{"footnotes":""},"class_list":["post-10801","page","type-page","status-publish","has-post-thumbnail"],"yoast_head":"<!-- This site is optimized with the Yoast SEO plugin v27.4 - https:\/\/yoast.com\/product\/yoast-seo-wordpress\/ -->\n<title>Cheesy Jalapeno - Weekend Snacks<\/title>\n<meta name=\"description\" content=\"Cheesy Jalapeno - De krispigt spr\u00f6da linssnacksen med smak av jalapeno och ost tillverkas till 100% av linsmj\u00f6l, utan utfyllnadsmedel.\" \/>\n<meta name=\"robots\" content=\"index, follow, max-snippet:-1, max-image-preview:large, max-video-preview:-1\" \/>\n<link rel=\"canonical\" href=\"https:\/\/weekendsnacks.fi\/sv\/cheesy-jalapeno\" \/>\n<meta property=\"og:locale\" content=\"sv_SE\" \/>\n<meta property=\"og:type\" content=\"article\" \/>\n<meta property=\"og:title\" content=\"Cheesy Jalapeno - Weekend Snacks\" \/>\n<meta property=\"og:description\" content=\"Cheesy Jalapeno - De krispigt spr\u00f6da linssnacksen med smak av jalapeno och ost tillverkas till 100% av linsmj\u00f6l, utan utfyllnadsmedel.\" \/>\n<meta property=\"og:url\" content=\"https:\/\/weekendsnacks.fi\/sv\/cheesy-jalapeno\" \/>\n<meta property=\"og:site_name\" content=\"Weekend Snacks\" \/>\n<meta property=\"article:publisher\" content=\"https:\/\/www.facebook.com\/weekendsnacksfinland\/?fref=ts\" \/>\n<meta property=\"article:modified_time\" content=\"2023-03-09T12:10:06+00:00\" \/>\n<meta property=\"og:image\" content=\"https:\/\/weekendsnacks.fi\/wp-content\/uploads\/2022\/11\/100Lentil_Cheesy.png\" \/>\n\t<meta property=\"og:image:width\" content=\"600\" \/>\n\t<meta property=\"og:image:height\" content=\"954\" \/>\n\t<meta property=\"og:image:type\" content=\"image\/png\" \/>\n<meta name=\"twitter:card\" content=\"summary_large_image\" \/>\n<meta name=\"twitter:label1\" content=\"Ber\u00e4knad l\u00e4stid\" \/>\n\t<meta name=\"twitter:data1\" content=\"3 minuter\" \/>\n<script type=\"application\/ld+json\" class=\"yoast-schema-graph\">{\"@context\":\"https:\\\/\\\/schema.org\",\"@graph\":[{\"@type\":\"WebPage\",\"@id\":\"https:\\\/\\\/weekendsnacks.fi\\\/sv\\\/cheesy-jalapeno\",\"url\":\"https:\\\/\\\/weekendsnacks.fi\\\/sv\\\/cheesy-jalapeno\",\"name\":\"Cheesy Jalapeno - Weekend Snacks\",\"isPartOf\":{\"@id\":\"https:\\\/\\\/weekendsnacks.fi\\\/#website\"},\"primaryImageOfPage\":{\"@id\":\"https:\\\/\\\/weekendsnacks.fi\\\/sv\\\/cheesy-jalapeno#primaryimage\"},\"image\":{\"@id\":\"https:\\\/\\\/weekendsnacks.fi\\\/sv\\\/cheesy-jalapeno#primaryimage\"},\"thumbnailUrl\":\"https:\\\/\\\/weekendsnacks.fi\\\/wp-content\\\/uploads\\\/2022\\\/11\\\/100Lentil_Cheesy.png\",\"datePublished\":\"2022-11-09T09:49:11+00:00\",\"dateModified\":\"2023-03-09T12:10:06+00:00\",\"description\":\"Cheesy Jalapeno - De krispigt spr\u00f6da linssnacksen med smak av jalapeno och ost tillverkas till 100% av linsmj\u00f6l, utan utfyllnadsmedel.\",\"breadcrumb\":{\"@id\":\"https:\\\/\\\/weekendsnacks.fi\\\/sv\\\/cheesy-jalapeno#breadcrumb\"},\"inLanguage\":\"sv-SE\",\"potentialAction\":[{\"@type\":\"ReadAction\",\"target\":[\"https:\\\/\\\/weekendsnacks.fi\\\/sv\\\/cheesy-jalapeno\"]}]},{\"@type\":\"ImageObject\",\"inLanguage\":\"sv-SE\",\"@id\":\"https:\\\/\\\/weekendsnacks.fi\\\/sv\\\/cheesy-jalapeno#primaryimage\",\"url\":\"https:\\\/\\\/weekendsnacks.fi\\\/wp-content\\\/uploads\\\/2022\\\/11\\\/100Lentil_Cheesy.png\",\"contentUrl\":\"https:\\\/\\\/weekendsnacks.fi\\\/wp-content\\\/uploads\\\/2022\\\/11\\\/100Lentil_Cheesy.png\",\"width\":600,\"height\":954},{\"@type\":\"BreadcrumbList\",\"@id\":\"https:\\\/\\\/weekendsnacks.fi\\\/sv\\\/cheesy-jalapeno#breadcrumb\",\"itemListElement\":[{\"@type\":\"ListItem\",\"position\":1,\"name\":\"Home\",\"item\":\"https:\\\/\\\/weekendsnacks.fi\\\/sv\"},{\"@type\":\"ListItem\",\"position\":2,\"name\":\"Cheesy Jalapeno\"}]},{\"@type\":\"WebSite\",\"@id\":\"https:\\\/\\\/weekendsnacks.fi\\\/#website\",\"url\":\"https:\\\/\\\/weekendsnacks.fi\\\/\",\"name\":\"Weekend Snacks\",\"description\":\"Suomalaiset sipsit ja snacksit\",\"publisher\":{\"@id\":\"https:\\\/\\\/weekendsnacks.fi\\\/#organization\"},\"potentialAction\":[{\"@type\":\"SearchAction\",\"target\":{\"@type\":\"EntryPoint\",\"urlTemplate\":\"https:\\\/\\\/weekendsnacks.fi\\\/?s={search_term_string}\"},\"query-input\":{\"@type\":\"PropertyValueSpecification\",\"valueRequired\":true,\"valueName\":\"search_term_string\"}}],\"inLanguage\":\"sv-SE\"},{\"@type\":\"Organization\",\"@id\":\"https:\\\/\\\/weekendsnacks.fi\\\/#organization\",\"name\":\"Weekend Snacks\",\"url\":\"https:\\\/\\\/weekendsnacks.fi\\\/\",\"logo\":{\"@type\":\"ImageObject\",\"inLanguage\":\"sv-SE\",\"@id\":\"https:\\\/\\\/weekendsnacks.fi\\\/#\\\/schema\\\/logo\\\/image\\\/\",\"url\":\"https:\\\/\\\/weekendsnacks.fi\\\/wp-content\\\/uploads\\\/2025\\\/02\\\/weekendsnacks-logo-black-800-new.png\",\"contentUrl\":\"https:\\\/\\\/weekendsnacks.fi\\\/wp-content\\\/uploads\\\/2025\\\/02\\\/weekendsnacks-logo-black-800-new.png\",\"width\":800,\"height\":541,\"caption\":\"Weekend Snacks\"},\"image\":{\"@id\":\"https:\\\/\\\/weekendsnacks.fi\\\/#\\\/schema\\\/logo\\\/image\\\/\"},\"sameAs\":[\"https:\\\/\\\/www.facebook.com\\\/weekendsnacksfinland\\\/?fref=ts\",\"https:\\\/\\\/www.instagram.com\\\/weekendsnacks20\\\/\"]}]}<\/script>\n<!-- \/ Yoast SEO plugin. -->","yoast_head_json":{"title":"Cheesy Jalapeno - Weekend Snacks","description":"Cheesy Jalapeno - De krispigt spr\u00f6da linssnacksen med smak av jalapeno och ost tillverkas till 100% av linsmj\u00f6l, utan utfyllnadsmedel.","robots":{"index":"index","follow":"follow","max-snippet":"max-snippet:-1","max-image-preview":"max-image-preview:large","max-video-preview":"max-video-preview:-1"},"canonical":"https:\/\/weekendsnacks.fi\/sv\/cheesy-jalapeno","og_locale":"sv_SE","og_type":"article","og_title":"Cheesy Jalapeno - Weekend Snacks","og_description":"Cheesy Jalapeno - De krispigt spr\u00f6da linssnacksen med smak av jalapeno och ost tillverkas till 100% av linsmj\u00f6l, utan utfyllnadsmedel.","og_url":"https:\/\/weekendsnacks.fi\/sv\/cheesy-jalapeno","og_site_name":"Weekend Snacks","article_publisher":"https:\/\/www.facebook.com\/weekendsnacksfinland\/?fref=ts","article_modified_time":"2023-03-09T12:10:06+00:00","og_image":[{"width":600,"height":954,"url":"https:\/\/weekendsnacks.fi\/wp-content\/uploads\/2022\/11\/100Lentil_Cheesy.png","type":"image\/png"}],"twitter_card":"summary_large_image","twitter_misc":{"Ber\u00e4knad l\u00e4stid":"3 minuter"},"schema":{"@context":"https:\/\/schema.org","@graph":[{"@type":"WebPage","@id":"https:\/\/weekendsnacks.fi\/sv\/cheesy-jalapeno","url":"https:\/\/weekendsnacks.fi\/sv\/cheesy-jalapeno","name":"Cheesy Jalapeno - Weekend Snacks","isPartOf":{"@id":"https:\/\/weekendsnacks.fi\/#website"},"primaryImageOfPage":{"@id":"https:\/\/weekendsnacks.fi\/sv\/cheesy-jalapeno#primaryimage"},"image":{"@id":"https:\/\/weekendsnacks.fi\/sv\/cheesy-jalapeno#primaryimage"},"thumbnailUrl":"https:\/\/weekendsnacks.fi\/wp-content\/uploads\/2022\/11\/100Lentil_Cheesy.png","datePublished":"2022-11-09T09:49:11+00:00","dateModified":"2023-03-09T12:10:06+00:00","description":"Cheesy Jalapeno - De krispigt spr\u00f6da linssnacksen med smak av jalapeno och ost tillverkas till 100% av linsmj\u00f6l, utan utfyllnadsmedel.","breadcrumb":{"@id":"https:\/\/weekendsnacks.fi\/sv\/cheesy-jalapeno#breadcrumb"},"inLanguage":"sv-SE","potentialAction":[{"@type":"ReadAction","target":["https:\/\/weekendsnacks.fi\/sv\/cheesy-jalapeno"]}]},{"@type":"ImageObject","inLanguage":"sv-SE","@id":"https:\/\/weekendsnacks.fi\/sv\/cheesy-jalapeno#primaryimage","url":"https:\/\/weekendsnacks.fi\/wp-content\/uploads\/2022\/11\/100Lentil_Cheesy.png","contentUrl":"https:\/\/weekendsnacks.fi\/wp-content\/uploads\/2022\/11\/100Lentil_Cheesy.png","width":600,"height":954},{"@type":"BreadcrumbList","@id":"https:\/\/weekendsnacks.fi\/sv\/cheesy-jalapeno#breadcrumb","itemListElement":[{"@type":"ListItem","position":1,"name":"Home","item":"https:\/\/weekendsnacks.fi\/sv"},{"@type":"ListItem","position":2,"name":"Cheesy Jalapeno"}]},{"@type":"WebSite","@id":"https:\/\/weekendsnacks.fi\/#website","url":"https:\/\/weekendsnacks.fi\/","name":"Weekend Snacks","description":"Suomalaiset sipsit ja snacksit","publisher":{"@id":"https:\/\/weekendsnacks.fi\/#organization"},"potentialAction":[{"@type":"SearchAction","target":{"@type":"EntryPoint","urlTemplate":"https:\/\/weekendsnacks.fi\/?s={search_term_string}"},"query-input":{"@type":"PropertyValueSpecification","valueRequired":true,"valueName":"search_term_string"}}],"inLanguage":"sv-SE"},{"@type":"Organization","@id":"https:\/\/weekendsnacks.fi\/#organization","name":"Weekend Snacks","url":"https:\/\/weekendsnacks.fi\/","logo":{"@type":"ImageObject","inLanguage":"sv-SE","@id":"https:\/\/weekendsnacks.fi\/#\/schema\/logo\/image\/","url":"https:\/\/weekendsnacks.fi\/wp-content\/uploads\/2025\/02\/weekendsnacks-logo-black-800-new.png","contentUrl":"https:\/\/weekendsnacks.fi\/wp-content\/uploads\/2025\/02\/weekendsnacks-logo-black-800-new.png","width":800,"height":541,"caption":"Weekend Snacks"},"image":{"@id":"https:\/\/weekendsnacks.fi\/#\/schema\/logo\/image\/"},"sameAs":["https:\/\/www.facebook.com\/weekendsnacksfinland\/?fref=ts","https:\/\/www.instagram.com\/weekendsnacks20\/"]}]}},"_links":{"self":[{"href":"https:\/\/weekendsnacks.fi\/sv\/wp-json\/wp\/v2\/pages\/10801","targetHints":{"allow":["GET"]}}],"collection":[{"href":"https:\/\/weekendsnacks.fi\/sv\/wp-json\/wp\/v2\/pages"}],"about":[{"href":"https:\/\/weekendsnacks.fi\/sv\/wp-json\/wp\/v2\/types\/page"}],"author":[{"embeddable":true,"href":"https:\/\/weekendsnacks.fi\/sv\/wp-json\/wp\/v2\/users\/1"}],"replies":[{"embeddable":true,"href":"https:\/\/weekendsnacks.fi\/sv\/wp-json\/wp\/v2\/comments?post=10801"}],"version-history":[{"count":4,"href":"https:\/\/weekendsnacks.fi\/sv\/wp-json\/wp\/v2\/pages\/10801\/revisions"}],"predecessor-version":[{"id":10961,"href":"https:\/\/weekendsnacks.fi\/sv\/wp-json\/wp\/v2\/pages\/10801\/revisions\/10961"}],"wp:featuredmedia":[{"embeddable":true,"href":"https:\/\/weekendsnacks.fi\/sv\/wp-json\/wp\/v2\/media\/10761"}],"wp:attachment":[{"href":"https:\/\/weekendsnacks.fi\/sv\/wp-json\/wp\/v2\/media?parent=10801"}],"curies":[{"name":"wp","href":"https:\/\/api.w.org\/{rel}","templated":true}]}}