{"id":10100,"date":"2021-04-08T20:39:10","date_gmt":"2021-04-08T17:39:10","guid":{"rendered":"https:\/\/weekendsnacks.fi\/?page_id=10100"},"modified":"2021-04-15T13:39:09","modified_gmt":"2021-04-15T10:39:09","slug":"3in1-creamy-dill","status":"publish","type":"page","link":"https:\/\/weekendsnacks.fi\/sv\/3in1-creamy-dill","title":{"rendered":"3in1 Creamy Dill"},"content":{"rendered":"[vc_row type=&#8221;in_container&#8221; full_screen_row_position=&#8221;middle&#8221; column_margin=&#8221;default&#8221; column_direction=&#8221;default&#8221; column_direction_tablet=&#8221;default&#8221; column_direction_phone=&#8221;default&#8221; scene_position=&#8221;center&#8221; bottom_padding=&#8221;50&#8243; text_color=&#8221;dark&#8221; text_align=&#8221;left&#8221; row_border_radius=&#8221;none&#8221; row_border_radius_applies=&#8221;bg&#8221; overlay_strength=&#8221;0.3&#8243; gradient_direction=&#8221;left_to_right&#8221; shape_divider_position=&#8221;bottom&#8221; bg_image_animation=&#8221;none&#8221; shape_type=&#8221;&#8221;][vc_column column_padding=&#8221;no-extra-padding&#8221; column_padding_tablet=&#8221;inherit&#8221; column_padding_phone=&#8221;inherit&#8221; column_padding_position=&#8221;all&#8221; column_element_spacing=&#8221;default&#8221; background_color_opacity=&#8221;1&#8243; background_hover_color_opacity=&#8221;1&#8243; column_shadow=&#8221;none&#8221; column_border_radius=&#8221;none&#8221; column_link_target=&#8221;_self&#8221; boxed=&#8221;true&#8221; gradient_direction=&#8221;left_to_right&#8221; overlay_strength=&#8221;0.3&#8243; width=&#8221;1\/1&#8243; tablet_width_inherit=&#8221;default&#8221; tablet_text_alignment=&#8221;default&#8221; phone_text_alignment=&#8221;default&#8221; bg_image_animation=&#8221;none&#8221; border_type=&#8221;simple&#8221; column_border_width=&#8221;none&#8221; column_border_style=&#8221;solid&#8221;][vc_row_inner column_margin=&#8221;default&#8221; column_direction=&#8221;default&#8221; column_direction_tablet=&#8221;default&#8221; column_direction_phone=&#8221;default&#8221; bottom_padding=&#8221;50&#8243; text_align=&#8221;left&#8221;][vc_column_inner column_padding=&#8221;no-extra-padding&#8221; column_padding_tablet=&#8221;inherit&#8221; column_padding_phone=&#8221;inherit&#8221; column_padding_position=&#8221;all&#8221; column_element_spacing=&#8221;default&#8221; centered_text=&#8221;true&#8221; background_color_opacity=&#8221;1&#8243; background_hover_color_opacity=&#8221;1&#8243; column_shadow=&#8221;none&#8221; column_border_radius=&#8221;none&#8221; column_link_target=&#8221;_self&#8221; gradient_direction=&#8221;left_to_right&#8221; overlay_strength=&#8221;0.3&#8243; width=&#8221;1\/2&#8243; tablet_width_inherit=&#8221;default&#8221; bg_image_animation=&#8221;none&#8221; border_type=&#8221;simple&#8221; column_border_width=&#8221;none&#8221; column_border_style=&#8221;solid&#8221;][image_with_animation image_url=&#8221;10080&#8243; animation=&#8221;None&#8221; hover_animation=&#8221;none&#8221; alignment=&#8221;center&#8221; border_radius=&#8221;none&#8221; box_shadow=&#8221;none&#8221; image_loading=&#8221;default&#8221; max_width=&#8221;100%&#8221; max_width_mobile=&#8221;default&#8221;][divider line_type=&#8221;No Line&#8221; custom_height=&#8221;50&#8243;]<div class=\"sharing-default-minimal\"><div class=\"nectar-social default\" data-position=\"left\" data-color-override=\"override\"><div class=\"nectar-social-inner\"><a href=\"#\" class=\"nectar-love\" id=\"nectar-love-10100\" title=\"Love this\"> <i class=\"icon-salient-heart-2\"><\/i><span class=\"love-text\">Love<\/span><span class=\"total_loves\"><span class=\"nectar-love-count\">0<\/span><\/span><\/a><a class='facebook-share nectar-sharing' href='#' title='Share this'>  <i class='fa fa-facebook'><\/i> <span class='social-text'>Share<\/span> <\/a><a class='twitter-share nectar-sharing' href='#' title='Share this'> <i class='fa icon-salient-x-twitter'><\/i> <span class='social-text'>Share<\/span> <\/a><a class='linkedin-share nectar-sharing' href='#' title='Share this'> <i class='fa fa-linkedin'><\/i> <span class='social-text'>Share<\/span> <\/a><a class='pinterest-share nectar-sharing' href='#' title='Pin this'> <i class='fa fa-pinterest'><\/i> <span class='social-text'>Pin<\/span> <\/a><\/div><\/div><\/div>[\/vc_column_inner][vc_column_inner column_padding=&#8221;no-extra-padding&#8221; column_padding_tablet=&#8221;inherit&#8221; column_padding_phone=&#8221;inherit&#8221; column_padding_position=&#8221;all&#8221; column_element_spacing=&#8221;default&#8221; background_color_opacity=&#8221;1&#8243; background_hover_color_opacity=&#8221;1&#8243; column_shadow=&#8221;none&#8221; column_border_radius=&#8221;none&#8221; column_link_target=&#8221;_self&#8221; gradient_direction=&#8221;left_to_right&#8221; overlay_strength=&#8221;0.3&#8243; width=&#8221;1\/2&#8243; tablet_width_inherit=&#8221;default&#8221; bg_image_animation=&#8221;none&#8221; border_type=&#8221;simple&#8221; column_border_width=&#8221;none&#8221; column_border_style=&#8221;solid&#8221;][vc_column_text]\n<h4><b>Hummus, lins och quinoa chipsblandning med gr\u00e4ddig dillsmak<\/b><\/h4>\n[\/vc_column_text][vc_column_text]V\u00e5r nyhetsblandning <strong>3in1 Chips MIX<\/strong> skiljer sig fr\u00e5n allt som du tidigare smakat. En f\u00f6rtjusande och unik blandning av h\u00e4rligt krispiga hummus, lins och quinoa chips. F\u00f6rpackningen inneh\u00e5ller tre till formen, smaken och texturen helt olika chips. Dr\u00f6mp\u00e5sen f\u00f6r varje l\u00e4ckergom![\/vc_column_text]<div class=\"nectar-fancy-ul\" data-list-icon=\"fa fa-circle\" data-animation=\"false\" data-animation-delay=\"0\" data-color=\"accent-color\" data-spacing=\"default\" data-alignment=\"left\"> \n<ul>\n<li>Endast naturliga aromer<\/li>\n<li>Vegansk, glutenfri och laktosfri<\/li>\n<li>Tillverkad i Finland med vindkraft<\/li>\n<\/ul>\n <\/div>[image_with_animation image_url=&#8221;10092&#8243; animation=&#8221;None&#8221; hover_animation=&#8221;none&#8221; alignment=&#8221;center&#8221; border_radius=&#8221;none&#8221; box_shadow=&#8221;none&#8221; image_loading=&#8221;default&#8221; max_width=&#8221;100%&#8221; max_width_mobile=&#8221;default&#8221;][vc_column_text]\n<h4 id=\"product-ingredients-title\">Ingredienser<\/h4>\n[\/vc_column_text][vc_column_text]Kik\u00e4rtsmj\u00f6l 29,7% (EU), potatisst\u00e4rkelse, rypsolja, quinoamj\u00f6l, linsmj\u00f6l, majsst\u00e4rkelse, potatismj\u00f6l, kryddblandning (druvsocker, salt, socker, naturlig arom, j\u00e4stextrakt, krydda (dill, vitpeppar, vitl\u00f6k), l\u00f6k), majsmj\u00f6l, salt, potatisfiber, socker, kaliumklorid. Kan inneh\u00e5lla sm\u00e5 m\u00e4ngder av\u00a0<strong>soja<\/strong>.[\/vc_column_text][vc_column_text]\n<h4>N\u00e4ringsinneh\u00e5ll<\/h4>\n<table class=\"data-table\" style=\"height: 269px;\" width=\"567\" cellspacing=\"0\">\n<thead>\n<tr>\n<th style=\"text-align: left;\">N\u00e4rsingsv\u00e4rde<\/th>\n<th class=\"text-right\" style=\"text-align: left;\">per 100g<\/th>\n<th class=\"text-right value\" style=\"text-align: left;\">per portion (25g)<\/th>\n<\/tr>\n<\/thead>\n<tbody>\n<tr class=\"energy\">\n<td class=\"name\">Energi<\/td>\n<td class=\"text-right\">1900 kJ \/ 454 kcal<\/td>\n<td class=\"text-right value\">\u00a0475 kJ \/ 114 kcal<\/td>\n<\/tr>\n<tr>\n<td class=\"name \">Fett<\/td>\n<td class=\"text-right\">21 g<\/td>\n<td class=\"text-right value\">5,3 g<\/td>\n<\/tr>\n<tr>\n<td class=\"name sub\">*varav m\u00e4ttade f\u00e4ttsyror<\/td>\n<td class=\"text-right\">1,6 g<\/td>\n<td class=\"text-right value\">0,4 g<\/td>\n<\/tr>\n<tr>\n<td class=\"name \">Kolhydrat<\/td>\n<td class=\"text-right\">55 g<\/td>\n<td class=\"text-right value\">\u00a014 g<\/td>\n<\/tr>\n<tr class=\"energy\">\n<td class=\"name\">*varav sockerarter<\/td>\n<td class=\"text-right\">3,6 g<\/td>\n<td class=\"text-right value\">\u00a00,9 g<\/td>\n<\/tr>\n<tr>\n<td class=\"name \">Fiber<\/td>\n<td class=\"text-right\">5,8 g<\/td>\n<td class=\"text-right value\">1,5 g<\/td>\n<\/tr>\n<tr>\n<td class=\"name \">Protein<\/td>\n<td class=\"text-right\">9,9 g<\/td>\n<td class=\"text-right value\">2,5 g<\/td>\n<\/tr>\n<tr>\n<td class=\"name \">Salt<\/td>\n<td class=\"text-right\">2 g<\/td>\n<td class=\"text-right value\">0,5 g<\/td>\n<\/tr>\n<tr>\n<td class=\"name \">Laktos<\/td>\n<td class=\"text-right\">0 g<\/td>\n<td class=\"text-right value\">0,0 g<\/td>\n<\/tr>\n<\/tbody>\n<\/table>\n[\/vc_column_text][vc_column_text]<strong>90 g<\/strong> <strong>NET<\/strong>[\/vc_column_text][\/vc_column_inner][\/vc_row_inner][vc_row_inner column_margin=&#8221;default&#8221; column_direction=&#8221;default&#8221; column_direction_tablet=&#8221;default&#8221; column_direction_phone=&#8221;default&#8221; bottom_padding=&#8221;50&#8243; text_align=&#8221;left&#8221;][vc_column_inner column_padding=&#8221;no-extra-padding&#8221; column_padding_tablet=&#8221;inherit&#8221; column_padding_phone=&#8221;inherit&#8221; column_padding_position=&#8221;all&#8221; column_element_spacing=&#8221;default&#8221; centered_text=&#8221;true&#8221; background_color_opacity=&#8221;1&#8243; background_hover_color_opacity=&#8221;1&#8243; column_shadow=&#8221;none&#8221; column_border_radius=&#8221;none&#8221; column_link_target=&#8221;_self&#8221; gradient_direction=&#8221;left_to_right&#8221; overlay_strength=&#8221;0.3&#8243; width=&#8221;1\/1&#8243; tablet_width_inherit=&#8221;default&#8221; bg_image_animation=&#8221;none&#8221; border_type=&#8221;simple&#8221; column_border_width=&#8221;none&#8221; column_border_style=&#8221;solid&#8221;][nectar_btn size=&#8221;jumbo&#8221; button_style=&#8221;regular&#8221; button_color_2=&#8221;Accent-Color&#8221; icon_family=&#8221;default_arrow&#8221; url=&#8221;\/sv\/3in1-cheesy-jalapeno&#8221; text=&#8221;G\u00e5 till n\u00e4sta produkt&#8221;][\/vc_column_inner][\/vc_row_inner][\/vc_column][\/vc_row]\n","protected":false},"excerpt":{"rendered":"<p>[vc_row type=&#8221;in_container&#8221; full_screen_row_position=&#8221;middle&#8221; column_margin=&#8221;default&#8221; column_direction=&#8221;default&#8221; column_direction_tablet=&#8221;default&#8221; column_direction_phone=&#8221;default&#8221; scene_position=&#8221;center&#8221; bottom_padding=&#8221;50&#8243; text_color=&#8221;dark&#8221; text_align=&#8221;left&#8221; row_border_radius=&#8221;none&#8221; row_border_radius_applies=&#8221;bg&#8221; overlay_strength=&#8221;0.3&#8243; gradient_direction=&#8221;left_to_right&#8221; shape_divider_position=&#8221;bottom&#8221; bg_image_animation=&#8221;none&#8221; shape_type=&#8221;&#8221;][vc_column column_padding=&#8221;no-extra-padding&#8221; column_padding_tablet=&#8221;inherit&#8221; column_padding_phone=&#8221;inherit&#8221; column_padding_position=&#8221;all&#8221; column_element_spacing=&#8221;default&#8221; background_color_opacity=&#8221;1&#8243; background_hover_color_opacity=&#8221;1&#8243; column_shadow=&#8221;none&#8221; column_border_radius=&#8221;none&#8221; column_link_target=&#8221;_self&#8221; boxed=&#8221;true&#8221; gradient_direction=&#8221;left_to_right&#8221;&#8230;<\/p>\n","protected":false},"author":1,"featured_media":10080,"parent":0,"menu_order":0,"comment_status":"closed","ping_status":"closed","template":"","meta":{"footnotes":""},"class_list":["post-10100","page","type-page","status-publish","has-post-thumbnail"],"yoast_head":"<!-- This site is optimized with the Yoast SEO plugin v27.5 - https:\/\/yoast.com\/product\/yoast-seo-wordpress\/ -->\n<title>3in1 Creamy Dill - Weekend Snacks<\/title>\n<meta name=\"description\" content=\"En f\u00f6rtjusande och unik blandning av h\u00e4rligt krispiga hummus, lins och quinoa chips. Creamy Dill inneh\u00e5ller tre helt olika chips.\" \/>\n<meta name=\"robots\" content=\"index, follow, max-snippet:-1, max-image-preview:large, max-video-preview:-1\" \/>\n<link rel=\"canonical\" href=\"https:\/\/weekendsnacks.fi\/sv\/3in1-creamy-dill\" \/>\n<meta property=\"og:locale\" content=\"sv_SE\" \/>\n<meta property=\"og:type\" content=\"article\" \/>\n<meta property=\"og:title\" content=\"3in1 Creamy Dill - Weekend Snacks\" \/>\n<meta property=\"og:description\" content=\"En f\u00f6rtjusande och unik blandning av h\u00e4rligt krispiga hummus, lins och quinoa chips. Creamy Dill inneh\u00e5ller tre helt olika chips.\" \/>\n<meta property=\"og:url\" content=\"https:\/\/weekendsnacks.fi\/sv\/3in1-creamy-dill\" \/>\n<meta property=\"og:site_name\" content=\"Weekend Snacks\" \/>\n<meta property=\"article:publisher\" content=\"https:\/\/www.facebook.com\/weekendsnacksfinland\/?fref=ts\" \/>\n<meta property=\"article:modified_time\" content=\"2021-04-15T10:39:09+00:00\" \/>\n<meta property=\"og:image\" content=\"https:\/\/weekendsnacks.fi\/wp-content\/uploads\/2021\/04\/Weekend_Snacks_Mix_3in1_CreamyDill_varjostettu_700.png\" \/>\n\t<meta property=\"og:image:width\" content=\"525\" \/>\n\t<meta property=\"og:image:height\" content=\"700\" \/>\n\t<meta property=\"og:image:type\" content=\"image\/png\" \/>\n<meta name=\"twitter:card\" content=\"summary_large_image\" \/>\n<meta name=\"twitter:label1\" content=\"Ber\u00e4knad l\u00e4stid\" \/>\n\t<meta name=\"twitter:data1\" content=\"2 minuter\" \/>\n<script type=\"application\/ld+json\" class=\"yoast-schema-graph\">{\"@context\":\"https:\\\/\\\/schema.org\",\"@graph\":[{\"@type\":\"WebPage\",\"@id\":\"https:\\\/\\\/weekendsnacks.fi\\\/sv\\\/3in1-creamy-dill\",\"url\":\"https:\\\/\\\/weekendsnacks.fi\\\/sv\\\/3in1-creamy-dill\",\"name\":\"3in1 Creamy Dill - Weekend Snacks\",\"isPartOf\":{\"@id\":\"https:\\\/\\\/weekendsnacks.fi\\\/#website\"},\"primaryImageOfPage\":{\"@id\":\"https:\\\/\\\/weekendsnacks.fi\\\/sv\\\/3in1-creamy-dill#primaryimage\"},\"image\":{\"@id\":\"https:\\\/\\\/weekendsnacks.fi\\\/sv\\\/3in1-creamy-dill#primaryimage\"},\"thumbnailUrl\":\"https:\\\/\\\/weekendsnacks.fi\\\/wp-content\\\/uploads\\\/2021\\\/04\\\/Weekend_Snacks_Mix_3in1_CreamyDill_varjostettu_700.png\",\"datePublished\":\"2021-04-08T17:39:10+00:00\",\"dateModified\":\"2021-04-15T10:39:09+00:00\",\"description\":\"En f\u00f6rtjusande och unik blandning av h\u00e4rligt krispiga hummus, lins och quinoa chips. Creamy Dill inneh\u00e5ller tre helt olika chips.\",\"breadcrumb\":{\"@id\":\"https:\\\/\\\/weekendsnacks.fi\\\/sv\\\/3in1-creamy-dill#breadcrumb\"},\"inLanguage\":\"sv-SE\",\"potentialAction\":[{\"@type\":\"ReadAction\",\"target\":[\"https:\\\/\\\/weekendsnacks.fi\\\/sv\\\/3in1-creamy-dill\"]}]},{\"@type\":\"ImageObject\",\"inLanguage\":\"sv-SE\",\"@id\":\"https:\\\/\\\/weekendsnacks.fi\\\/sv\\\/3in1-creamy-dill#primaryimage\",\"url\":\"https:\\\/\\\/weekendsnacks.fi\\\/wp-content\\\/uploads\\\/2021\\\/04\\\/Weekend_Snacks_Mix_3in1_CreamyDill_varjostettu_700.png\",\"contentUrl\":\"https:\\\/\\\/weekendsnacks.fi\\\/wp-content\\\/uploads\\\/2021\\\/04\\\/Weekend_Snacks_Mix_3in1_CreamyDill_varjostettu_700.png\",\"width\":525,\"height\":700},{\"@type\":\"BreadcrumbList\",\"@id\":\"https:\\\/\\\/weekendsnacks.fi\\\/sv\\\/3in1-creamy-dill#breadcrumb\",\"itemListElement\":[{\"@type\":\"ListItem\",\"position\":1,\"name\":\"Home\",\"item\":\"https:\\\/\\\/weekendsnacks.fi\\\/sv\"},{\"@type\":\"ListItem\",\"position\":2,\"name\":\"3in1 Creamy Dill\"}]},{\"@type\":\"WebSite\",\"@id\":\"https:\\\/\\\/weekendsnacks.fi\\\/#website\",\"url\":\"https:\\\/\\\/weekendsnacks.fi\\\/\",\"name\":\"Weekend Snacks\",\"description\":\"Suomalaiset sipsit ja snacksit\",\"publisher\":{\"@id\":\"https:\\\/\\\/weekendsnacks.fi\\\/#organization\"},\"potentialAction\":[{\"@type\":\"SearchAction\",\"target\":{\"@type\":\"EntryPoint\",\"urlTemplate\":\"https:\\\/\\\/weekendsnacks.fi\\\/?s={search_term_string}\"},\"query-input\":{\"@type\":\"PropertyValueSpecification\",\"valueRequired\":true,\"valueName\":\"search_term_string\"}}],\"inLanguage\":\"sv-SE\"},{\"@type\":\"Organization\",\"@id\":\"https:\\\/\\\/weekendsnacks.fi\\\/#organization\",\"name\":\"Weekend Snacks\",\"url\":\"https:\\\/\\\/weekendsnacks.fi\\\/\",\"logo\":{\"@type\":\"ImageObject\",\"inLanguage\":\"sv-SE\",\"@id\":\"https:\\\/\\\/weekendsnacks.fi\\\/#\\\/schema\\\/logo\\\/image\\\/\",\"url\":\"https:\\\/\\\/weekendsnacks.fi\\\/wp-content\\\/uploads\\\/2025\\\/02\\\/weekendsnacks-logo-black-800-new.png\",\"contentUrl\":\"https:\\\/\\\/weekendsnacks.fi\\\/wp-content\\\/uploads\\\/2025\\\/02\\\/weekendsnacks-logo-black-800-new.png\",\"width\":800,\"height\":541,\"caption\":\"Weekend Snacks\"},\"image\":{\"@id\":\"https:\\\/\\\/weekendsnacks.fi\\\/#\\\/schema\\\/logo\\\/image\\\/\"},\"sameAs\":[\"https:\\\/\\\/www.facebook.com\\\/weekendsnacksfinland\\\/?fref=ts\",\"https:\\\/\\\/www.instagram.com\\\/weekendsnacks20\\\/\"]}]}<\/script>\n<!-- \/ Yoast SEO plugin. -->","yoast_head_json":{"title":"3in1 Creamy Dill - Weekend Snacks","description":"En f\u00f6rtjusande och unik blandning av h\u00e4rligt krispiga hummus, lins och quinoa chips. Creamy Dill inneh\u00e5ller tre helt olika chips.","robots":{"index":"index","follow":"follow","max-snippet":"max-snippet:-1","max-image-preview":"max-image-preview:large","max-video-preview":"max-video-preview:-1"},"canonical":"https:\/\/weekendsnacks.fi\/sv\/3in1-creamy-dill","og_locale":"sv_SE","og_type":"article","og_title":"3in1 Creamy Dill - Weekend Snacks","og_description":"En f\u00f6rtjusande och unik blandning av h\u00e4rligt krispiga hummus, lins och quinoa chips. Creamy Dill inneh\u00e5ller tre helt olika chips.","og_url":"https:\/\/weekendsnacks.fi\/sv\/3in1-creamy-dill","og_site_name":"Weekend Snacks","article_publisher":"https:\/\/www.facebook.com\/weekendsnacksfinland\/?fref=ts","article_modified_time":"2021-04-15T10:39:09+00:00","og_image":[{"width":525,"height":700,"url":"https:\/\/weekendsnacks.fi\/wp-content\/uploads\/2021\/04\/Weekend_Snacks_Mix_3in1_CreamyDill_varjostettu_700.png","type":"image\/png"}],"twitter_card":"summary_large_image","twitter_misc":{"Ber\u00e4knad l\u00e4stid":"2 minuter"},"schema":{"@context":"https:\/\/schema.org","@graph":[{"@type":"WebPage","@id":"https:\/\/weekendsnacks.fi\/sv\/3in1-creamy-dill","url":"https:\/\/weekendsnacks.fi\/sv\/3in1-creamy-dill","name":"3in1 Creamy Dill - Weekend Snacks","isPartOf":{"@id":"https:\/\/weekendsnacks.fi\/#website"},"primaryImageOfPage":{"@id":"https:\/\/weekendsnacks.fi\/sv\/3in1-creamy-dill#primaryimage"},"image":{"@id":"https:\/\/weekendsnacks.fi\/sv\/3in1-creamy-dill#primaryimage"},"thumbnailUrl":"https:\/\/weekendsnacks.fi\/wp-content\/uploads\/2021\/04\/Weekend_Snacks_Mix_3in1_CreamyDill_varjostettu_700.png","datePublished":"2021-04-08T17:39:10+00:00","dateModified":"2021-04-15T10:39:09+00:00","description":"En f\u00f6rtjusande och unik blandning av h\u00e4rligt krispiga hummus, lins och quinoa chips. Creamy Dill inneh\u00e5ller tre helt olika chips.","breadcrumb":{"@id":"https:\/\/weekendsnacks.fi\/sv\/3in1-creamy-dill#breadcrumb"},"inLanguage":"sv-SE","potentialAction":[{"@type":"ReadAction","target":["https:\/\/weekendsnacks.fi\/sv\/3in1-creamy-dill"]}]},{"@type":"ImageObject","inLanguage":"sv-SE","@id":"https:\/\/weekendsnacks.fi\/sv\/3in1-creamy-dill#primaryimage","url":"https:\/\/weekendsnacks.fi\/wp-content\/uploads\/2021\/04\/Weekend_Snacks_Mix_3in1_CreamyDill_varjostettu_700.png","contentUrl":"https:\/\/weekendsnacks.fi\/wp-content\/uploads\/2021\/04\/Weekend_Snacks_Mix_3in1_CreamyDill_varjostettu_700.png","width":525,"height":700},{"@type":"BreadcrumbList","@id":"https:\/\/weekendsnacks.fi\/sv\/3in1-creamy-dill#breadcrumb","itemListElement":[{"@type":"ListItem","position":1,"name":"Home","item":"https:\/\/weekendsnacks.fi\/sv"},{"@type":"ListItem","position":2,"name":"3in1 Creamy Dill"}]},{"@type":"WebSite","@id":"https:\/\/weekendsnacks.fi\/#website","url":"https:\/\/weekendsnacks.fi\/","name":"Weekend Snacks","description":"Suomalaiset sipsit ja snacksit","publisher":{"@id":"https:\/\/weekendsnacks.fi\/#organization"},"potentialAction":[{"@type":"SearchAction","target":{"@type":"EntryPoint","urlTemplate":"https:\/\/weekendsnacks.fi\/?s={search_term_string}"},"query-input":{"@type":"PropertyValueSpecification","valueRequired":true,"valueName":"search_term_string"}}],"inLanguage":"sv-SE"},{"@type":"Organization","@id":"https:\/\/weekendsnacks.fi\/#organization","name":"Weekend Snacks","url":"https:\/\/weekendsnacks.fi\/","logo":{"@type":"ImageObject","inLanguage":"sv-SE","@id":"https:\/\/weekendsnacks.fi\/#\/schema\/logo\/image\/","url":"https:\/\/weekendsnacks.fi\/wp-content\/uploads\/2025\/02\/weekendsnacks-logo-black-800-new.png","contentUrl":"https:\/\/weekendsnacks.fi\/wp-content\/uploads\/2025\/02\/weekendsnacks-logo-black-800-new.png","width":800,"height":541,"caption":"Weekend Snacks"},"image":{"@id":"https:\/\/weekendsnacks.fi\/#\/schema\/logo\/image\/"},"sameAs":["https:\/\/www.facebook.com\/weekendsnacksfinland\/?fref=ts","https:\/\/www.instagram.com\/weekendsnacks20\/"]}]}},"_links":{"self":[{"href":"https:\/\/weekendsnacks.fi\/sv\/wp-json\/wp\/v2\/pages\/10100","targetHints":{"allow":["GET"]}}],"collection":[{"href":"https:\/\/weekendsnacks.fi\/sv\/wp-json\/wp\/v2\/pages"}],"about":[{"href":"https:\/\/weekendsnacks.fi\/sv\/wp-json\/wp\/v2\/types\/page"}],"author":[{"embeddable":true,"href":"https:\/\/weekendsnacks.fi\/sv\/wp-json\/wp\/v2\/users\/1"}],"replies":[{"embeddable":true,"href":"https:\/\/weekendsnacks.fi\/sv\/wp-json\/wp\/v2\/comments?post=10100"}],"version-history":[{"count":5,"href":"https:\/\/weekendsnacks.fi\/sv\/wp-json\/wp\/v2\/pages\/10100\/revisions"}],"predecessor-version":[{"id":10267,"href":"https:\/\/weekendsnacks.fi\/sv\/wp-json\/wp\/v2\/pages\/10100\/revisions\/10267"}],"wp:featuredmedia":[{"embeddable":true,"href":"https:\/\/weekendsnacks.fi\/sv\/wp-json\/wp\/v2\/media\/10080"}],"wp:attachment":[{"href":"https:\/\/weekendsnacks.fi\/sv\/wp-json\/wp\/v2\/media?parent=10100"}],"curies":[{"name":"wp","href":"https:\/\/api.w.org\/{rel}","templated":true}]}}